{"id":5610,"date":"2021-05-24T16:15:44","date_gmt":"2021-05-24T16:15:44","guid":{"rendered":"https:\/\/macro-frio.pt\/?page_id=5610"},"modified":"2021-05-24T16:16:20","modified_gmt":"2021-05-24T16:16:20","slug":"pastel-de-nata","status":"publish","type":"page","link":"https:\/\/macro-frio.pt\/fr\/pastel-de-nata\/","title":{"rendered":"Petit Flan Portugais"},"content":{"rendered":"<div class=\"vc_row wpb_row vc_row-fluid vc_custom_1596446499649\"><div class=\"our-services-tab side-tab mt-5 mt-lg-0 mt-xl-0 wpb_column vc_column_container vc_col-sm-12 vc_col-lg-12 vc_col-md-12\"><div class=\"vc_column-inner\"><div class=\"wpb_wrapper\"><div class=\"title-box  text-left\"><span class=\"title-design\">Macro-Frio<\/span><h2 class=\"title\">Petit Flan Portugais<\/h2><\/div>\n\t<div class=\"wpb_text_column wpb_content_element\" >\n\t\t<div class=\"wpb_wrapper\">\n\t\t\t<table>\n<tbody>\n<tr>\n<td>Pr\u00e9chauffer le four \u00e0 230 \u00b0 C;<br \/>\nRetirer de l'emballage et placer la feuille d'aluminium directement dans le four, sans d\u00e9geler pr\u00e9alable;<br \/>\nChauffer \u00e0 230 \u00b0 C pendant environ 5 minutes.<br \/>\nPr\u00eat \u00e0 servir.<\/p>\n<p><img loading=\"lazy\" decoding=\"async\" class=\"alignnone size-thumbnail wp-image-5011\" src=\"https:\/\/macro-frio.pt\/wp-content\/uploads\/2020\/11\/forno-150x150.png\" alt=\"\" width=\"25\" height=\"25\" srcset=\"https:\/\/macro-frio.pt\/wp-content\/uploads\/2020\/11\/forno-150x150.png 150w, https:\/\/macro-frio.pt\/wp-content\/uploads\/2020\/11\/forno-12x12.png 12w, https:\/\/macro-frio.pt\/wp-content\/uploads\/2020\/11\/forno-100x100.png 100w, https:\/\/macro-frio.pt\/wp-content\/uploads\/2020\/11\/forno.png 200w\" sizes=\"auto, (max-width: 25px) 100vw, 25px\" \/> Four | <img loading=\"lazy\" decoding=\"async\" class=\"alignnone size-thumbnail wp-image-5052\" src=\"https:\/\/macro-frio.pt\/wp-content\/uploads\/2020\/11\/tempo-150x150.png\" alt=\"\" width=\"25\" height=\"25\" srcset=\"https:\/\/macro-frio.pt\/wp-content\/uploads\/2020\/11\/tempo-150x150.png 150w, https:\/\/macro-frio.pt\/wp-content\/uploads\/2020\/11\/tempo-12x12.png 12w, https:\/\/macro-frio.pt\/wp-content\/uploads\/2020\/11\/tempo-100x100.png 100w, https:\/\/macro-frio.pt\/wp-content\/uploads\/2020\/11\/tempo.png 200w\" sizes=\"auto, (max-width: 25px) 100vw, 25px\" \/> 5 minutes<\/td>\n<td><img loading=\"lazy\" decoding=\"async\" class=\"alignnone size-thumbnail wp-image-5135\" src=\"https:\/\/macro-frio.pt\/wp-content\/uploads\/2021\/03\/natas.jpg\" alt=\"\" width=\"200\" height=\"200\" \/><\/td>\n<\/tr>\n<\/tbody>\n<\/table>\n\n\t\t<\/div>\n\t<\/div>\n<\/div><\/div><\/div><\/div>","protected":false},"excerpt":{"rendered":"Macro-FrioPastel de Nata Pr\u00e9-aquecer o forno a 230\u00baC; Retirar da embalagem e colocar a forma de alum\u00ednio diretamente no forno, sem descongela\u00e7\u00e3o pr\u00e9via; Aquecer a 230\u00baC durante aproximadamente 5 minutos. Pronto a servir. Forno | 5 minutos","protected":false},"author":1,"featured_media":0,"parent":0,"menu_order":0,"comment_status":"closed","ping_status":"closed","template":"full-page.php","meta":{"footnotes":""},"class_list":["post-5610","page","type-page","status-publish","hentry"],"_links":{"self":[{"href":"https:\/\/macro-frio.pt\/fr\/wp-json\/wp\/v2\/pages\/5610","targetHints":{"allow":["GET"]}}],"collection":[{"href":"https:\/\/macro-frio.pt\/fr\/wp-json\/wp\/v2\/pages"}],"about":[{"href":"https:\/\/macro-frio.pt\/fr\/wp-json\/wp\/v2\/types\/page"}],"author":[{"embeddable":true,"href":"https:\/\/macro-frio.pt\/fr\/wp-json\/wp\/v2\/users\/1"}],"replies":[{"embeddable":true,"href":"https:\/\/macro-frio.pt\/fr\/wp-json\/wp\/v2\/comments?post=5610"}],"version-history":[{"count":1,"href":"https:\/\/macro-frio.pt\/fr\/wp-json\/wp\/v2\/pages\/5610\/revisions"}],"predecessor-version":[{"id":5611,"href":"https:\/\/macro-frio.pt\/fr\/wp-json\/wp\/v2\/pages\/5610\/revisions\/5611"}],"wp:attachment":[{"href":"https:\/\/macro-frio.pt\/fr\/wp-json\/wp\/v2\/media?parent=5610"}],"curies":[{"name":"wp","href":"https:\/\/api.w.org\/{rel}","templated":true}]}}