{"id":4995,"date":"2021-01-18T22:57:19","date_gmt":"2021-01-18T22:57:19","guid":{"rendered":"https:\/\/macro-frio.pt\/?page_id=4995"},"modified":"2023-04-10T15:08:56","modified_gmt":"2023-04-10T15:08:56","slug":"catalogos","status":"publish","type":"page","link":"https:\/\/macro-frio.pt\/fr\/catalogos\/","title":{"rendered":"Catalogues"},"content":{"rendered":"<div class=\"vc_row wpb_row vc_row-fluid about-us-images vc_custom_1574052395545\"><div class=\"wpb_column vc_column_container vc_col-sm-12\"><div class=\"vc_column-inner\"><div class=\"wpb_wrapper\"><div class=\"title-box mb-3 text-left\"><span class=\"title-design\">Macro-Frio<\/span><h2 class=\"title\">Catalogues<\/h2><\/div>\n\t<div class=\"wpb_text_column wpb_content_element  mt-4\" >\n\t\t<div class=\"wpb_wrapper\">\n\t\t\t<p>Consultez nos catalogues ici et d\u00e9couvrez la vari\u00e9t\u00e9 des produits Macro-Frio.<\/p>\n\n\t\t<\/div>\n\t<\/div>\n<\/div><\/div><\/div><div class=\"wpb_column vc_column_container vc_col-sm-6 vc_col-lg-6 vc_col-md-6\"><div class=\"vc_column-inner\"><div class=\"wpb_wrapper\">\n\t<div class=\"wpb_raw_code wpb_content_element wpb_raw_html\" >\n\t\t<div class=\"wpb_wrapper\">\n\t\t\t            <div class=\"oxi-addons-container noLightbox oxi-image-hover-wrapper-1\" id=\"oxi-image-hover-wrapper-1\">\n                <div class=\"oxi-addons-row\">\n                                <div class=\"oxi-image-hover-style oxi-bt-col-lg-12 oxi-bt-col-md-12 oxi-bt-col-sm-12\"  sa-data-animation=\"bounce\" sa-data-animation-offset=\"100%\" sa-data-animation-delay=\"0ms\" sa-data-animation-duration=\"1000ms\">\n                <div class=\"oxi-image-hover-style-flipbox\">\n                                            <a  href=\"https:\/\/macro-frio.pt\/wp-content\/uploads\/2021\/03\/Cata\u0301logo-Carne-2021.pdf\" target=\"_blank\">\n                                                    <div class=\"oxi-image-hover oxi-image-flipbox-hover oxi-image-flipbox-hover-style-4 oxi-image-flipbox-hover-1-3\">\n                            <div class=\"oxi-image-hover-figure oxi-image-flip-left-to-right\">\n                                <div class=\"oxi-image-hover-figure-frontend\">\n                                    <div class=\"oxi-image-hover-figure-front-section  image-hover-align-center-center\">\n                                                                            <\/div>\n                                <\/div>\n                                <div class=\"oxi-image-hover-figure-backend\">\n                                    <div class=\"oxi-image-hover-figure-back-section image-hover-align-center-center\">\n                                                                                                                    <\/div>\n                                <\/div>\n                            <\/div>\n                        <\/div>\n                                                <\/a>\n\t\t\t\t\t\t\t                <\/div> \n                            <\/div>  \n                            <\/div>\n            <\/div>\n\t\t\t\n\t\t<\/div>\n\t<\/div>\n<div class=\"vc_btn3-container  wpb_animate_when_almost_visible wpb_bounceIn bounceIn vc_btn3-center\" ><a onmouseleave=\"this.style.borderColor='#19beec'; this.style.backgroundColor='transparent'; this.style.color='#19beec'\" onmouseenter=\"this.style.borderColor='#142c4b'; this.style.backgroundColor='#142c4b'; this.style.color='#ffffff';\" style=\"border-color:#19beec; color:#19beec;\" class=\"vc_general vc_btn3 vc_btn3-size-md vc_btn3-shape-rounded vc_btn3-style-outline-custom\" href=\"https:\/\/macro-frio.pt\/wp-content\/uploads\/2023\/04\/Catalogo-Carne-2023.pdf\" title=\"\" target=\"_blank\">Ver cat\u00e1logo da Carne<\/a><\/div><\/div><\/div><\/div><div class=\"wpb_column vc_column_container vc_col-sm-6 vc_col-lg-6 vc_col-md-6\"><div class=\"vc_column-inner\"><div class=\"wpb_wrapper\">\n\t<div class=\"wpb_raw_code wpb_content_element wpb_raw_html\" >\n\t\t<div class=\"wpb_wrapper\">\n\t\t\t            <div class=\"oxi-addons-container noLightbox oxi-image-hover-wrapper-3\" id=\"oxi-image-hover-wrapper-3\">\n                <div class=\"oxi-addons-row\">\n                                <div class=\"oxi-image-hover-style oxi-bt-col-lg-12 oxi-bt-col-md-12 oxi-bt-col-sm-12\"  sa-data-animation=\"bounce\" sa-data-animation-offset=\"100%\" sa-data-animation-delay=\"0ms\" sa-data-animation-duration=\"1000ms\">\n                <div class=\"oxi-image-hover-style-flipbox\">\n                                            <a  href=\"https:\/\/macro-frio.pt\/wp-content\/uploads\/2021\/03\/Cat\u00e1logo-Peixe-2021.pdf\" target=\"_blank\">\n                                                    <div class=\"oxi-image-hover oxi-image-flipbox-hover oxi-image-flipbox-hover-style-4 oxi-image-flipbox-hover-3-5\">\n                            <div class=\"oxi-image-hover-figure oxi-image-flip-left-to-right\">\n                                <div class=\"oxi-image-hover-figure-frontend\">\n                                    <div class=\"oxi-image-hover-figure-front-section  image-hover-align-center-center\">\n                                                                            <\/div>\n                                <\/div>\n                                <div class=\"oxi-image-hover-figure-backend\">\n                                    <div class=\"oxi-image-hover-figure-back-section image-hover-align-center-center\">\n                                                                                                                    <\/div>\n                                <\/div>\n                            <\/div>\n                        <\/div>\n                                                <\/a>\n\t\t\t\t\t\t\t                <\/div> \n                            <\/div>  \n                            <\/div>\n            <\/div>\n\t\t\t\n\t\t<\/div>\n\t<\/div>\n<div class=\"vc_btn3-container  wpb_animate_when_almost_visible wpb_bounceIn bounceIn vc_btn3-center\" ><a onmouseleave=\"this.style.borderColor='#19beec'; this.style.backgroundColor='transparent'; this.style.color='#19beec'\" onmouseenter=\"this.style.borderColor='#142c4b'; this.style.backgroundColor='#142c4b'; this.style.color='#ffffff';\" style=\"border-color:#19beec; color:#19beec;\" class=\"vc_general vc_btn3 vc_btn3-size-md vc_btn3-shape-rounded vc_btn3-style-outline-custom\" href=\"https:\/\/macro-frio.pt\/wp-content\/uploads\/2023\/04\/Catalogo-Peixe-2023.pdf\" title=\"\" target=\"_blank\">Ver cat\u00e1logo de Peixes<\/a><\/div><\/div><\/div><\/div><div class=\"wpb_column vc_column_container vc_col-sm-6 vc_col-lg-6 vc_col-md-6\"><div class=\"vc_column-inner\"><div class=\"wpb_wrapper\">\n\t<div class=\"wpb_raw_code wpb_content_element wpb_raw_html\" >\n\t\t<div class=\"wpb_wrapper\">\n\t\t\t            <div class=\"oxi-addons-container noLightbox oxi-image-hover-wrapper-4\" id=\"oxi-image-hover-wrapper-4\">\n                <div class=\"oxi-addons-row\">\n                                <div class=\"oxi-image-hover-style oxi-bt-col-lg-12 oxi-bt-col-md-12 oxi-bt-col-sm-12\"  sa-data-animation=\"bounce\" sa-data-animation-offset=\"100%\" sa-data-animation-delay=\"0ms\" sa-data-animation-duration=\"1000ms\">\n                <div class=\"oxi-image-hover-style-flipbox\">\n                                            <a  href=\"https:\/\/macro-frio.pt\/wp-content\/uploads\/2021\/03\/Cat\u00e1logo-Charcutaria-e-Latic\u00ednios-2021.pdf\" target=\"_blank\">\n                                                    <div class=\"oxi-image-hover oxi-image-flipbox-hover oxi-image-flipbox-hover-style-4 oxi-image-flipbox-hover-4-7\">\n                            <div class=\"oxi-image-hover-figure oxi-image-flip-left-to-right\">\n                                <div class=\"oxi-image-hover-figure-frontend\">\n                                    <div class=\"oxi-image-hover-figure-front-section  image-hover-align-center-center\">\n                                                                            <\/div>\n                                <\/div>\n                                <div class=\"oxi-image-hover-figure-backend\">\n                                    <div class=\"oxi-image-hover-figure-back-section image-hover-align-center-center\">\n                                                                                                                    <\/div>\n                                <\/div>\n                            <\/div>\n                        <\/div>\n                                                <\/a>\n\t\t\t\t\t\t\t                <\/div> \n                            <\/div>  \n                            <\/div>\n            <\/div>\n\t\t\t\n\t\t<\/div>\n\t<\/div>\n<div class=\"vc_btn3-container  wpb_animate_when_almost_visible wpb_bounceIn bounceIn vc_btn3-center\" ><a onmouseleave=\"this.style.borderColor='#19beec'; this.style.backgroundColor='transparent'; this.style.color='#19beec'\" onmouseenter=\"this.style.borderColor='#142c4b'; this.style.backgroundColor='#142c4b'; this.style.color='#ffffff';\" style=\"border-color:#19beec; color:#19beec;\" class=\"vc_general vc_btn3 vc_btn3-size-md vc_btn3-shape-rounded vc_btn3-style-outline-custom\" href=\"https:\/\/macro-frio.pt\/wp-content\/uploads\/2023\/04\/Catalogo-Charcutaria-e-Lacticinios.pdf\" title=\"\" target=\"_blank\">Ver cat\u00e1logo de Charcutaria e Latic\u00ednios<\/a><\/div><\/div><\/div><\/div><div class=\"wpb_column vc_column_container vc_col-sm-6 vc_col-lg-6 vc_col-md-6\"><div class=\"vc_column-inner\"><div class=\"wpb_wrapper\">\n\t<div class=\"wpb_raw_code wpb_content_element wpb_raw_html\" >\n\t\t<div class=\"wpb_wrapper\">\n\t\t\t            <div class=\"oxi-addons-container noLightbox oxi-image-hover-wrapper-6\" id=\"oxi-image-hover-wrapper-6\">\n                <div class=\"oxi-addons-row\">\n                                <div class=\"oxi-image-hover-style oxi-bt-col-lg-12 oxi-bt-col-md-12 oxi-bt-col-sm-12\"  sa-data-animation=\"bounce\" sa-data-animation-offset=\"100%\" sa-data-animation-delay=\"0ms\" sa-data-animation-duration=\"1000ms\">\n                <div class=\"oxi-image-hover-style-flipbox\">\n                                            <a  href=\"https:\/\/macro-frio.pt\/wp-content\/uploads\/2021\/03\/Cat\u00e1logo-Pr\u00e9-Cozinhados-e-Salgados-2021.pdf\" target=\"_blank\">\n                                                    <div class=\"oxi-image-hover oxi-image-flipbox-hover oxi-image-flipbox-hover-style-4 oxi-image-flipbox-hover-6-9\">\n                            <div class=\"oxi-image-hover-figure oxi-image-flip-left-to-right\">\n                                <div class=\"oxi-image-hover-figure-frontend\">\n                                    <div class=\"oxi-image-hover-figure-front-section  image-hover-align-center-center\">\n                                                                            <\/div>\n                                <\/div>\n                                <div class=\"oxi-image-hover-figure-backend\">\n                                    <div class=\"oxi-image-hover-figure-back-section image-hover-align-center-center\">\n                                                                                                                    <\/div>\n                                <\/div>\n                            <\/div>\n                        <\/div>\n                                                <\/a>\n\t\t\t\t\t\t\t                <\/div> \n                            <\/div>  \n                            <\/div>\n            <\/div>\n\t\t\t\n\t\t<\/div>\n\t<\/div>\n<div class=\"vc_btn3-container  wpb_animate_when_almost_visible wpb_bounceIn bounceIn vc_btn3-center\" ><a onmouseleave=\"this.style.borderColor='#19beec'; this.style.backgroundColor='transparent'; this.style.color='#19beec'\" onmouseenter=\"this.style.borderColor='#142c4b'; this.style.backgroundColor='#142c4b'; this.style.color='#ffffff';\" style=\"border-color:#19beec; color:#19beec;\" class=\"vc_general vc_btn3 vc_btn3-size-md vc_btn3-shape-rounded vc_btn3-style-outline-custom\" href=\"https:\/\/macro-frio.pt\/wp-content\/uploads\/2023\/04\/Catalogo.Pre-Cozinhados-e-Salgados-2023.pdf\" title=\"\" target=\"_blank\">Ver cat\u00e1logo de Pr\u00e9-cozinhados e Salgados<\/a><\/div><\/div><\/div><\/div><div class=\"wpb_column vc_column_container vc_col-sm-3\"><div class=\"vc_column-inner\"><div class=\"wpb_wrapper\"><\/div><\/div><\/div><div class=\"wpb_column vc_column_container vc_col-sm-6 vc_col-lg-6 vc_col-md-6\"><div class=\"vc_column-inner\"><div class=\"wpb_wrapper\">\n\t<div class=\"wpb_raw_code wpb_content_element wpb_raw_html\" >\n\t\t<div class=\"wpb_wrapper\">\n\t\t\t            <div class=\"oxi-addons-container noLightbox oxi-image-hover-wrapper-5\" id=\"oxi-image-hover-wrapper-5\">\n                <div class=\"oxi-addons-row\">\n                                <div class=\"oxi-image-hover-style oxi-bt-col-lg-12 oxi-bt-col-md-12 oxi-bt-col-sm-12\"  sa-data-animation=\"bounce\" sa-data-animation-offset=\"100%\" sa-data-animation-delay=\"0ms\" sa-data-animation-duration=\"1000ms\">\n                <div class=\"oxi-image-hover-style-flipbox\">\n                                            <a  href=\"https:\/\/macro-frio.pt\/wp-content\/uploads\/2021\/03\/Cat\u00e1logo-Diversos-2021.pdf\" target=\"_blank\">\n                                                    <div class=\"oxi-image-hover oxi-image-flipbox-hover oxi-image-flipbox-hover-style-4 oxi-image-flipbox-hover-5-8\">\n                            <div class=\"oxi-image-hover-figure oxi-image-flip-left-to-right\">\n                                <div class=\"oxi-image-hover-figure-frontend\">\n                                    <div class=\"oxi-image-hover-figure-front-section  image-hover-align-center-center\">\n                                                                            <\/div>\n                                <\/div>\n                                <div class=\"oxi-image-hover-figure-backend\">\n                                    <div class=\"oxi-image-hover-figure-back-section image-hover-align-center-center\">\n                                                                                                                    <\/div>\n                                <\/div>\n                            <\/div>\n                        <\/div>\n                                                <\/a>\n\t\t\t\t\t\t\t                <\/div> \n                            <\/div>  \n                            <\/div>\n            <\/div>\n\t\t\t\n\t\t<\/div>\n\t<\/div>\n<div class=\"vc_btn3-container  wpb_animate_when_almost_visible wpb_bounceIn bounceIn vc_btn3-center\" ><a onmouseleave=\"this.style.borderColor='#19beec'; this.style.backgroundColor='transparent'; this.style.color='#19beec'\" onmouseenter=\"this.style.borderColor='#142c4b'; this.style.backgroundColor='#142c4b'; this.style.color='#ffffff';\" style=\"border-color:#19beec; color:#19beec;\" class=\"vc_general vc_btn3 vc_btn3-size-md vc_btn3-shape-rounded vc_btn3-style-outline-custom\" href=\"https:\/\/macro-frio.pt\/wp-content\/uploads\/2023\/04\/Catalogo-Diversos-2023.pdf\" title=\"\" target=\"_blank\">Ver cat\u00e1logo de Diversos<\/a><\/div><\/div><\/div><\/div><div class=\"wpb_column vc_column_container vc_col-sm-3\"><div class=\"vc_column-inner\"><div class=\"wpb_wrapper\"><\/div><\/div><\/div><\/div>","protected":false},"excerpt":{"rendered":"Macro-FrioCat\u00e1logos Consulte aqui os nossos cat\u00e1logos e descubra a variedade de produtos da Macro-Frio. Ver cat\u00e1logo da Carne Ver cat\u00e1logo de Peixes Ver cat\u00e1logo de Charcutaria e Latic\u00ednios Ver cat\u00e1logo de Pr\u00e9-cozinhados e Salgados Ver cat\u00e1logo de Diversos","protected":false},"author":1,"featured_media":0,"parent":0,"menu_order":0,"comment_status":"closed","ping_status":"closed","template":"","meta":{"footnotes":""},"class_list":["post-4995","page","type-page","status-publish","hentry"],"_links":{"self":[{"href":"https:\/\/macro-frio.pt\/fr\/wp-json\/wp\/v2\/pages\/4995","targetHints":{"allow":["GET"]}}],"collection":[{"href":"https:\/\/macro-frio.pt\/fr\/wp-json\/wp\/v2\/pages"}],"about":[{"href":"https:\/\/macro-frio.pt\/fr\/wp-json\/wp\/v2\/types\/page"}],"author":[{"embeddable":true,"href":"https:\/\/macro-frio.pt\/fr\/wp-json\/wp\/v2\/users\/1"}],"replies":[{"embeddable":true,"href":"https:\/\/macro-frio.pt\/fr\/wp-json\/wp\/v2\/comments?post=4995"}],"version-history":[{"count":33,"href":"https:\/\/macro-frio.pt\/fr\/wp-json\/wp\/v2\/pages\/4995\/revisions"}],"predecessor-version":[{"id":6069,"href":"https:\/\/macro-frio.pt\/fr\/wp-json\/wp\/v2\/pages\/4995\/revisions\/6069"}],"wp:attachment":[{"href":"https:\/\/macro-frio.pt\/fr\/wp-json\/wp\/v2\/media?parent=4995"}],"curies":[{"name":"wp","href":"https:\/\/api.w.org\/{rel}","templated":true}]}}