{"id":4445,"date":"2020-10-06T11:05:51","date_gmt":"2020-10-06T11:05:51","guid":{"rendered":"https:\/\/macro-frio.pt\/?page_id=4445"},"modified":"2021-11-26T11:56:37","modified_gmt":"2021-11-26T11:56:37","slug":"sobre-nos","status":"publish","type":"page","link":"https:\/\/macro-frio.pt\/fr\/sobre-nos\/","title":{"rendered":"\u00c0 propos de nous"},"content":{"rendered":"<div class=\"vc_row wpb_row vc_row-fluid about-us-images vc_custom_1574052395545\"><div class=\"wpb_column vc_column_container vc_col-sm-12 vc_col-lg-6 vc_col-md-6\"><div class=\"vc_column-inner\"><div class=\"wpb_wrapper\"><div class=\"title-box mb-3 text-left\"><span class=\"title-design\">Macro-Frio<\/span><h2 class=\"title\">\u00c0 propos de nous<\/h2><\/div>\n\t<div class=\"wpb_text_column wpb_content_element  mt-4\" >\n\t\t<div class=\"wpb_wrapper\">\n\t\t\t<p align=\"justify\">Macro-Frio SA fond\u00e9e en 1992, situ\u00e9 \u00e0 Tarouca - Portugal, \u00e0 comme principale activit\u00e9 l\u2019importation, suivie par la production, l'exportation et la distribution des produits alimentaires. Engag\u00e9 pour une \u00e9volution constante, nous avons fait des investissements \u00e9lev\u00e9s dans la modernisation de la soci\u00e9t\u00e9, en lui fournissant le meilleur \u00e9quipement et technologies de production et de logistique. Cela nous permet de nous affirm\u00e9 comme une entreprise de r\u00e9f\u00e9rence dans le secteur alimentaire op\u00e9rant sur le march\u00e9 portugais.<\/p>\n<p align=\"justify\">Macro-Frio SA a gagn\u00e9 sa place dans le march\u00e9 national et international avec grande effort et volont\u00e9 de gagner, la soci\u00e9t\u00e9 est actuellement pr\u00e9sente dans presque tous les segments de client\u00e8le au Portugal et est \u00e9galement pr\u00e9sente dans la plupart des march\u00e9s \u00e9trangers.<\/p>\n\n\t\t<\/div>\n\t<\/div>\n<\/div><\/div><\/div><div class=\"text-lg-right text-center mt-5 mt-lg-0 mt-xl-0 wpb_column vc_column_container vc_col-sm-12 vc_col-lg-6 vc_col-md-6\"><div class=\"vc_column-inner\"><div class=\"wpb_wrapper\"><div class=\"vc_empty_space\"   style=\"height: 110px\"><span class=\"vc_empty_space_inner\"><\/span><\/div>\n\t<div  class=\"wpb_single_image wpb_content_element vc_align_center\">\n\t\t\n\t\t<figure class=\"wpb_wrapper vc_figure\">\n\t\t\t<div class=\"vc_single_image-wrapper   vc_box_border_grey\"><img loading=\"lazy\" decoding=\"async\" class=\"vc_single_image-img\" src=\"https:\/\/macro-frio.pt\/wp-content\/uploads\/2021\/03\/Sobre_nos45sd.png\" width=\"800\" height=\"322\" alt=\"Sobre_nos45sd\" title=\"Sobre_nos45sd\" \/><\/div>\n\t\t<\/figure>\n\t<\/div>\n<\/div><\/div><\/div><div class=\"wpb_column vc_column_container vc_col-sm-12\"><div class=\"vc_column-inner\"><div class=\"wpb_wrapper\">\n\t<div class=\"wpb_text_column wpb_content_element  mt-4\" >\n\t\t<div class=\"wpb_wrapper\">\n\t\t\t<p align=\"justify\">La politique d'investissement de la soci\u00e9t\u00e9 est orient\u00e9e vers l'am\u00e9lioration et le suivi en continu des besoins du march\u00e9 et de ses clientes. Dans ce but en 2011 Macro-Frio SA a commenc\u00e9 son activit\u00e9 dans la transformation des produits alimentaires. En 2016, Macro-Frio SA a progress\u00e9 dans ses travaux sur la gamme de production de produits pr\u00e9cuits, a \u00e9galement r\u00e9alis\u00e9 un investissement substantiel dans l'augmentation de l'unit\u00e9 de transformation du poisson et dans le d\u00e9veloppement de nouveaux produits.<\/p>\n<p align=\"justify\">A Macro-Frio S.A. tamb\u00e9m tem investido continuamente em recursos humanos capazes, no refor\u00e7o dos sistemas de qualidade e seguran\u00e7a alimentar, de forma a cumprir devidamente com a legisla\u00e7\u00e3o em vigor, garantindo qualidade e seguran\u00e7a alimentar nos produtos dispon\u00edveis.<\/p>\n\n\t\t<\/div>\n\t<\/div>\n<\/div><\/div><\/div><div class=\"wpb_column vc_column_container vc_col-sm-12\"><div class=\"vc_column-inner\"><div class=\"wpb_wrapper\">\n\t<div class=\"wpb_text_column wpb_content_element  mt-4\" >\n\t\t<div class=\"wpb_wrapper\">\n\t\t\t<h4 class=\"p1\"><b>Mission <\/b><\/h4>\n<ul class=\"ul1\">\n<li class=\"li2\">Assurer la satisfaction totale du client, en tenant compte de l'am\u00e9lioration continue de tous les processus.<\/li>\n<li class=\"li2\">R\u00e9pondre aux exigences des clients, afin de fournir des produits alimentaires en toute s\u00e9curit\u00e9 et en conformit\u00e9 avec les exigences exig\u00e9es par les clients.<\/li>\n<li class=\"li1\">Assurer que les produits alimentaires manipul\u00e9s, stock\u00e9s et transform\u00e9s sont conformes aux exigences d'hygi\u00e8ne et de s\u00e9curit\u00e9 alimentaire pour le consommateur final.<\/li>\n<\/ul>\n<h4 class=\"p1\"><b>Vue <\/b><\/h4>\n<ul class=\"ul1\">\n<li class=\"li4\">Am\u00e9liorez en permanence tous les processus de l'entreprise.<\/li>\n<li class=\"li4\">\u00c9tendre et am\u00e9liorer les installations pour r\u00e9pondre plus rapidement et plus efficacement aux exigences propos\u00e9es par nos clients et \u00e0 la production de nouveaux produits.<\/li>\n<li class=\"li1\">Effectuer une s\u00e9lection plus rigoureuse des fournisseurs, afin de garantir la qualit\u00e9 maximale des produits alimentaires re\u00e7us.<\/li>\n<\/ul>\n\n\t\t<\/div>\n\t<\/div>\n<\/div><\/div><\/div><\/div>","protected":false},"excerpt":{"rendered":"Macro-FrioSobre N\u00f3s Fundada em 1992, com sede em Tarouca \u2013 Portugal, a Macro-Frio, S.A. dedica-se \u00e0 produ\u00e7\u00e3o, comercializa\u00e7\u00e3o e distribui\u00e7\u00e3o de Produtos Alimentares. Com o foco numa evolu\u00e7\u00e3o constante, t\u00eam sido efetuados investimentos na moderniza\u00e7\u00e3o da empresa, dotando-a com a melhor tecnologia, equipamentos de produ\u00e7\u00e3o e de log\u00edstica. Desta forma, tornou-se uma empresa refer\u00eancia do [...]","protected":false},"author":1,"featured_media":0,"parent":0,"menu_order":0,"comment_status":"closed","ping_status":"closed","template":"full-page.php","meta":{"footnotes":""},"class_list":["post-4445","page","type-page","status-publish","hentry"],"_links":{"self":[{"href":"https:\/\/macro-frio.pt\/fr\/wp-json\/wp\/v2\/pages\/4445","targetHints":{"allow":["GET"]}}],"collection":[{"href":"https:\/\/macro-frio.pt\/fr\/wp-json\/wp\/v2\/pages"}],"about":[{"href":"https:\/\/macro-frio.pt\/fr\/wp-json\/wp\/v2\/types\/page"}],"author":[{"embeddable":true,"href":"https:\/\/macro-frio.pt\/fr\/wp-json\/wp\/v2\/users\/1"}],"replies":[{"embeddable":true,"href":"https:\/\/macro-frio.pt\/fr\/wp-json\/wp\/v2\/comments?post=4445"}],"version-history":[{"count":41,"href":"https:\/\/macro-frio.pt\/fr\/wp-json\/wp\/v2\/pages\/4445\/revisions"}],"predecessor-version":[{"id":5939,"href":"https:\/\/macro-frio.pt\/fr\/wp-json\/wp\/v2\/pages\/4445\/revisions\/5939"}],"wp:attachment":[{"href":"https:\/\/macro-frio.pt\/fr\/wp-json\/wp\/v2\/media?parent=4445"}],"curies":[{"name":"wp","href":"https:\/\/api.w.org\/{rel}","templated":true}]}}