{"id":4436,"date":"2020-08-27T18:56:39","date_gmt":"2020-08-27T18:56:39","guid":{"rendered":"https:\/\/macro-frio.pt\/?page_id=4436"},"modified":"2025-10-08T14:42:09","modified_gmt":"2025-10-08T14:42:09","slug":"candidatura","status":"publish","type":"page","link":"https:\/\/macro-frio.pt\/fr\/candidatura\/","title":{"rendered":"Candidatura"},"content":{"rendered":"<div class=\"vc_row wpb_row vc_row-fluid vc_custom_1567587290004\"><div class=\"wpb_column vc_column_container vc_col-sm-6\"><div class=\"vc_column-inner\"><div class=\"wpb_wrapper\">\n\t<div class=\"wpb_raw_code wpb_content_element wpb_raw_html\" >\n\t\t<div class=\"wpb_wrapper\">\n\t\t\t\n<div class=\"wpcf7 no-js\" id=\"wpcf7-f6131-o1\" lang=\"pt-PT\" dir=\"ltr\" data-wpcf7-id=\"6131\">\n<div class=\"screen-reader-response\"><p role=\"status\" aria-live=\"polite\" aria-atomic=\"true\"><\/p> <ul><\/ul><\/div>\n<form action=\"\/fr\/wp-json\/wp\/v2\/pages\/4436#wpcf7-f6131-o1\" method=\"post\" class=\"wpcf7-form init\" aria-label=\"Formul\u00e1rio de contacto\" enctype=\"multipart\/form-data\" novalidate=\"novalidate\" data-status=\"init\" data-trp-original-action=\"\/fr\/wp-json\/wp\/v2\/pages\/4436#wpcf7-f6131-o1\">\n<fieldset class=\"hidden-fields-container\"><input type=\"hidden\" name=\"_wpcf7\" value=\"6131\" \/><input type=\"hidden\" name=\"_wpcf7_version\" value=\"6.1.2\" \/><input type=\"hidden\" name=\"_wpcf7_locale\" value=\"pt_PT\" \/><input type=\"hidden\" name=\"_wpcf7_unit_tag\" value=\"wpcf7-f6131-o1\" \/><input type=\"hidden\" name=\"_wpcf7_container_post\" value=\"0\" \/><input type=\"hidden\" name=\"_wpcf7_posted_data_hash\" value=\"\" \/>\n<\/fieldset>\n<div class=\"contact-form consultab-contact\">\n\t<div class=\"title-box text-center\">\n\t\t<p><span class=\"title-design\">Macro-Frio<\/span>\n\t\t<\/p>\n\t\t<h3>Formulaire de candidature\n\t\t<\/h3>\n\t<\/div>\n\t<div class=\"cfield\">\n\t\t<p><span class=\"wpcf7-form-control-wrap\" data-name=\"your-name\"><input size=\"40\" maxlength=\"400\" class=\"wpcf7-form-control wpcf7-text wpcf7-validates-as-required\" aria-required=\"true\" aria-invalid=\"false\" placeholder=\"Nom*\" value=\"\" type=\"text\" name=\"your-name\" \/><\/span>\n\t\t<\/p>\n\t<\/div>\n\t<div class=\"cfield\">\n\t\t<p><span class=\"wpcf7-form-control-wrap\" data-name=\"tel-830\"><input size=\"40\" maxlength=\"400\" class=\"wpcf7-form-control wpcf7-tel wpcf7-validates-as-required wpcf7-text wpcf7-validates-as-tel\" aria-required=\"true\" aria-invalid=\"false\" placeholder=\"Contacter*\" value=\"\" type=\"tel\" name=\"tel-830\" \/><\/span>\n\t\t<\/p>\n\t<\/div>\n\t<div class=\"cfield\">\n\t\t<p><span class=\"wpcf7-form-control-wrap\" data-name=\"your-email\"><input size=\"40\" maxlength=\"400\" class=\"wpcf7-form-control wpcf7-email wpcf7-validates-as-required wpcf7-text wpcf7-validates-as-email\" aria-required=\"true\" aria-invalid=\"false\" placeholder=\"E-mail*\" value=\"\" type=\"email\" name=\"your-email\" \/><\/span>\n\t\t<\/p>\n\t<\/div>\n\t<p><label><br \/>\nPoste vacant pour lequel vous postulez*<br \/>\n<span class=\"wpcf7-form-control-wrap\" data-name=\"menu-12\"><select class=\"wpcf7-form-control wpcf7-select wpcf7-validates-as-required\" aria-required=\"true\" aria-invalid=\"false\" name=\"menu-12\"><option value=\"CANDIDATURA ESPONT\u00c2NEA\">CANDIDATURE SPONTAN\u00c9E<\/option><option value=\"CHEF PARA CONSULTORIA NA \u00c1REA DA COZINHA (PARTE-TIME)\">CHEF PARA CONSULTORIA NA \u00c1REA DA COZINHA (PARTE-TIME)<\/option><option value=\"TRABALHADOR DE F\u00c1BRICO\">TRABALHADOR DE F\u00c1BRICO<\/option><option value=\"COMERCIAL COM CONHECIMENTOS\/EXPERI\u00caNCIA DE VENDA E PROMO\u00c7\u00c3O DE PRODUTOS ALIMENTARES CONGELADOS, POR GROSSO E GRANDES SUPERF\u00cdCIES\/DISTRIBUI\u00c7\u00c3O\">COMERCIAL COM CONHECIMENTOS\/EXPERI\u00caNCIA DE VENDA E PROMO\u00c7\u00c3O DE PRODUTOS ALIMENTARES CONGELADOS, POR GROSSO E GRANDES SUPERF\u00cdCIES\/DISTRIBUI\u00c7\u00c3O<\/option><option value=\"COMERCIAL PARA \u00c1REA DE EXPORTA\u00c7\u00c3O (CONHECIMENTOS NO MERCADO DE PRODUTOS ALIMENTARES, PREFERENCIALMENTE COM CARTEIRA DE CLIENTES)\">COMERCIAL PARA \u00c1REA DE EXPORTA\u00c7\u00c3O (CONHECIMENTOS NO MERCADO DE PRODUTOS ALIMENTARES, PREFERENCIALMENTE COM CARTEIRA DE CLIENTES)<\/option><option value=\"EST\u00c1GIO PROFISSIONAL ENGENHARIA INDUSTRIAL \/ PRODU\u00c7\u00c3O\">ENGENIERIE INDUSTRIELLE \/ PRODUCTION - STAGE PROFESSIONNELLE<\/option><option value=\"MOTORISTA DE PESADOS\">MOTORISTA DE PESADOS<\/option><option value=\"ENGENHEIRO(A) CIVIL\">ENGENHEIRO(A) CIVIL<\/option><\/select><\/span><br \/>\n<\/label>\n\t<\/p>\n\t<div class=\"cfield\">\n\t\t<p><span class=\"wpcf7-form-control-wrap\" data-name=\"your-message\"><textarea cols=\"40\" rows=\"10\" maxlength=\"2000\" class=\"wpcf7-form-control wpcf7-textarea wpcf7-validates-as-required\" aria-required=\"true\" aria-invalid=\"false\" placeholder=\"A sua mensagem*\" name=\"your-message\"><\/textarea><\/span>\n\t\t<\/p>\n\t<\/div>\n\t<p><label><br \/>\nT\u00e9l\u00e9chargement de CV *<br \/>\n<span class=\"wpcf7-form-control-wrap\" data-name=\"file-694\"><input size=\"40\" class=\"wpcf7-form-control wpcf7-file wpcf7-validates-as-required\" accept=\".pdf,.doc,.docx\" aria-required=\"true\" aria-invalid=\"false\" type=\"file\" name=\"file-694\" \/><\/span><br \/>\n<\/label>\n\t<\/p>\n\t<div class=\"form-rgpd\">\n\t\t<p><label> J'ai lu et accepte le <a href=\"https:\/\/macro-frio.pt\/fr\/avisos-legais\/\" target=\"_blank\" rel=\"noopener\"><u>Termes et Conditions.<\/u> <span class=\"wpcf7-form-control-wrap\" data-name=\"acceptance-435\"><span class=\"wpcf7-form-control wpcf7-acceptance\"><span class=\"wpcf7-list-item\"><input type=\"checkbox\" name=\"acceptance-435\" value=\"1\" aria-invalid=\"false\" \/><\/span><\/span><\/span><\/a> <\/label>\n\t\t<\/p>\n\t<\/div>\n<div class=\"wpcf7-response-output\" aria-hidden=\"true\"><\/div>\n\t<p><input class=\"wpcf7-form-control wpcf7-submit has-spinner button d-block w-100\" type=\"submit\" value=\"Soumettre\" \/>\n\t<\/p>\n<\/div>\n<input type=\"hidden\" name=\"trp-form-language\" value=\"fr\"\/><\/form>\n<\/div>\n\n\t\t<\/div>\n\t<\/div>\n<\/div><\/div><\/div><div class=\"wpb_column vc_column_container vc_col-sm-6\"><div class=\"vc_column-inner\"><div class=\"wpb_wrapper\">\n\t<div  class=\"wpb_single_image wpb_content_element vc_align_center\">\n\t\t\n\t\t<figure class=\"wpb_wrapper vc_figure\">\n\t\t\t<div class=\"vc_single_image-wrapper   vc_box_border_grey\"><img loading=\"lazy\" decoding=\"async\" width=\"811\" height=\"900\" src=\"https:\/\/macro-frio.pt\/wp-content\/uploads\/2020\/10\/form_candidatura.jpg\" class=\"vc_single_image-img attachment-full\" alt=\"\" srcset=\"https:\/\/macro-frio.pt\/wp-content\/uploads\/2020\/10\/form_candidatura.jpg 811w, https:\/\/macro-frio.pt\/wp-content\/uploads\/2020\/10\/form_candidatura-270x300.jpg 270w, https:\/\/macro-frio.pt\/wp-content\/uploads\/2020\/10\/form_candidatura-768x852.jpg 768w\" sizes=\"auto, 100vw\" \/><\/div>\n\t\t<\/figure>\n\t<\/div>\n<\/div><\/div><\/div><\/div>","protected":false},"excerpt":{"rendered":"Macro-Frio Formul\u00e1rio de Candidatura Vaga a que se candidata* CANDIDATURA ESPONT\u00c2NEACHEF PARA CONSULTORIA NA \u00c1REA DA COZINHA (PARTE-TIME)TRABALHADOR DE F\u00c1BRICOCOMERCIAL COM CONHECIMENTOS\/EXPERI\u00caNCIA DE VENDA E PROMO\u00c7\u00c3O DE PRODUTOS ALIMENTARES CONGELADOS, POR GROSSO E GRANDES SUPERF\u00cdCIES\/DISTRIBUI\u00c7\u00c3OCOMERCIAL PARA \u00c1REA DE EXPORTA\u00c7\u00c3O (CONHECIMENTOS NO MERCADO DE PRODUTOS ALIMENTARES, PREFERENCIALMENTE COM CARTEIRA DE CLIENTES)EST\u00c1GIO PROFISSIONAL ENGENHARIA INDUSTRIAL \/ PRODU\u00c7\u00c3OMOTORISTA [...]","protected":false},"author":1,"featured_media":0,"parent":0,"menu_order":0,"comment_status":"closed","ping_status":"closed","template":"full-page.php","meta":{"footnotes":""},"class_list":["post-4436","page","type-page","status-publish","hentry"],"_links":{"self":[{"href":"https:\/\/macro-frio.pt\/fr\/wp-json\/wp\/v2\/pages\/4436","targetHints":{"allow":["GET"]}}],"collection":[{"href":"https:\/\/macro-frio.pt\/fr\/wp-json\/wp\/v2\/pages"}],"about":[{"href":"https:\/\/macro-frio.pt\/fr\/wp-json\/wp\/v2\/types\/page"}],"author":[{"embeddable":true,"href":"https:\/\/macro-frio.pt\/fr\/wp-json\/wp\/v2\/users\/1"}],"replies":[{"embeddable":true,"href":"https:\/\/macro-frio.pt\/fr\/wp-json\/wp\/v2\/comments?post=4436"}],"version-history":[{"count":6,"href":"https:\/\/macro-frio.pt\/fr\/wp-json\/wp\/v2\/pages\/4436\/revisions"}],"predecessor-version":[{"id":6132,"href":"https:\/\/macro-frio.pt\/fr\/wp-json\/wp\/v2\/pages\/4436\/revisions\/6132"}],"wp:attachment":[{"href":"https:\/\/macro-frio.pt\/fr\/wp-json\/wp\/v2\/media?parent=4436"}],"curies":[{"name":"wp","href":"https:\/\/api.w.org\/{rel}","templated":true}]}}