{"id":4252,"date":"2020-08-03T14:40:41","date_gmt":"2020-08-03T14:40:41","guid":{"rendered":"https:\/\/macro-frio.pt\/?page_id=4252"},"modified":"2025-11-06T15:00:42","modified_gmt":"2025-11-06T15:00:42","slug":"localizacao-e-informacao","status":"publish","type":"page","link":"https:\/\/macro-frio.pt\/fr\/localizacao-e-informacao\/","title":{"rendered":"Localisation et informations"},"content":{"rendered":"<div data-vc-full-width=\"true\" data-vc-full-width-init=\"false\" data-vc-stretch-content=\"true\" class=\"vc_row wpb_row vc_row-fluid contact-tab vc_custom_1574227821119 vc_row-no-padding\"><div class=\"our-services-tab map-contact wpb_column vc_column_container vc_col-sm-12\"><div class=\"vc_column-inner\"><div class=\"wpb_wrapper\"><div class=\"vc_tta-container\" data-vc-action=\"collapse\"><div class=\"vc_general vc_tta vc_tta-tabs vc_tta-color-grey vc_tta-style-classic vc_tta-shape-rounded vc_tta-spacing-1 vc_tta-tabs-position-top vc_tta-controls-align-left\"><div class=\"vc_tta-tabs-container\"><ul class=\"vc_tta-tabs-list\"><li class=\"vc_tta-tab vc_active\" data-vc-tab><a href=\"#\" data-vc-tabs data-vc-container=\".vc_tta\"><span class=\"vc_tta-title-text\"><\/span><\/a><\/li><\/ul><\/div><div class=\"vc_tta-panels-container\"><div class=\"vc_tta-panels\"><div class=\"vc_tta-panel vc_active\" id=\"\" data-vc-content=\".vc_tta-panel-body\"><div class=\"vc_tta-panel-heading\"><h4 class=\"vc_tta-panel-title\"><a href=\"#\" data-vc-accordion data-vc-container=\".vc_tta-container\"><span class=\"vc_tta-title-text\"><\/span><\/a><\/h4><\/div><div class=\"vc_tta-panel-body\"><div class=\"vc_row wpb_row vc_inner vc_row-fluid\"><div class=\"wpb_column vc_column_container vc_col-sm-12\"><div class=\"vc_column-inner\"><div class=\"wpb_wrapper\"><div class=\"wpb_gmaps_widget wpb_content_element no-margin\"><div class=\"wpb_wrapper\"><div class=\"wpb_map_wraper\"><iframe loading=\"lazy\" src=\"https:\/\/www.google.com\/maps\/embed?pb=!1m18!1m12!1m3!1d3009.9860689296675!2d-7.7565474839045265!3d41.02556072630899!2m3!1f0!2f0!3f0!3m2!1i1024!2i768!4f13.1!3m3!1m2!1s0xd3b556361da7981%3A0xa7691cbd892b58c9!2sMacro-Frio!5e0!3m2!1spt-PT!2spt!4v1596467594755!5m2!1spt-PT!2spt\" width=\"600\" height=\"450\" frameborder=\"0\" style=\"border:0;\" allowfullscreen=\"\" aria-hidden=\"false\" tabindex=\"0\"><\/iframe><\/div><\/div><\/div><\/div><\/div><\/div><\/div><div class=\"vc_row wpb_row vc_inner vc_row-fluid vc_row-o-equal-height vc_row-o-content-middle vc_row-flex\"><div class=\"wpb_column vc_column_container vc_col-sm-6 vc_col-lg-offset-2 vc_col-lg-4 vc_col-md-6\"><div class=\"vc_column-inner\"><div class=\"wpb_wrapper\">\n<div class=\"wpcf7 no-js\" id=\"wpcf7-f6-o1\" lang=\"pt-PT\" dir=\"ltr\" data-wpcf7-id=\"6\">\n<div class=\"screen-reader-response\"><p role=\"status\" aria-live=\"polite\" aria-atomic=\"true\"><\/p> <ul><\/ul><\/div>\n<form action=\"\/fr\/wp-json\/wp\/v2\/pages\/4252#wpcf7-f6-o1\" method=\"post\" class=\"wpcf7-form init\" aria-label=\"Formul\u00e1rio de contacto\" novalidate=\"novalidate\" data-status=\"init\" data-trp-original-action=\"\/fr\/wp-json\/wp\/v2\/pages\/4252#wpcf7-f6-o1\">\n<fieldset class=\"hidden-fields-container\"><input type=\"hidden\" name=\"_wpcf7\" value=\"6\" \/><input type=\"hidden\" name=\"_wpcf7_version\" value=\"6.1.2\" \/><input type=\"hidden\" name=\"_wpcf7_locale\" value=\"pt_PT\" \/><input type=\"hidden\" name=\"_wpcf7_unit_tag\" value=\"wpcf7-f6-o1\" \/><input type=\"hidden\" name=\"_wpcf7_container_post\" value=\"0\" \/><input type=\"hidden\" name=\"_wpcf7_posted_data_hash\" value=\"\" \/>\n<\/fieldset>\n<div class=\"contact-form consultab-contact\">\n\t<div class=\"title-box  text-center\">\n\t\t<p><span class=\"title-design\">Macro-Frio<\/span>\n\t\t<\/p>\n\t\t<h2>Formulaire de contact\n\t\t<\/h2>\n\t<\/div>\n\t<div class=\"cfield\">\n\t\t<p><span class=\"wpcf7-form-control-wrap\" data-name=\"your-name\"><input size=\"40\" maxlength=\"400\" class=\"wpcf7-form-control wpcf7-text wpcf7-validates-as-required\" aria-required=\"true\" aria-invalid=\"false\" placeholder=\"Nome\/Empresa\" value=\"\" type=\"text\" name=\"your-name\" \/><\/span>\n\t\t<\/p>\n\t<\/div>\n\t<div class=\"cfield\">\n\t\t<p><span class=\"wpcf7-form-control-wrap\" data-name=\"your-country\"><input size=\"40\" maxlength=\"400\" class=\"wpcf7-form-control wpcf7-text wpcf7-validates-as-required\" aria-required=\"true\" aria-invalid=\"false\" placeholder=\"Morada\/Pa\u00eds\" value=\"\" type=\"text\" name=\"your-country\" \/><\/span>\n\t\t<\/p>\n\t<\/div>\n\t<div class=\"cfield\">\n\t\t<p><span class=\"wpcf7-form-control-wrap\" data-name=\"your-name\"><input size=\"40\" maxlength=\"400\" class=\"wpcf7-form-control wpcf7-text wpcf7-validates-as-required\" aria-required=\"true\" aria-invalid=\"false\" placeholder=\"Pessoa de Contacto\" value=\"\" type=\"text\" name=\"your-name\" \/><\/span>\n\t\t<\/p>\n\t<\/div>\n\t<div class=\"cfield\">\n\t\t<p><span class=\"wpcf7-form-control-wrap\" data-name=\"tel-583\"><input size=\"40\" maxlength=\"400\" class=\"wpcf7-form-control wpcf7-tel wpcf7-validates-as-required wpcf7-text wpcf7-validates-as-tel\" aria-required=\"true\" aria-invalid=\"false\" placeholder=\"Telefone\/Telem\u00f3vel\" value=\"\" type=\"tel\" name=\"tel-583\" \/><\/span>\n\t\t<\/p>\n\t<\/div>\n\t<div class=\"cfield\">\n\t\t<p><span class=\"wpcf7-form-control-wrap\" data-name=\"your-email\"><input size=\"40\" maxlength=\"400\" class=\"wpcf7-form-control wpcf7-email wpcf7-validates-as-required wpcf7-text wpcf7-validates-as-email\" aria-required=\"true\" aria-invalid=\"false\" placeholder=\"E-mail\" value=\"\" type=\"email\" name=\"your-email\" \/><\/span>\n\t\t<\/p>\n\t<\/div>\n\t<div class=\"cfield\">\n\t\t<p><span class=\"wpcf7-form-control-wrap\" data-name=\"your-subject\"><input size=\"40\" maxlength=\"400\" class=\"wpcf7-form-control wpcf7-text wpcf7-validates-as-required\" aria-required=\"true\" aria-invalid=\"false\" placeholder=\"NIF\/VAT Number\" value=\"\" type=\"text\" name=\"your-subject\" \/><\/span>\n\t\t<\/p>\n\t<\/div>\n\t<div class=\"cfield\">\n\t\t<p><span class=\"wpcf7-form-control-wrap\" data-name=\"your-message\"><textarea cols=\"40\" rows=\"10\" maxlength=\"2000\" class=\"wpcf7-form-control wpcf7-textarea wpcf7-validates-as-required\" aria-required=\"true\" aria-invalid=\"false\" placeholder=\"Votre message\" name=\"your-message\"><\/textarea><\/span>\n\t\t<\/p>\n\t<\/div>\n\t<p><label> J'ai lu et accepte le <a href=\"https:\/\/macro-frio.pt\/fr\/avisos-legais\/\" target=\"_blank\" style=\"color:rgb(255,0,0);\"><u>Termes et Conditions.<\/u> <span class=\"wpcf7-form-control-wrap\" data-name=\"acceptance-435\"><span class=\"wpcf7-form-control wpcf7-acceptance\"><span class=\"wpcf7-list-item\"><input type=\"checkbox\" name=\"acceptance-435\" value=\"1\" aria-invalid=\"false\" \/><\/span><\/span><\/span><\/a><br \/>\n<\/label>\n\t<\/p>\n\t<div>\n\t\t<div id=\"cf7sr-69e3a361e55b3\" class=\"cf7sr-g-recaptcha\" data-theme=\"light\" data-type=\"image\" data-size=\"normal\" data-sitekey=\"6LfnXrsZAAAAALNCjvsWX9IvbaF1VG4kL21Jvt20\"><\/div><span class=\"wpcf7-form-control-wrap cf7sr-recaptcha\" data-name=\"cf7sr-recaptcha\"><input type=\"hidden\" name=\"cf7sr-recaptcha\" value=\"\" class=\"wpcf7-form-control\"><\/span>\n\t\t<\/p>\n\t<\/div>\n\t<p><button id=\"submit-four\" name=\"submit\" type=\"submit\" value=\"Send\" class=\"button d-block w-100\">Soumettre<\/button>\n\t<\/p>\n<\/div><div class=\"wpcf7-response-output\" aria-hidden=\"true\"><\/div>\n<input type=\"hidden\" name=\"trp-form-language\" value=\"fr\"\/><\/form>\n<\/div>\n<\/div><\/div><\/div><div class=\"contact-details-three wpb_column vc_column_container vc_col-sm-6 vc_col-lg-5 vc_col-md-6\"><div class=\"vc_column-inner vc_custom_1568007912163\"><div class=\"wpb_wrapper\"><div class=\"title-box  text-left\"><span class=\"title-design\">Macro-Frio<\/span><h3 class=\"title\">Contacts<\/h3><\/div>\n\t<div class=\"wpb_text_column wpb_content_element\" >\n\t\t<div class=\"wpb_wrapper\">\n\t\t\t<ul class=\"list-inline contact-details-box\">\n<li class=\"d-block\"><i class=\"fa fa-map-marker mr-3\"><\/i>Ponte Nova &#8211; Mondim da Beira &#8211; Tarouca<br \/>\n3610-054 MONDIM DA BEIRA<\/li>\n<li class=\"d-block\"><i class=\"fa fa-phone mr-3 fa-flip-horizontal\"><\/i><a href=\"tel:254671000\">+351 254 671 000 (chamada para a rede fixa nacional)<\/a><br \/>\n<a href=\"tel:917772460\">+351 917 772 460 (chamada para a rede m\u00f3vel nacional)<\/a><\/li>\n<li class=\"d-block\"><i class=\"fa fa-envelope mr-3\"><\/i><a href=\"mailto:macro.frio@macro-frio.pt\">macro.frio@macro-frio.pt<\/a><\/li>\n<\/ul>\n\n\t\t<\/div>\n\t<\/div>\n<div class=\"title-box  text-left\"><span class=\"title-design sub-title\"><\/span><h2 class=\"title\">Horaire d\u2019ouverture<\/h2><\/div>\n\t<div class=\"wpb_text_column wpb_content_element\" >\n\t\t<div class=\"wpb_wrapper\">\n\t\t\t<ul class=\"list-inline contact-details-box\">\n<li class=\"d-block\"><i class=\"fa fa-clock-o\"><\/i> Horaire de travail:\n<p class=\"p1\">9h00 - 21h00 | lundi \u00e0 vendredi<br \/>\n9h00 - 18h00 | samedi<\/p>\n<\/li>\n<li class=\"d-block\"><i class=\"fa fa-clock-o\"><\/i> Horaire chargement et de d\u00e9chargement:\n<p class=\"p1\">6:00 \u2013 17:00 | lundi \u00e0 vendredi<\/p>\n<\/li>\n<\/ul>\n\n\t\t<\/div>\n\t<\/div>\n<\/div><\/div><\/div><\/div><\/div><\/div><\/div><\/div><\/div><\/div><\/div><\/div><\/div><\/div><div class=\"vc_row-full-width vc_clearfix\"><\/div>","protected":false},"excerpt":{"rendered":"Macro-Frio Formul\u00e1rio de Contacto Li e Aceito os Termos e Condi\u00e7\u00f5es. Enviar Macro-FrioContactos Ponte Nova - Mondim da Beira - Tarouca 3610-054 MONDIM DA BEIRA +351 254 671 000 (chamada para a rede fixa nacional) +351 917 772 460 (chamada para a rede m\u00f3vel nacional) macro.frio@macro-frio.pt Hor\u00e1rio de Funcionamento Hor\u00e1rio Comercial: 9:00 - 21:00 | [...]","protected":false},"author":1,"featured_media":0,"parent":0,"menu_order":0,"comment_status":"closed","ping_status":"closed","template":"full-page.php","meta":{"footnotes":""},"class_list":["post-4252","page","type-page","status-publish","hentry"],"_links":{"self":[{"href":"https:\/\/macro-frio.pt\/fr\/wp-json\/wp\/v2\/pages\/4252","targetHints":{"allow":["GET"]}}],"collection":[{"href":"https:\/\/macro-frio.pt\/fr\/wp-json\/wp\/v2\/pages"}],"about":[{"href":"https:\/\/macro-frio.pt\/fr\/wp-json\/wp\/v2\/types\/page"}],"author":[{"embeddable":true,"href":"https:\/\/macro-frio.pt\/fr\/wp-json\/wp\/v2\/users\/1"}],"replies":[{"embeddable":true,"href":"https:\/\/macro-frio.pt\/fr\/wp-json\/wp\/v2\/comments?post=4252"}],"version-history":[{"count":67,"href":"https:\/\/macro-frio.pt\/fr\/wp-json\/wp\/v2\/pages\/4252\/revisions"}],"predecessor-version":[{"id":6081,"href":"https:\/\/macro-frio.pt\/fr\/wp-json\/wp\/v2\/pages\/4252\/revisions\/6081"}],"wp:attachment":[{"href":"https:\/\/macro-frio.pt\/fr\/wp-json\/wp\/v2\/media?parent=4252"}],"curies":[{"name":"wp","href":"https:\/\/api.w.org\/{rel}","templated":true}]}}