{"id":4239,"date":"2020-08-03T13:53:47","date_gmt":"2020-08-03T13:53:47","guid":{"rendered":"https:\/\/macro-frio.pt\/?page_id=4239"},"modified":"2021-02-08T11:19:52","modified_gmt":"2021-02-08T11:19:52","slug":"haccp","status":"publish","type":"page","link":"https:\/\/macro-frio.pt\/fr\/haccp\/","title":{"rendered":"HACCP"},"content":{"rendered":"<div class=\"vc_row wpb_row vc_row-fluid vc_custom_1564573773033\"><div class=\"wpb_column vc_column_container vc_col-sm-6\"><div class=\"vc_column-inner vc_custom_1605012486716\"><div class=\"wpb_wrapper\"><div class=\"title-box mb-3 text-left\"><span class=\"title-design\">Macro-Frio<\/span><h2 class=\"title\">HACCP<\/h2><\/div><h3 style=\"text-align: left\" class=\"vc_custom_heading mb-2\" >HACCP<\/h3>\n\t<div class=\"wpb_text_column wpb_content_element  no-margin\" >\n\t\t<div class=\"wpb_wrapper\">\n\t\t\t<p align=\"justify\">L'analyse des risques et ma\u00eetrise des points critiques - HACCP (de la langue anglaise - Hazard Analysis Critical Control Points) - est un syst\u00e8me pr\u00e9ventif qui vise la production d'aliments salubres. Ce principe est pris en charge dans l'application des principes scientifiques et techniques dans la production et la manipulation des aliments, de la production jusque \u00e0 la table du consommateur.<\/p>\n<p align=\"justify\">La mise en \u0153uvre du syst\u00e8me HACCP facilite la conformit\u00e9 avec les exigences juridiques du r\u00e8glement 852\/2004 et permet une utilisation plus efficace des ressources dans la r\u00e9ponse imm\u00e9diate aux questions li\u00e9es \u00e0 la s\u00e9curit\u00e9 et la salubrit\u00e9 des aliments.<\/p>\n<p align=\"justify\">Les personnes impliqu\u00e9es dans le processus de production, la distribution et le consommateur doit avoir toutes les informations n\u00e9cessaires sur la nourriture et les proc\u00e9dures qui lui sont li\u00e9es, parce que de cette mani\u00e8re on  peut identifier o\u00f9 un hypoth\u00e9tique contamination a pu se produire, de sorte qu'il peut d\u00e9terminer la mani\u00e8re selon laquelle il serait possible d'\u00e9viter.<\/p>\n<p align=\"justify\">Toujours dans le but d\u2019atteindre la qualit\u00e9 maximale dans tous les produits qu'elle vend, Macro-Frio SA met chaque jour en pratique le HACCP, et a bien d\u00e9fini toutes les conditions pr\u00e9alables inh\u00e9rentes dans les principes et l'application des plans HACCP.<\/p>\n\n\t\t<\/div>\n\t<\/div>\n<\/div><\/div><\/div><div class=\"wpb_column vc_column_container vc_col-sm-6\"><div class=\"vc_column-inner vc_custom_1596462405055\"><div class=\"wpb_wrapper\"><div class=\"vc_empty_space\"   style=\"height: 60px\"><span class=\"vc_empty_space_inner\"><\/span><\/div>\n\t<div  class=\"wpb_single_image wpb_content_element vc_align_left   services-finance-img mt-5 mt-lg-0 mt-md-5\">\n\t\t\n\t\t<figure class=\"wpb_wrapper vc_figure\">\n\t\t\t<div class=\"vc_single_image-wrapper   vc_box_border_grey\"><img loading=\"lazy\" decoding=\"async\" width=\"1600\" height=\"1211\" src=\"https:\/\/macro-frio.pt\/wp-content\/uploads\/2021\/02\/haccp3.jpg\" class=\"vc_single_image-img attachment-full\" alt=\"\" srcset=\"https:\/\/macro-frio.pt\/wp-content\/uploads\/2021\/02\/haccp3.jpg 1600w, https:\/\/macro-frio.pt\/wp-content\/uploads\/2021\/02\/haccp3-300x227.jpg 300w, https:\/\/macro-frio.pt\/wp-content\/uploads\/2021\/02\/haccp3-1024x775.jpg 1024w, https:\/\/macro-frio.pt\/wp-content\/uploads\/2021\/02\/haccp3-768x581.jpg 768w, https:\/\/macro-frio.pt\/wp-content\/uploads\/2021\/02\/haccp3-1536x1163.jpg 1536w, https:\/\/macro-frio.pt\/wp-content\/uploads\/2021\/02\/haccp3-16x12.jpg 16w\" sizes=\"auto, 100vw\" \/><\/div>\n\t\t<\/figure>\n\t<\/div>\n<\/div><\/div><\/div><div class=\"wpb_column vc_column_container vc_col-sm-12\"><div class=\"vc_column-inner\"><div class=\"wpb_wrapper\">\n\t<div class=\"wpb_text_column wpb_content_element\" >\n\t\t<div class=\"wpb_wrapper\">\n\t\t\t<p><small><strong><span class=\"gctitulo\">Qu'est-ce que c\u2019est HACCP?<\/span><\/strong><\/small><br \/>\n<small>HACCP est un acronyme internationalement reconnu pour l'analyse des risques et le point de contr\u00f4le critique ou\u00a0<strong>Analyse des dangers et contr\u00f4le des points critiques<\/strong>.<br \/>\n<\/small><small>HA = analyse des dangers<\/small><br \/>\n<small>CCP = Points de Contr\u00f4le Critiques<\/small><br \/>\n<small>DANGER = Danger<\/small><br \/>\n<small>Le syst\u00e8me <strong>HACCP<\/strong> il repose sur l'application de principes techniques et scientifiques dans la production et la manutention des denr\u00e9es alimentaires \u00abde la prairie \u00e0 l'assiette\u00bb.<\/small><\/p>\n\n\t\t<\/div>\n\t<\/div>\n<\/div><\/div><\/div><\/div>","protected":false},"excerpt":{"rendered":"Macro-FrioHACCPHACCP O sistema de An\u00e1lise de Perigos e Pontos Cr\u00edticos de Controlo \u2013 HACCP (da L\u00edngua inglesa \u2013 Hazard Analysis Critical Control Points) \u2013 \u00e9 um sistema preventivo que busca a produ\u00e7\u00e3o de alimentos in\u00f3cuos. Este princ\u00edpio est\u00e1 sustentado na aplica\u00e7\u00e3o de princ\u00edpios t\u00e9cnicos e cient\u00edficos na produ\u00e7\u00e3o e manuseamento dos alimentos, desde a produ\u00e7\u00e3o [...]","protected":false},"author":1,"featured_media":0,"parent":0,"menu_order":0,"comment_status":"closed","ping_status":"closed","template":"full-page.php","meta":{"footnotes":""},"class_list":["post-4239","page","type-page","status-publish","hentry"],"_links":{"self":[{"href":"https:\/\/macro-frio.pt\/fr\/wp-json\/wp\/v2\/pages\/4239","targetHints":{"allow":["GET"]}}],"collection":[{"href":"https:\/\/macro-frio.pt\/fr\/wp-json\/wp\/v2\/pages"}],"about":[{"href":"https:\/\/macro-frio.pt\/fr\/wp-json\/wp\/v2\/types\/page"}],"author":[{"embeddable":true,"href":"https:\/\/macro-frio.pt\/fr\/wp-json\/wp\/v2\/users\/1"}],"replies":[{"embeddable":true,"href":"https:\/\/macro-frio.pt\/fr\/wp-json\/wp\/v2\/comments?post=4239"}],"version-history":[{"count":20,"href":"https:\/\/macro-frio.pt\/fr\/wp-json\/wp\/v2\/pages\/4239\/revisions"}],"predecessor-version":[{"id":5092,"href":"https:\/\/macro-frio.pt\/fr\/wp-json\/wp\/v2\/pages\/4239\/revisions\/5092"}],"wp:attachment":[{"href":"https:\/\/macro-frio.pt\/fr\/wp-json\/wp\/v2\/media?parent=4239"}],"curies":[{"name":"wp","href":"https:\/\/api.w.org\/{rel}","templated":true}]}}