{"id":4237,"date":"2020-08-03T13:53:24","date_gmt":"2020-08-03T13:53:24","guid":{"rendered":"https:\/\/macro-frio.pt\/?page_id=4237"},"modified":"2021-01-25T14:47:27","modified_gmt":"2021-01-25T14:47:27","slug":"rastreabilidade","status":"publish","type":"page","link":"https:\/\/macro-frio.pt\/fr\/rastreabilidade\/","title":{"rendered":"Tra\u00e7abilit\u00e9"},"content":{"rendered":"<div class=\"vc_row wpb_row vc_row-fluid about-us-images vc_custom_1574052395545\"><div class=\"wpb_column vc_column_container vc_col-sm-12 vc_col-lg-6 vc_col-md-6\"><div class=\"vc_column-inner\"><div class=\"wpb_wrapper\"><div class=\"title-box mb-3 text-left\"><span class=\"title-design\">Macro-Frio<\/span><h2 class=\"title\">Tra\u00e7abilit\u00e9<\/h2><\/div><h3 style=\"text-align: left\" class=\"vc_custom_heading mb-2\" >Tra\u00e7abilit\u00e9<\/h3>\n\t<div class=\"wpb_text_column wpb_content_element  mt-4\" >\n\t\t<div class=\"wpb_wrapper\">\n\t\t\t<p align=\"justify\">L'objectif de la tra\u00e7abilit\u00e9 est de garantir aux consommateurs que les produits fournis sont sains et salubres, en prenant en compte le contr\u00f4le qui est fait \u00e0 tous les stades de la production, le stockage, le transport \/ distribution et la commercialisation.<\/p>\n<p align=\"justify\">Macro-Frio SA dispose d'un syst\u00e8me de contr\u00f4le efficace qui permet une corr\u00e9lation parfaite entre le produit final et la mati\u00e8re premi\u00e8re dont il est issu, assurant ainsi la tra\u00e7abilit\u00e9 de tous les produits et le contr\u00f4le de la qualit\u00e9 et la s\u00e9curit\u00e9 alimentaire de tous nous produits.<\/p>\n<p class=\"p1\"><b>MATI\u00c8RES PREMI\u00c8RES, PRODUCTION ET TRANSFORMATION <\/b>Utilis\u00e9es selon les bonnes pratiques de fabrication, de 'hygi\u00e8ne,de la s\u00e9curit\u00e9 alimentaire et de contr\u00f4le de qualit\u00e9 \u00e0 chaque \u00e9tape du processus de production.<\/p>\n\n\t\t<\/div>\n\t<\/div>\n<\/div><\/div><\/div><div class=\"text-lg-right text-center mt-5 mt-lg-0 mt-xl-0 wpb_column vc_column_container vc_col-sm-12 vc_col-lg-6 vc_col-md-6\"><div class=\"vc_column-inner\"><div class=\"wpb_wrapper\"><div class=\"vc_empty_space\"   style=\"height: 60px\"><span class=\"vc_empty_space_inner\"><\/span><\/div>\n\t<div  class=\"wpb_single_image wpb_content_element vc_align_left   services-finance-img mt-5 mt-lg-0 mt-md-5\">\n\t\t\n\t\t<figure class=\"wpb_wrapper vc_figure\">\n\t\t\t<div class=\"vc_single_image-wrapper   vc_box_border_grey\"><img loading=\"lazy\" decoding=\"async\" width=\"2560\" height=\"1938\" src=\"https:\/\/macro-frio.pt\/wp-content\/uploads\/2021\/01\/Reastrabilidade-02-scaled.jpg\" class=\"vc_single_image-img attachment-full\" alt=\"\" srcset=\"https:\/\/macro-frio.pt\/wp-content\/uploads\/2021\/01\/Reastrabilidade-02-scaled.jpg 2560w, https:\/\/macro-frio.pt\/wp-content\/uploads\/2021\/01\/Reastrabilidade-02-300x227.jpg 300w, https:\/\/macro-frio.pt\/wp-content\/uploads\/2021\/01\/Reastrabilidade-02-1024x775.jpg 1024w, https:\/\/macro-frio.pt\/wp-content\/uploads\/2021\/01\/Reastrabilidade-02-768x581.jpg 768w, https:\/\/macro-frio.pt\/wp-content\/uploads\/2021\/01\/Reastrabilidade-02-1536x1163.jpg 1536w, https:\/\/macro-frio.pt\/wp-content\/uploads\/2021\/01\/Reastrabilidade-02-2048x1550.jpg 2048w, https:\/\/macro-frio.pt\/wp-content\/uploads\/2021\/01\/Reastrabilidade-02-16x12.jpg 16w\" sizes=\"auto, 100vw\" \/><\/div>\n\t\t<\/figure>\n\t<\/div>\n<\/div><\/div><\/div><div class=\"wpb_column vc_column_container vc_col-sm-12\"><div class=\"vc_column-inner\"><div class=\"wpb_wrapper\">\n\t<div class=\"wpb_text_column wpb_content_element  mt-4\" >\n\t\t<div class=\"wpb_wrapper\">\n\t\t\t<p align=\"justify\"><strong>LOGISTIQUE<\/strong>:<br \/>\nAssurer la conservation des produits et qu'ils atteignent le client dans les meilleures conditions de salubrit\u00e9 et de conservation. Macro-Frio est \u00e9quip\u00e9 de salles de stockage \u00e0 haute capacit\u00e9 et de technologie appropri\u00e9e pour un contr\u00f4le strict des temp\u00e9ratures de stockage. Les produits sont transport\u00e9s dans des v\u00e9hicules \u00e9quip\u00e9s de bo\u00eete isotherme et de syst\u00e8me de production de froid capable de transporter simultan\u00e9ment produits frais et congel\u00e9s avec un diviseur.<\/p>\n<p align=\"justify\">Un contr\u00f4le strict de la temp\u00e9rature et de l'hygi\u00e8ne des v\u00e9hicules est effectu\u00e9.<\/p>\n\n\t\t<\/div>\n\t<\/div>\n<\/div><\/div><\/div><\/div>","protected":false},"excerpt":{"rendered":"Macro-FrioRastreabilidadeRastreabilidade O objetivo da rastreabilidade, \u00e9 garantir ao consumidor que os produtos fornecidos s\u00e3o saud\u00e1veis e seguros, tendo em conta o controlo que \u00e9 feito em todas as fases de produ\u00e7\u00e3o, armazenamento, transporte\/distribui\u00e7\u00e3o e comercializa\u00e7\u00e3o. A Macro-Frio, S.A. disp\u00f5e de um sistema de controlo eficaz, que permite uma perfeita correla\u00e7\u00e3o entre o produto final e [...]","protected":false},"author":1,"featured_media":0,"parent":0,"menu_order":0,"comment_status":"closed","ping_status":"closed","template":"full-page.php","meta":{"footnotes":""},"class_list":["post-4237","page","type-page","status-publish","hentry"],"_links":{"self":[{"href":"https:\/\/macro-frio.pt\/fr\/wp-json\/wp\/v2\/pages\/4237","targetHints":{"allow":["GET"]}}],"collection":[{"href":"https:\/\/macro-frio.pt\/fr\/wp-json\/wp\/v2\/pages"}],"about":[{"href":"https:\/\/macro-frio.pt\/fr\/wp-json\/wp\/v2\/types\/page"}],"author":[{"embeddable":true,"href":"https:\/\/macro-frio.pt\/fr\/wp-json\/wp\/v2\/users\/1"}],"replies":[{"embeddable":true,"href":"https:\/\/macro-frio.pt\/fr\/wp-json\/wp\/v2\/comments?post=4237"}],"version-history":[{"count":48,"href":"https:\/\/macro-frio.pt\/fr\/wp-json\/wp\/v2\/pages\/4237\/revisions"}],"predecessor-version":[{"id":4757,"href":"https:\/\/macro-frio.pt\/fr\/wp-json\/wp\/v2\/pages\/4237\/revisions\/4757"}],"wp:attachment":[{"href":"https:\/\/macro-frio.pt\/fr\/wp-json\/wp\/v2\/media?parent=4237"}],"curies":[{"name":"wp","href":"https:\/\/api.w.org\/{rel}","templated":true}]}}