{"id":4204,"date":"2020-08-03T12:02:14","date_gmt":"2020-08-03T12:02:14","guid":{"rendered":"https:\/\/macro-frio.pt\/?page_id=4204"},"modified":"2022-08-04T08:57:21","modified_gmt":"2022-08-04T08:57:21","slug":"pre-cozinhados","status":"publish","type":"page","link":"https:\/\/macro-frio.pt\/fr\/pre-cozinhados\/","title":{"rendered":"Pr\u00e9cuits"},"content":{"rendered":"<div class=\"vc_row wpb_row vc_row-fluid vc_custom_1596446499649\"><div class=\"images-effect wpb_column vc_column_container vc_col-sm-12 vc_col-lg-6 vc_col-md-5\"><div class=\"vc_column-inner\"><div class=\"wpb_wrapper\">\n\t<div  class=\"wpb_single_image wpb_content_element vc_align_left   mb-0\">\n\t\t\n\t\t<figure class=\"wpb_wrapper vc_figure\">\n\t\t\t<div class=\"vc_single_image-wrapper   vc_box_border_grey\"><img loading=\"lazy\" decoding=\"async\" class=\"vc_single_image-img\" src=\"https:\/\/macro-frio.pt\/wp-content\/uploads\/2021\/03\/precozinhados2-800x450.jpg\" width=\"800\" height=\"450\" alt=\"precozinhados2\" title=\"precozinhados2\" \/><\/div>\n\t\t<\/figure>\n\t<\/div>\n<\/div><\/div><\/div><div class=\"our-services-tab side-tab mt-5 mt-lg-0 mt-xl-0 wpb_column vc_column_container vc_col-sm-12 vc_col-lg-6 vc_col-md-7\"><div class=\"vc_column-inner\"><div class=\"wpb_wrapper\"><div class=\"title-box  text-left\"><span class=\"title-design\">Macro-Frio<\/span><h2 class=\"title\">Pr\u00e9cuits<\/h2><\/div>\n\t<div class=\"wpb_text_column wpb_content_element\" >\n\t\t<div class=\"wpb_wrapper\">\n\t\t\t<p align=\"justify\">Chez MACRO-FRIO, il y a un ensemble de principes qui constituent la base de notre position et de notre performance.<\/p>\n<p align=\"justify\">La prise en compte constante de tous les facteurs qui d\u00e9terminent la qualit\u00e9 des produits commercialis\u00e9s. Une large gamme de produits pr\u00e9cuits qui compl\u00e8tent une offre diversifi\u00e9e, caract\u00e9ris\u00e9e par la haute qualit\u00e9 et l'uniformit\u00e9 de son positionnement.<\/p>\n<p align=\"justify\">Nous avons une large gamme de produits, r\u00e9ussissant toujours \u00e0 plaire \u00e0 tous ceux qui viennent \u00e0 nous. En pensant \u00e0 vous, nous avons s\u00e9lectionn\u00e9 quelques-uns des nombreux produits que vous pouvez trouver dans notre marque.<\/p>\n\n\t\t<\/div>\n\t<\/div>\n<\/div><\/div><\/div><\/div><div class=\"vc_row wpb_row vc_row-fluid\"><div class=\"wpb_column vc_column_container vc_col-sm-6 vc_col-lg-4 vc_col-md-4\"><div class=\"vc_column-inner\"><div class=\"wpb_wrapper\"><div class=\"title-box  text-left\"><span class=\"title-design sub-title\"><\/span><h5 class=\"title\">REPAS PR\u00caTS<\/h5><\/div>\r\n\t<div class=\"text-left\">\r\n\t\t<ul class=\"iq-list\">\r\n\t        <li>\r\n\t            <i class=\"fa fa-check-square-o\"><\/i>\r\n\t\t            <span style=\"color: #000000\">Morue \u00e0 l\u00e0 cr\u00e8me<\/span>        \r\n\t        <\/li>\r\n\t        <li>\r\n\t            <i class=\"fa fa-check-square-o\"><\/i>\r\n\t\t            <span style=\"color: #000000\">Morue \u201c\u00e0 br\u00e1s\u201d<\/span>        \r\n\t        <\/li>\r\n\t        <li>\r\n\t            <i class=\"fa fa-check-square-o\"><\/i>\r\n\t\t            <span style=\"color: #000000\">Poulet barbecue avec sauce \u00e9pic\u00e9<\/span>        \r\n\t        <\/li>\r\n\t        <li>\r\n\t            <i class=\"fa fa-check-square-o\"><\/i>\r\n\t\t            <span style=\"color: #000000\">Poulet barbecue avec sauce de citron<\/span>        \r\n\t        <\/li>\r\n\t        <li>\r\n\t            <i class=\"fa fa-check-square-o\"><\/i>\r\n\t\t            <span style=\"color: #000000\">Porcelet roti en tranches congel\u00e9e<\/span>        \r\n\t        <\/li>\r\n\t        <li>\r\n\t            <i class=\"fa fa-check-square-o\"><\/i>\r\n\t\t            <span style=\"color: #000000\">Panse de bovin avec des haricots<\/span>        \r\n\t        <\/li>\r\n\t        <li>\r\n\t            <i class=\"fa fa-check-square-o\"><\/i>\r\n\t\t            <span style=\"color: #000000\">Haricots saut\u00e9es a la portugaise<\/span>        \r\n\t        <\/li>\r\n\t        <li>\r\n\t            <i class=\"fa fa-check-square-o\"><\/i>\r\n\t\t            <span style=\"color: #000000\">G\u00e9siers de poulet<\/span>        \r\n\t        <\/li>\r\n\t        <li>\r\n\t            <i class=\"fa fa-check-square-o\"><\/i>\r\n\t\t            <span style=\"color: #000000\">Riz de Canard<\/span>        \r\n\t        <\/li>\r\n\t        <li>\r\n\t            <i class=\"fa fa-check-square-o\"><\/i>\r\n\t\t            <span style=\"color: #000000\">\u201cFrancesinha\u201d croque-monsieur de porc en sauce\u201c<\/span>        \r\n\t        <\/li>\r\n\t        <li>\r\n\t            <i class=\"fa fa-check-square-o\"><\/i>\r\n\t\t            <span style=\"color: #000000\">Soupe traditionnel portugais aux choux<\/span>        \r\n\t        <\/li>\r\n\t        <li>\r\n\t            <i class=\"fa fa-check-square-o\"><\/i>\r\n\t\t            <span style=\"color: #000000\">Soupe Aux Legumes<\/span>        \r\n\t        <\/li>\r\n\t        <li>\r\n\t            <i class=\"fa fa-check-square-o\"><\/i>\r\n\t\t            <span style=\"color: #000000\">Bifanas \u00e0 portugaise <\/span>        \r\n\t        <\/li>\r\n\t        <li>\r\n\t            <i class=\"fa fa-check-square-o\"><\/i>\r\n\t\t            <span style=\"color: #000000\">F\u00e8ve \u00e0 la portugaise<\/span>        \r\n\t        <\/li>\r\n\t\t<\/ul>\r\n\t<\/div><\/div><\/div><\/div><div class=\"mt-4 mt-lg-0 mt-md-0 wpb_column vc_column_container vc_col-sm-6 vc_col-lg-4 vc_col-md-4\"><div class=\"vc_column-inner\"><div class=\"wpb_wrapper\"><div class=\"title-box  text-left\"><span class=\"title-design sub-title\"><\/span><h5 class=\"title\">SNACKS<\/h5><\/div>\r\n\t<div class=\"text-left\">\r\n\t\t<ul class=\"iq-list\">\r\n\t        <li>\r\n\t            <i class=\"fa fa-check-square-o\"><\/i>\r\n\t\t            <span style=\"color: #000000\">\u201cRissol\u201d de viand<\/span>        \r\n\t        <\/li>\r\n\t        <li>\r\n\t            <i class=\"fa fa-check-square-o\"><\/i>\r\n\t\t            <span style=\"color: #000000\">\u201cRissol\u201d de porcelet<\/span>        \r\n\t        <\/li>\r\n\t        <li>\r\n\t            <i class=\"fa fa-check-square-o\"><\/i>\r\n\t\t            <span style=\"color: #000000\">\u201cRissol\u201d de merlu<\/span>        \r\n\t        <\/li>\r\n\t        <li>\r\n\t            <i class=\"fa fa-check-square-o\"><\/i>\r\n\t\t            <span style=\"color: #000000\">\u201cRissol\u201d mixte<\/span>        \r\n\t        <\/li>\r\n\t        <li>\r\n\t            <i class=\"fa fa-check-square-o\"><\/i>\r\n\t\t            <span style=\"color: #000000\">\u201cRissol\u201d de pouple<\/span>        \r\n\t        <\/li>\r\n\t        <li>\r\n\t            <i class=\"fa fa-check-square-o\"><\/i>\r\n\t\t            <span style=\"color: #000000\">\u201cRissol\u201d crevette<\/span>        \r\n\t        <\/li>\r\n\t        <li>\r\n\t            <i class=\"fa fa-check-square-o\"><\/i>\r\n\t\t            <span style=\"color: #000000\">\u201cRissol\u201d thon<\/span>        \r\n\t        <\/li>\r\n\t        <li>\r\n\t            <i class=\"fa fa-check-square-o\"><\/i>\r\n\t\t            <span style=\"color: #000000\">Beignets de morue<\/span>        \r\n\t        <\/li>\r\n\t        <li>\r\n\t            <i class=\"fa fa-check-square-o\"><\/i>\r\n\t\t            <span style=\"color: #000000\">Cuisse de poulet<\/span>        \r\n\t        <\/li>\r\n\t        <li>\r\n\t            <i class=\"fa fa-check-square-o\"><\/i>\r\n\t\t            <span style=\"color: #000000\">\"Pataniscas\u201d de morue<\/span>        \r\n\t        <\/li>\r\n\t        <li>\r\n\t            <i class=\"fa fa-check-square-o\"><\/i>\r\n\t\t            <span style=\"color: #000000\">Mini croquettes de viande<\/span>        \r\n\t        <\/li>\r\n\t        <li>\r\n\t            <i class=\"fa fa-check-square-o\"><\/i>\r\n\t\t            <span style=\"color: #000000\">Petite tourte au poulet<\/span>        \r\n\t        <\/li>\r\n\t        <li>\r\n\t            <i class=\"fa fa-check-square-o\"><\/i>\r\n\t\t            <span style=\"color: #000000\">Sandwich Porcelet<\/span>        \r\n\t        <\/li>\r\n\t\t<\/ul>\r\n\t<\/div><\/div><\/div><\/div><div class=\"mt-4 mt-lg-0 wpb_column vc_column_container vc_col-sm-6 vc_col-lg-4 vc_col-md-4\"><div class=\"vc_column-inner\"><div class=\"wpb_wrapper\"><div class=\"title-box  text-left\"><span class=\"title-design sub-title\"><\/span><h5 class=\"title\">SURGEL\u00c9<\/h5><\/div>\r\n\t<div class=\"text-left\">\r\n\t\t<ul class=\"iq-list\">\r\n\t        <li>\r\n\t            <i class=\"fa fa-check-square-o\"><\/i>\r\n\t\t            <span style=\"color: #000000\">B\u00e2tonnets de merlu pan\u00e9s<\/span>        \r\n\t        <\/li>\r\n\t        <li>\r\n\t            <i class=\"fa fa-check-square-o\"><\/i>\r\n\t\t            <span style=\"color: #000000\">Surimi pattes de crabes pan\u00e9s<\/span>        \r\n\t        <\/li>\r\n\t        <li>\r\n\t            <i class=\"fa fa-check-square-o\"><\/i>\r\n\t\t            <span style=\"color: #000000\">Poulet au barbecue<\/span>        \r\n\t        <\/li>\r\n\t        <li>\r\n\t            <i class=\"fa fa-check-square-o\"><\/i>\r\n\t\t            <span style=\"color: #000000\">Porcelet r\u00f4ti<\/span>        \r\n\t        <\/li>\r\n\t\t<\/ul>\r\n\t<\/div><\/div><\/div><\/div><div class=\"wpb_column vc_column_container vc_col-sm-12\"><div class=\"vc_column-inner\"><div class=\"wpb_wrapper\"><div class=\"vc_separator wpb_content_element vc_separator_align_center vc_sep_width_100 vc_sep_pos_align_center vc_separator_no_text vc_sep_color_grey\" ><span class=\"vc_sep_holder vc_sep_holder_l\"><span  class=\"vc_sep_line\"><\/span><\/span><span class=\"vc_sep_holder vc_sep_holder_r\"><span  class=\"vc_sep_line\"><\/span><\/span>\n<\/div><\/div><\/div><\/div><div class=\"wpb_column vc_column_container vc_col-sm-6 vc_col-lg-4 vc_col-md-4\"><div class=\"vc_column-inner\"><div class=\"wpb_wrapper\"><div class=\"title-box  text-left\"><span class=\"title-design sub-title\"><\/span><h5 class=\"title\">PAN\u00c9<\/h5><\/div>\r\n\t<div class=\"text-left\">\r\n\t\t<ul class=\"iq-list\">\r\n\t        <li>\r\n\t            <i class=\"fa fa-check-square-o\"><\/i>\r\n\t\t            <span style=\"color: #000000\">Steak de porc pan\u00e9<\/span>        \r\n\t        <\/li>\r\n\t        <li>\r\n\t            <i class=\"fa fa-check-square-o\"><\/i>\r\n\t\t            <span style=\"color: #000000\">Steak de poulet pan\u00e9<\/span>        \r\n\t        <\/li>\r\n\t        <li>\r\n\t            <i class=\"fa fa-check-square-o\"><\/i>\r\n\t\t            <span style=\"color: #000000\">Steak de dinde pan\u00e9<\/span>        \r\n\t        <\/li>\r\n\t        <li>\r\n\t            <i class=\"fa fa-check-square-o\"><\/i>\r\n\t\t            <span style=\"color: #000000\">B\u00e2tonnets de merlu pan\u00e9s<\/span>        \r\n\t        <\/li>\r\n\t        <li>\r\n\t            <i class=\"fa fa-check-square-o\"><\/i>\r\n\t\t            <span style=\"color: #000000\">Surimi pattes de crabes pan\u00e9s<\/span>        \r\n\t        <\/li>\r\n\t        <li>\r\n\t            <i class=\"fa fa-check-square-o\"><\/i>\r\n\t\t            <span style=\"color: #000000\">Cordon Bleu<\/span>        \r\n\t        <\/li>\r\n\t        <li>\r\n\t            <i class=\"fa fa-check-square-o\"><\/i>\r\n\t\t            <span style=\"color: #000000\">Filet de merlu pan\u00e9s<\/span>        \r\n\t        <\/li>\r\n\t\t<\/ul>\r\n\t<\/div><\/div><\/div><\/div><div class=\"wpb_column vc_column_container vc_col-sm-6 vc_col-lg-4 vc_col-md-4\"><div class=\"vc_column-inner\"><div class=\"wpb_wrapper\"><div class=\"title-box  text-left\"><span class=\"title-design sub-title\"><\/span><h5 class=\"title\">CUIT<\/h5><\/div>\r\n\t<div class=\"text-left\">\r\n\t\t<ul class=\"iq-list\">\r\n\t        <li>\r\n\t            <i class=\"fa fa-check-square-o\"><\/i>\r\n\t\t            <span style=\"color: #000000\">Escargot<\/span>        \r\n\t        <\/li>\r\n\t        <li>\r\n\t            <i class=\"fa fa-check-square-o\"><\/i>\r\n\t\t            <span style=\"color: #000000\">Crevettes bouillies<\/span>        \r\n\t        <\/li>\r\n\t        <li>\r\n\t            <i class=\"fa fa-check-square-o\"><\/i>\r\n\t\t            <span style=\"color: #000000\">Tentacules de calmar cuits<\/span>        \r\n\t        <\/li>\r\n\t        <li>\r\n\t            <i class=\"fa fa-check-square-o\"><\/i>\r\n\t\t            <span style=\"color: #000000\">Tentacules de poulpe cuits<\/span>        \r\n\t        <\/li>\r\n\t        <li>\r\n\t            <i class=\"fa fa-check-square-o\"><\/i>\r\n\t\t            <span style=\"color: #000000\">Grand Escargot<\/span>        \r\n\t        <\/li>\r\n\t\t<\/ul>\r\n\t<\/div><\/div><\/div><\/div><div class=\"wpb_column vc_column_container vc_col-sm-12\"><div class=\"vc_column-inner\"><div class=\"wpb_wrapper\"><div class=\"vc_separator wpb_content_element vc_separator_align_center vc_sep_width_100 vc_sep_pos_align_center vc_separator_no_text vc_sep_color_white\" ><span class=\"vc_sep_holder vc_sep_holder_l\"><span  class=\"vc_sep_line\"><\/span><\/span><span class=\"vc_sep_holder vc_sep_holder_r\"><span  class=\"vc_sep_line\"><\/span><\/span>\n<\/div><\/div><\/div><\/div><div class=\"wpb_column vc_column_container vc_col-sm-12\"><div class=\"vc_column-inner\"><div class=\"wpb_wrapper\">\n\t<div class=\"wpb_text_column wpb_content_element\" >\n\t\t<div class=\"wpb_wrapper\">\n\t\t\t<p><a href=\"https:\/\/macro-frio.pt\/fr\/localizacao-e-informacao\/\" target=\"_blank\" rel=\"noopener noreferrer\">Pour en savoir plus sur tous nos produits, contactez-nous!<\/a><\/p>\n\n\t\t<\/div>\n\t<\/div>\n<\/div><\/div><\/div><\/div><div data-vc-full-width=\"true\" data-vc-full-width-init=\"false\" class=\"vc_row wpb_row vc_row-fluid effect-banner vc_custom_1571218039705 vc_row-has-fill\"><div class=\"wpb_column vc_column_container vc_col-sm-12\"><div class=\"vc_column-inner\"><div class=\"wpb_wrapper\"><div class=\"vc_row wpb_row vc_inner vc_row-fluid vc_row-o-equal-height vc_row-o-content-middle vc_row-flex\"><div class=\"wpb_column vc_column_container vc_col-sm-4 vc_col-lg-4 vc_col-md-4\"><div class=\"vc_column-inner\"><div class=\"wpb_wrapper\"><div class=\"title-box text-white  text-left\"><span class=\"title-design\">Macro-Frio<\/span><h2 class=\"title\">Catalogues<\/h2><\/div><\/div><\/div><\/div><div class=\"wpb_column vc_column_container vc_col-sm-12 vc_col-lg-5 vc_col-md-5\"><div class=\"vc_column-inner\"><div class=\"wpb_wrapper\">\n\t<div class=\"wpb_text_column wpb_content_element  mb-0 text-white\" >\n\t\t<div class=\"wpb_wrapper\">\n\t\t\t<p align=\" justify\">Consultez nos catalogues ici et d\u00e9couvrez la vari\u00e9t\u00e9 des produits Macro-Frio.<\/p>\n\n\t\t<\/div>\n\t<\/div>\n<\/div><\/div><\/div><div class=\"wpb_column vc_column_container vc_col-sm-2\"><div class=\"vc_column-inner\"><div class=\"wpb_wrapper\"><\/div><\/div><\/div><\/div><div class=\"vc_row wpb_row vc_inner vc_row-fluid flip-effect-owl vc_custom_1567657026307\"><div class=\"wpb_column vc_column_container vc_col-sm-2\"><div class=\"vc_column-inner\"><div class=\"wpb_wrapper\"><\/div><\/div><\/div><div class=\"wpb_column vc_column_container vc_col-sm-2\"><div class=\"vc_column-inner\"><div class=\"wpb_wrapper\"><\/div><\/div><\/div><div class=\"wpb_column vc_column_container vc_col-sm-2\"><div class=\"vc_column-inner\"><div class=\"wpb_wrapper\"><div class=\"vc_btn3-container  wpb_animate_when_almost_visible wpb_bounceIn bounceIn vc_btn3-center\" ><a onmouseleave=\"this.style.borderColor='#19beec'; this.style.backgroundColor='transparent'; this.style.color='#19beec'\" onmouseenter=\"this.style.borderColor='#ffffff'; this.style.backgroundColor='#ffffff'; this.style.color='#142c4b';\" style=\"border-color:#19beec; color:#19beec;\" class=\"vc_general vc_btn3 vc_btn3-size-md vc_btn3-shape-rounded vc_btn3-style-outline-custom\" href=\"https:\/\/macro-frio.pt\/wp-content\/uploads\/2022\/08\/Catalogo-Pre-Cozinhados-e-Salgados-2022.pdf\" title=\"\" target=\"_blank\">Voir le catalogue pr\u00e9cuits et sal\u00e9<\/a><\/div><\/div><\/div><\/div><div class=\"wpb_column vc_column_container vc_col-sm-2\"><div class=\"vc_column-inner\"><div class=\"wpb_wrapper\"><div class=\"vc_btn3-container  wpb_animate_when_almost_visible wpb_bounceIn bounceIn vc_btn3-center\" ><a onmouseleave=\"this.style.borderColor='#19beec'; this.style.backgroundColor='transparent'; this.style.color='#19beec'\" onmouseenter=\"this.style.borderColor='#ffffff'; this.style.backgroundColor='#ffffff'; this.style.color='#142c4b';\" style=\"border-color:#19beec; color:#19beec;\" class=\"vc_general vc_btn3 vc_btn3-size-md vc_btn3-shape-rounded vc_btn3-style-outline-custom\" href=\"https:\/\/macro-frio.pt\/fr\/catalogos\/\" title=\"\" target=\"_blank\">Voir tous les catalogues<\/a><\/div><\/div><\/div><\/div><div class=\"wpb_column vc_column_container vc_col-sm-2\"><div class=\"vc_column-inner\"><div class=\"wpb_wrapper\"><\/div><\/div><\/div><div class=\"wpb_column vc_column_container vc_col-sm-2\"><div class=\"vc_column-inner\"><div class=\"wpb_wrapper\"><\/div><\/div><\/div><\/div><\/div><\/div><\/div><\/div><div class=\"vc_row-full-width vc_clearfix\"><\/div>","protected":false},"excerpt":{"rendered":"Macro-FrioPr\u00e9-cozinhados Na Macro-Frio, S.A. h\u00e1 um conjunto de princ\u00edpios que constituem a base do posicionamento e desempenho. A considera\u00e7\u00e3o constante de todos os fatores que determinam a qualidade dos produtos que s\u00e3o comercializados. Uma vasta gama de produtos pr\u00e9-cozinhados que complementam uma oferta diversificada, caracterizada pela alta qualidade e uniformidade do seu posicionamento. Contemos uma [...]","protected":false},"author":1,"featured_media":0,"parent":0,"menu_order":0,"comment_status":"closed","ping_status":"closed","template":"full-page.php","meta":{"footnotes":""},"class_list":["post-4204","page","type-page","status-publish","hentry"],"_links":{"self":[{"href":"https:\/\/macro-frio.pt\/fr\/wp-json\/wp\/v2\/pages\/4204","targetHints":{"allow":["GET"]}}],"collection":[{"href":"https:\/\/macro-frio.pt\/fr\/wp-json\/wp\/v2\/pages"}],"about":[{"href":"https:\/\/macro-frio.pt\/fr\/wp-json\/wp\/v2\/types\/page"}],"author":[{"embeddable":true,"href":"https:\/\/macro-frio.pt\/fr\/wp-json\/wp\/v2\/users\/1"}],"replies":[{"embeddable":true,"href":"https:\/\/macro-frio.pt\/fr\/wp-json\/wp\/v2\/comments?post=4204"}],"version-history":[{"count":40,"href":"https:\/\/macro-frio.pt\/fr\/wp-json\/wp\/v2\/pages\/4204\/revisions"}],"predecessor-version":[{"id":6002,"href":"https:\/\/macro-frio.pt\/fr\/wp-json\/wp\/v2\/pages\/4204\/revisions\/6002"}],"wp:attachment":[{"href":"https:\/\/macro-frio.pt\/fr\/wp-json\/wp\/v2\/media?parent=4204"}],"curies":[{"name":"wp","href":"https:\/\/api.w.org\/{rel}","templated":true}]}}