{"id":4189,"date":"2020-08-03T11:28:27","date_gmt":"2020-08-03T11:28:27","guid":{"rendered":"https:\/\/macro-frio.pt\/?page_id=4189"},"modified":"2020-11-27T15:12:27","modified_gmt":"2020-11-27T15:12:27","slug":"charcutaria","status":"publish","type":"page","link":"https:\/\/macro-frio.pt\/fr\/charcutaria\/","title":{"rendered":"Charcutaria"},"content":{"rendered":"<div class=\"vc_row wpb_row vc_row-fluid vc_custom_1596446499649\"><div class=\"images-effect wpb_column vc_column_container vc_col-sm-12 vc_col-lg-6 vc_col-md-5\"><div class=\"vc_column-inner\"><div class=\"wpb_wrapper\">\n\t<div  class=\"wpb_single_image wpb_content_element vc_align_left   mb-0\">\n\t\t\n\t\t<figure class=\"wpb_wrapper vc_figure\">\n\t\t\t<div class=\"vc_single_image-wrapper   vc_box_border_grey\"><img loading=\"lazy\" decoding=\"async\" class=\"vc_single_image-img\" src=\"https:\/\/macro-frio.pt\/wp-content\/uploads\/2020\/10\/charcutaria.jpg\" width=\"800\" height=\"450\" alt=\"charcutaria\" title=\"charcutaria\" \/><\/div>\n\t\t<\/figure>\n\t<\/div>\n<\/div><\/div><\/div><div class=\"our-services-tab side-tab mt-5 mt-lg-0 mt-xl-0 wpb_column vc_column_container vc_col-sm-12 vc_col-lg-6 vc_col-md-7\"><div class=\"vc_column-inner\"><div class=\"wpb_wrapper\"><div class=\"title-box  text-left\"><span class=\"title-design\">Macro-Frio<\/span><h2 class=\"title\">Charcutaria<\/h2><\/div>\n\t<div class=\"wpb_text_column wpb_content_element\" >\n\t\t<div class=\"wpb_wrapper\">\n\t\t\t<p align=\"justify\">Chez MACRO-FRIO, il y a un ensemble de principes qui constituent la base de notre position et de notre performance.<\/p>\n<p align=\"justify\">La prise en compte constante de tous les facteurs qui d\u00e9terminant la qualit\u00e9 irr\u00e9prochable des produits commercialis\u00e9s. Des producteurs qui garantissent une s\u00e9lection rigoureuse des mati\u00e8res premi\u00e8res et le respect \u00e9vident dans les produits, les processus et les m\u00e9thodes de charcuterie traditionnelle portugaise. Des produits qui s'affirment, par leurs caract\u00e9ristiques organoleptiques irr\u00e9prochables.<\/p>\n\n\t\t<\/div>\n\t<\/div>\n<\/div><\/div><\/div><\/div><div class=\"vc_row wpb_row vc_row-fluid\"><div class=\"wpb_column vc_column_container vc_col-sm-6 vc_col-lg-1\/5 vc_col-md-4\"><div class=\"vc_column-inner\"><div class=\"wpb_wrapper\">\r\n\t<div class=\"text-left\">\r\n\t\t<ul class=\"iq-list\">\r\n\t        <li>\r\n\t            <i class=\"fa fa-check-square-o\"><\/i>\r\n\t\t            <span style=\"color: #000000\">Jambon<\/span>        \r\n\t        <\/li>\r\n\t        <li>\r\n\t            <i class=\"fa fa-check-square-o\"><\/i>\r\n\t\t            <span style=\"color: #000000\">Presunto 1\/4<\/span>        \r\n\t        <\/li>\r\n\t        <li>\r\n\t            <i class=\"fa fa-check-square-o\"><\/i>\r\n\t\t            <span style=\"color: #000000\">Jambon tranch\u00e9<\/span>        \r\n\t        <\/li>\r\n\t        <li>\r\n\t            <i class=\"fa fa-check-square-o\"><\/i>\r\n\t\t            <span style=\"color: #000000\">Lard fum\u00e9<\/span>        \r\n\t        <\/li>\r\n\t        <li>\r\n\t            <i class=\"fa fa-check-square-o\"><\/i>\r\n\t\t            <span style=\"color: #000000\">Saucisson de viande maigre fum\u00e9<\/span>        \r\n\t        <\/li>\r\n\t\t<\/ul>\r\n\t<\/div><\/div><\/div><\/div><div class=\"mt-4 mt-lg-0 mt-md-0 wpb_column vc_column_container vc_col-sm-6 vc_col-lg-1\/5 vc_col-md-4\"><div class=\"vc_column-inner\"><div class=\"wpb_wrapper\">\r\n\t<div class=\"text-left\">\r\n\t\t<ul class=\"iq-list\">\r\n\t        <li>\r\n\t            <i class=\"fa fa-check-square-o\"><\/i>\r\n\t\t            <span style=\"color: #000000\">Saucisse fum\u00e9e<\/span>        \r\n\t        <\/li>\r\n\t        <li>\r\n\t            <i class=\"fa fa-check-square-o\"><\/i>\r\n\t\t            <span style=\"color: #000000\">Boudin noir<\/span>        \r\n\t        <\/li>\r\n\t        <li>\r\n\t            <i class=\"fa fa-check-square-o\"><\/i>\r\n\t\t            <span style=\"color: #000000\">Saucisson assaisonn\u00e9 \u00e0 l'ail<\/span>        \r\n\t        <\/li>\r\n\t        <li>\r\n\t            <i class=\"fa fa-check-square-o\"><\/i>\r\n\t\t            <span style=\"color: #000000\">Saucisse marinade<\/span>        \r\n\t        <\/li>\r\n\t        <li>\r\n\t            <i class=\"fa fa-check-square-o\"><\/i>\r\n\t\t            <span style=\"color: #000000\">Boudin \u00e0 la farine<\/span>        \r\n\t        <\/li>\r\n\t\t<\/ul>\r\n\t<\/div><\/div><\/div><\/div><div class=\"mt-4 mt-lg-0 wpb_column vc_column_container vc_col-sm-6 vc_col-lg-1\/5 vc_col-md-4\"><div class=\"vc_column-inner\"><div class=\"wpb_wrapper\">\r\n\t<div class=\"text-left\">\r\n\t\t<ul class=\"iq-list\">\r\n\t        <li>\r\n\t            <i class=\"fa fa-check-square-o\"><\/i>\r\n\t\t            <span style=\"color: #000000\">Saucisse au paprika fum\u00e9e<\/span>        \r\n\t        <\/li>\r\n\t        <li>\r\n\t            <i class=\"fa fa-check-square-o\"><\/i>\r\n\t\t            <span style=\"color: #000000\">Saucisse au vin rouge fum\u00e9e<\/span>        \r\n\t        <\/li>\r\n\t        <li>\r\n\t            <i class=\"fa fa-check-square-o\"><\/i>\r\n\t\t            <span style=\"color: #000000\">Gros \"chorizo\"<\/span>        \r\n\t        <\/li>\r\n\t        <li>\r\n\t            <i class=\"fa fa-check-square-o\"><\/i>\r\n\t\t            <span style=\"color: #000000\">Filet d'york fum\u00e9<\/span>        \r\n\t        <\/li>\r\n\t        <li>\r\n\t            <i class=\"fa fa-check-square-o\"><\/i>\r\n\t\t            <span style=\"color: #000000\">\u00c9paule fum\u00e9e<\/span>        \r\n\t        <\/li>\r\n\t\t<\/ul>\r\n\t<\/div><\/div><\/div><\/div><div class=\"wpb_column vc_column_container vc_col-sm-12 vc_col-lg-1\/5 vc_col-md-1\/5\"><div class=\"vc_column-inner\"><div class=\"wpb_wrapper\">\r\n\t<div class=\"text-left\">\r\n\t\t<ul class=\"iq-list\">\r\n\t        <li>\r\n\t            <i class=\"fa fa-check-square-o\"><\/i>\r\n\t\t            <span style=\"color: #000000\">Longanisse<\/span>        \r\n\t        <\/li>\r\n\t        <li>\r\n\t            <i class=\"fa fa-check-square-o\"><\/i>\r\n\t\t            <span style=\"color: #000000\">Saucisse \"crioulo\" barbecue<\/span>        \r\n\t        <\/li>\r\n\t        <li>\r\n\t            <i class=\"fa fa-check-square-o\"><\/i>\r\n\t\t            <span style=\"color: #000000\">Jambi\u00e8res<\/span>        \r\n\t        <\/li>\r\n\t        <li>\r\n\t            <i class=\"fa fa-check-square-o\"><\/i>\r\n\t\t            <span style=\"color: #000000\">Oreilles de porc fum\u00e9es<\/span>        \r\n\t        <\/li>\r\n\t        <li>\r\n\t            <i class=\"fa fa-check-square-o\"><\/i>\r\n\t\t            <span style=\"color: #000000\">Jambonneau de porc fum\u00e9e<\/span>        \r\n\t        <\/li>\r\n\t\t<\/ul>\r\n\t<\/div><\/div><\/div><\/div><div class=\"wpb_column vc_column_container vc_col-sm-12 vc_col-lg-1\/5 vc_col-md-1\/5\"><div class=\"vc_column-inner\"><div class=\"wpb_wrapper\">\r\n\t<div class=\"text-left\">\r\n\t\t<ul class=\"iq-list\">\r\n\t        <li>\r\n\t            <i class=\"fa fa-check-square-o\"><\/i>\r\n\t\t            <span style=\"color: #000000\">Pieds de porc fum\u00e9s<\/span>        \r\n\t        <\/li>\r\n\t        <li>\r\n\t            <i class=\"fa fa-check-square-o\"><\/i>\r\n\t\t            <span style=\"color: #000000\">Mortadelle<\/span>        \r\n\t        <\/li>\r\n\t        <li>\r\n\t            <i class=\"fa fa-check-square-o\"><\/i>\r\n\t\t            <span style=\"color: #000000\">Jambon roul\u00e9<\/span>        \r\n\t        <\/li>\r\n\t        <li>\r\n\t            <i class=\"fa fa-check-square-o\"><\/i>\r\n\t\t            <span style=\"color: #000000\">Jambon cuit<\/span>        \r\n\t        <\/li>\r\n\t        <li>\r\n\t            <i class=\"fa fa-check-square-o\"><\/i>\r\n\t\t            <span style=\"color: #000000\">Salames<\/span>        \r\n\t        <\/li>\r\n\t\t<\/ul>\r\n\t<\/div><\/div><\/div><\/div><\/div><div data-vc-full-width=\"true\" data-vc-full-width-init=\"false\" class=\"vc_row wpb_row vc_row-fluid effect-banner vc_custom_1571218039705 vc_row-has-fill\"><div class=\"wpb_column vc_column_container vc_col-sm-12\"><div class=\"vc_column-inner\"><div class=\"wpb_wrapper\"><div class=\"vc_row wpb_row vc_inner vc_row-fluid vc_row-o-equal-height vc_row-o-content-middle vc_row-flex\"><div class=\"wpb_column vc_column_container vc_col-sm-6 vc_col-lg-5 vc_col-md-5\"><div class=\"vc_column-inner\"><div class=\"wpb_wrapper\"><div class=\"title-box text-white  text-left\"><span class=\"title-design\">Macro-Frio<\/span><h2 class=\"title\">Catalogues<\/h2><\/div><\/div><\/div><\/div><div class=\"wpb_column vc_column_container vc_col-sm-12 vc_col-lg-5 vc_col-md-5\"><div class=\"vc_column-inner\"><div class=\"wpb_wrapper\">\n\t<div class=\"wpb_text_column wpb_content_element  mb-0 text-white\" >\n\t\t<div class=\"wpb_wrapper\">\n\t\t\t<p align=\" justify\">Consultez nos catalogues ici et d\u00e9couvrez la vari\u00e9t\u00e9 des produits Macro-Frio.<\/p>\n\n\t\t<\/div>\n\t<\/div>\n<\/div><\/div><\/div><div class=\"wpb_column vc_column_container vc_col-sm-2\"><div class=\"vc_column-inner\"><div class=\"wpb_wrapper\"><\/div><\/div><\/div><\/div><div class=\"vc_row wpb_row vc_inner vc_row-fluid flip-effect-owl vc_custom_1567657026307\"><div class=\"wpb_column vc_column_container vc_col-sm-12\"><div class=\"vc_column-inner\"><div class=\"wpb_wrapper\">\n        <div class=\"row\">\n            <div class=\"col-sm-12\"><div class=\"owl-carousel\" data-dots=\"false\" data-nav=\"true\" data-items=\"3\" data-items-laptop=\"3\" data-items-tab=\"2\" data-items-mobile=\"1\" data-items-mobile-sm=\"1\" data-autoplay=\"true\" data-loop=\"true\" data-margin=\"30\"><div class=\"flip-box\"><div class=\"flip-box-inner text-white\"><div class=\"flip-box-front\"><img decoding=\"async\" src=\"https:\/\/macro-frio.pt\/wp-content\/uploads\/2020\/10\/precozinhados.jpg\" class=\"img-fluid\" alt=\"service\"><div class=\"centered text-set text-\"><div class=\"badge\"><\/div><h4>Pr\u00e9-Cozinhados<\/h4><p>Descubra toda a nossa gama de pr\u00e9-cozinhados.<\/p><\/div><\/div><div class=\"flip-box-back\"><img decoding=\"async\" src=\"https:\/\/macro-frio.pt\/wp-content\/uploads\/2020\/10\/precozinhados.jpg\" class=\"img-fluid service\" alt=\"flip\"><a class=\"button-flip centered\" href=\"http:\/\/data.axmag.com\/data\/201705\/20170512\/U113938_F439870\/FLASH\/index.html\">Abrir<\/a><\/div><\/div><\/div><div class=\"flip-box\"><div class=\"flip-box-inner text-white\"><div class=\"flip-box-front\"><img decoding=\"async\" src=\"https:\/\/macro-frio.pt\/wp-content\/uploads\/2020\/10\/carne.jpg\" class=\"img-fluid\" alt=\"service\"><div class=\"centered text-set text-\"><div class=\"badge\"><\/div><h4>Viande<\/h4><p>Descubra toda a nossa gama de carnes.<\/p><\/div><\/div><div class=\"flip-box-back\"><img decoding=\"async\" src=\"https:\/\/macro-frio.pt\/wp-content\/uploads\/2020\/10\/carne.jpg\" class=\"img-fluid service\" alt=\"flip\"><a class=\"button-flip centered\" href=\"https:\/\/www.flipbookpdf.net\/web\/site\/3646f8ce8a7b2ef3a0f1af86e530c64cb31ffa24202011.pdf.html\">Abrir<\/a><\/div><\/div><\/div><div class=\"flip-box\"><div class=\"flip-box-inner text-white\"><div class=\"flip-box-front\"><img decoding=\"async\" src=\"https:\/\/macro-frio.pt\/wp-content\/uploads\/2020\/10\/peixe.jpg\" class=\"img-fluid\" alt=\"service\"><div class=\"centered text-set text-\"><div class=\"badge\"><\/div><h4>Poisson<\/h4><p>Descubra toda a nossa gama de peixes.<\/p><\/div><\/div><div class=\"flip-box-back\"><img decoding=\"async\" src=\"https:\/\/macro-frio.pt\/wp-content\/uploads\/2020\/10\/peixe.jpg\" class=\"img-fluid service\" alt=\"flip\"><a class=\"button-flip centered\" href=\"http:\/\/data.axmag.com\/data\/201601\/20160112\/U142868_F366836\/FLASH\/index.html\">Abrir<\/a><\/div><\/div><\/div><div class=\"flip-box\"><div class=\"flip-box-inner text-white\"><div class=\"flip-box-front\"><img decoding=\"async\" src=\"https:\/\/macro-frio.pt\/wp-content\/uploads\/2020\/10\/charcutaria.jpg\" class=\"img-fluid\" alt=\"service\"><div class=\"centered text-set text-\"><div class=\"badge\"><\/div><h4>Charcutaria<\/h4><p>Descubra toda a nossa gama de charcutaria.<\/p><\/div><\/div><div class=\"flip-box-back\"><img decoding=\"async\" src=\"https:\/\/macro-frio.pt\/wp-content\/uploads\/2020\/10\/charcutaria.jpg\" class=\"img-fluid service\" alt=\"flip\"><a class=\"button-flip centered\" href=\"http:\/\/data.axmag.com\/data\/201601\/20160112\/U142868_F366837\/FLASH\/index.html\">Abrir<\/a><\/div><\/div><\/div><div class=\"flip-box\"><div class=\"flip-box-inner text-white\"><div class=\"flip-box-front\"><img decoding=\"async\" src=\"https:\/\/macro-frio.pt\/wp-content\/uploads\/2020\/10\/legumes.jpg\" class=\"img-fluid\" alt=\"service\"><div class=\"centered text-set text-\"><div class=\"badge\"><\/div><h4>Legumes e Enlatados<\/h4><p>Descubra toda a nossa gama de legumes.<\/p><\/div><\/div><div class=\"flip-box-back\"><img decoding=\"async\" src=\"https:\/\/macro-frio.pt\/wp-content\/uploads\/2020\/10\/legumes.jpg\" class=\"img-fluid service\" alt=\"flip\"><a class=\"button-flip centered\" href=\"http:\/\/data.axmag.com\/data\/201705\/20170512\/U113938_F439866\/FLASH\/index.html\">Abrir<\/a><\/div><\/div><\/div>\n                <\/div>\n            <\/div>\n        <\/div><\/div><\/div><\/div><\/div><\/div><\/div><\/div><\/div><div class=\"vc_row-full-width vc_clearfix\"><\/div><div class=\"vc_row wpb_row vc_row-fluid\"><div class=\"wpb_column vc_column_container vc_col-sm-12\"><div class=\"vc_column-inner\"><div class=\"wpb_wrapper\">\n\t<div class=\"wpb_text_column wpb_content_element\" >\n\t\t<div class=\"wpb_wrapper\">\n\t\t\t\n\t\t<\/div>\n\t<\/div>\n<\/div><\/div><\/div><\/div>","protected":false},"excerpt":{"rendered":"Descubra toda a nossa gama de legumes.","protected":false},"author":1,"featured_media":0,"parent":0,"menu_order":0,"comment_status":"closed","ping_status":"closed","template":"full-page.php","meta":{"footnotes":""},"class_list":["post-4189","page","type-page","status-publish","hentry"],"_links":{"self":[{"href":"https:\/\/macro-frio.pt\/fr\/wp-json\/wp\/v2\/pages\/4189","targetHints":{"allow":["GET"]}}],"collection":[{"href":"https:\/\/macro-frio.pt\/fr\/wp-json\/wp\/v2\/pages"}],"about":[{"href":"https:\/\/macro-frio.pt\/fr\/wp-json\/wp\/v2\/types\/page"}],"author":[{"embeddable":true,"href":"https:\/\/macro-frio.pt\/fr\/wp-json\/wp\/v2\/users\/1"}],"replies":[{"embeddable":true,"href":"https:\/\/macro-frio.pt\/fr\/wp-json\/wp\/v2\/comments?post=4189"}],"version-history":[{"count":14,"href":"https:\/\/macro-frio.pt\/fr\/wp-json\/wp\/v2\/pages\/4189\/revisions"}],"predecessor-version":[{"id":4904,"href":"https:\/\/macro-frio.pt\/fr\/wp-json\/wp\/v2\/pages\/4189\/revisions\/4904"}],"wp:attachment":[{"href":"https:\/\/macro-frio.pt\/fr\/wp-json\/wp\/v2\/media?parent=4189"}],"curies":[{"name":"wp","href":"https:\/\/api.w.org\/{rel}","templated":true}]}}