{"id":5582,"date":"2021-05-24T14:29:38","date_gmt":"2021-05-24T14:29:38","guid":{"rendered":"https:\/\/macro-frio.pt\/?page_id=5582"},"modified":"2021-05-24T14:29:38","modified_gmt":"2021-05-24T14:29:38","slug":"cabrito-assado-cortado","status":"publish","type":"page","link":"https:\/\/macro-frio.pt\/en\/cabrito-assado-cortado\/","title":{"rendered":"Sliced Roasted Lamb"},"content":{"rendered":"<div class=\"vc_row wpb_row vc_row-fluid vc_custom_1596446499649\"><div class=\"our-services-tab side-tab mt-5 mt-lg-0 mt-xl-0 wpb_column vc_column_container vc_col-sm-12 vc_col-lg-12 vc_col-md-12\"><div class=\"vc_column-inner\"><div class=\"wpb_wrapper\"><div class=\"title-box  text-left\"><span class=\"title-design\">Macro-Frio<\/span><h2 class=\"title\">Sliced Roasted Lamb<\/h2><\/div>\n\t<div class=\"wpb_text_column wpb_content_element\" >\n\t\t<div class=\"wpb_wrapper\">\n\t\t\t<table>\n<tbody>\n<tr>\n<td>Preheat the oven to 160\u00baC for 10 minutes;<br \/>\nRemove the plastic wrap and place the packaging on a tray in the center of the oven, without defrosting.<br \/>\nHeat at 160\u00baC for approximately 15 minutes.<br \/>\nReady to serve.<\/p>\n<p><img loading=\"lazy\" decoding=\"async\" class=\"alignnone size-thumbnail wp-image-5011\" src=\"https:\/\/macro-frio.pt\/wp-content\/uploads\/2020\/11\/forno-150x150.png\" alt=\"\" width=\"25\" height=\"25\" srcset=\"https:\/\/macro-frio.pt\/wp-content\/uploads\/2020\/11\/forno-150x150.png 150w, https:\/\/macro-frio.pt\/wp-content\/uploads\/2020\/11\/forno-12x12.png 12w, https:\/\/macro-frio.pt\/wp-content\/uploads\/2020\/11\/forno-100x100.png 100w, https:\/\/macro-frio.pt\/wp-content\/uploads\/2020\/11\/forno.png 200w\" sizes=\"auto, (max-width: 25px) 100vw, 25px\" \/> Oven | <img loading=\"lazy\" decoding=\"async\" class=\"alignnone size-thumbnail wp-image-5052\" src=\"https:\/\/macro-frio.pt\/wp-content\/uploads\/2020\/11\/tempo-150x150.png\" alt=\"\" width=\"25\" height=\"25\" srcset=\"https:\/\/macro-frio.pt\/wp-content\/uploads\/2020\/11\/tempo-150x150.png 150w, https:\/\/macro-frio.pt\/wp-content\/uploads\/2020\/11\/tempo-12x12.png 12w, https:\/\/macro-frio.pt\/wp-content\/uploads\/2020\/11\/tempo-100x100.png 100w, https:\/\/macro-frio.pt\/wp-content\/uploads\/2020\/11\/tempo.png 200w\" sizes=\"auto, (max-width: 25px) 100vw, 25px\" \/> 15 minutes | <img loading=\"lazy\" decoding=\"async\" class=\"alignnone size-thumbnail wp-image-5051\" src=\"https:\/\/macro-frio.pt\/wp-content\/uploads\/2020\/11\/pessoa-150x150.png\" alt=\"\" width=\"25\" height=\"25\" srcset=\"https:\/\/macro-frio.pt\/wp-content\/uploads\/2020\/11\/pessoa-150x150.png 150w, https:\/\/macro-frio.pt\/wp-content\/uploads\/2020\/11\/pessoa-12x12.png 12w, https:\/\/macro-frio.pt\/wp-content\/uploads\/2020\/11\/pessoa-100x100.png 100w, https:\/\/macro-frio.pt\/wp-content\/uploads\/2020\/11\/pessoa.png 200w\" sizes=\"auto, (max-width: 25px) 100vw, 25px\" \/><img loading=\"lazy\" decoding=\"async\" class=\"alignnone size-thumbnail wp-image-5051\" src=\"https:\/\/macro-frio.pt\/wp-content\/uploads\/2020\/11\/pessoa-150x150.png\" alt=\"\" width=\"25\" height=\"25\" srcset=\"https:\/\/macro-frio.pt\/wp-content\/uploads\/2020\/11\/pessoa-150x150.png 150w, https:\/\/macro-frio.pt\/wp-content\/uploads\/2020\/11\/pessoa-12x12.png 12w, https:\/\/macro-frio.pt\/wp-content\/uploads\/2020\/11\/pessoa-100x100.png 100w, https:\/\/macro-frio.pt\/wp-content\/uploads\/2020\/11\/pessoa.png 200w\" sizes=\"auto, (max-width: 25px) 100vw, 25px\" \/><img loading=\"lazy\" decoding=\"async\" class=\"alignnone size-thumbnail wp-image-5051\" src=\"https:\/\/macro-frio.pt\/wp-content\/uploads\/2020\/11\/pessoa-150x150.png\" alt=\"\" width=\"25\" height=\"25\" srcset=\"https:\/\/macro-frio.pt\/wp-content\/uploads\/2020\/11\/pessoa-150x150.png 150w, https:\/\/macro-frio.pt\/wp-content\/uploads\/2020\/11\/pessoa-12x12.png 12w, https:\/\/macro-frio.pt\/wp-content\/uploads\/2020\/11\/pessoa-100x100.png 100w, https:\/\/macro-frio.pt\/wp-content\/uploads\/2020\/11\/pessoa.png 200w\" sizes=\"auto, (max-width: 25px) 100vw, 25px\" \/> People<\/td>\n<td><img loading=\"lazy\" decoding=\"async\" class=\"alignnone size-thumbnail wp-image-5135\" src=\"https:\/\/macro-frio.pt\/wp-content\/uploads\/2021\/03\/cabrito.jpg\" alt=\"\" width=\"200\" height=\"200\" \/><\/td>\n<\/tr>\n<\/tbody>\n<\/table>\n\n\t\t<\/div>\n\t<\/div>\n<\/div><\/div><\/div><\/div>","protected":false},"excerpt":{"rendered":"Macro-FrioCabrito Assado Cortado Pr\u00e9-aquecer o forno a 160\u00baC durante 10 minutos; Retirar a pel\u00edcula pl\u00e1stica e colocar a embalagem num tabuleiro no centro do forno, sem descongela\u00e7\u00e3o pr\u00e9via; Aquecer a 160\u00baC durante aproximadamente 15 minutos. Pronto a servir. Forno | 15 minutos | Pessoas","protected":false},"author":1,"featured_media":0,"parent":0,"menu_order":0,"comment_status":"closed","ping_status":"closed","template":"full-page.php","meta":{"footnotes":""},"class_list":["post-5582","page","type-page","status-publish","hentry"],"_links":{"self":[{"href":"https:\/\/macro-frio.pt\/en\/wp-json\/wp\/v2\/pages\/5582","targetHints":{"allow":["GET"]}}],"collection":[{"href":"https:\/\/macro-frio.pt\/en\/wp-json\/wp\/v2\/pages"}],"about":[{"href":"https:\/\/macro-frio.pt\/en\/wp-json\/wp\/v2\/types\/page"}],"author":[{"embeddable":true,"href":"https:\/\/macro-frio.pt\/en\/wp-json\/wp\/v2\/users\/1"}],"replies":[{"embeddable":true,"href":"https:\/\/macro-frio.pt\/en\/wp-json\/wp\/v2\/comments?post=5582"}],"version-history":[{"count":1,"href":"https:\/\/macro-frio.pt\/en\/wp-json\/wp\/v2\/pages\/5582\/revisions"}],"predecessor-version":[{"id":5583,"href":"https:\/\/macro-frio.pt\/en\/wp-json\/wp\/v2\/pages\/5582\/revisions\/5583"}],"wp:attachment":[{"href":"https:\/\/macro-frio.pt\/en\/wp-json\/wp\/v2\/media?parent=5582"}],"curies":[{"name":"wp","href":"https:\/\/api.w.org\/{rel}","templated":true}]}}