{"id":4579,"date":"2020-10-27T22:21:45","date_gmt":"2020-10-27T22:21:45","guid":{"rendered":"https:\/\/macro-frio.pt\/?page_id=4579"},"modified":"2020-10-27T22:26:11","modified_gmt":"2020-10-27T22:26:11","slug":"avisos-legais","status":"publish","type":"page","link":"https:\/\/macro-frio.pt\/en\/avisos-legais\/","title":{"rendered":"Legal Warnings"},"content":{"rendered":"<div class=\"vc_row wpb_row vc_row-fluid about-us-images vc_custom_1574052395545\"><div class=\"wpb_column vc_column_container vc_col-sm-1 vc_col-lg-12 vc_col-md-12\"><div class=\"vc_column-inner\"><div class=\"wpb_wrapper\"><div class=\"title-box mb-3 text-left\"><span class=\"title-design\">Legal Warnings<\/span><h2 class=\"title\"><\/h2><\/div>\n\t<div class=\"wpb_text_column wpb_content_element  mt-4\" >\n\t\t<div class=\"wpb_wrapper\">\n\t\t\t<p>Os conte\u00fados apresentados neste site poder\u00e3o eventualmente apresentar algum equ\u00edvoco ou desactualiza\u00e7\u00e3o.<br \/>\nA\u00a0<strong>Macro-Frio, SA.<\/strong>\u00a0poder\u00e1 efectuar sem pr\u00e9-aviso modifica\u00e7\u00f5es ou correc\u00e7\u00f5es \u00e0 informa\u00e7\u00e3o publicada.<\/p>\n\n\t\t<\/div>\n\t<\/div>\n<div class=\"title-box mb-3 text-left\"><span class=\"title-design\">RESOLU\u00c7\u00c3O ALTERNATIVA DE LIT\u00cdGIOS<\/span><h2 class=\"title\"><\/h2><\/div>\n\t<div class=\"wpb_text_column wpb_content_element  mt-4\" >\n\t\t<div class=\"wpb_wrapper\">\n\t\t\t<p>Em caso de lit\u00edgio, o consumidor pode recorrer a uma Entidade de Resolu\u00e7\u00e3o Alternativa de Lit\u00edgios de Consumo:<\/p>\n<p><strong>CNIACC- CENTRO NACIONAL DE INFORMA\u00c7\u00c3O E ARBITRAGEM DE CONFLITOS DE CONSUMO<\/strong><br \/>\n<strong>Faculdade de Direito da Universidade Nova de Lisboa, Campus de Campolide<\/strong><br \/>\n<strong>1099-032 Lisboa.<\/strong><\/p>\n<p>Tel: 213 847 484<\/p>\n<p>Email:\u00a0<span id=\"cloakb67f19b0c40be9577b6a4bbfa3b35da8\"><a href=\"mailto:cniacc@unl.pt\">cniacc@unl.pt<\/a><\/span><br \/>\nWeb:\u00a0<a href=\"http:\/\/www.arbitragemdeconsumo.org\/\" target=\"_blank\" rel=\"noopener noreferrer\">http:\/\/www.arbitragemdeconsumo.org<\/a><br \/>\nMais informa\u00e7\u00f5es em Portal do Consumidor:\u00a0<a href=\"http:\/\/www.consumidor.pt\/\" target=\"_blank\" rel=\"noopener noreferrer\">www.consumidor.pt<\/a><\/p>\n\n\t\t<\/div>\n\t<\/div>\n<div class=\"title-box mb-3 text-left\"><span class=\"title-design\">PRIVACIDADE<\/span><h2 class=\"title\"><\/h2><\/div>\n\t<div class=\"wpb_text_column wpb_content_element  mt-4\" >\n\t\t<div class=\"wpb_wrapper\">\n\t\t\t<p>A Macro-Frio, SA. n\u00e3o divulga a terceiros informa\u00e7\u00f5es pessoais fornecidas pelos visitantes do seu site.<\/p>\n<p>Informa\u00e7\u00f5es pessoais s\u00e3o todos os dados fornecidos pelo visitante atrav\u00e9s do site, tais como: nome, endere\u00e7o, telefone, fax e e-mail, entre outros. Essas informa\u00e7\u00f5es poder\u00e3o ser utilizadas para marketing directo ou qualquer outra comunica\u00e7\u00e3o (incluindo via e-mail).<\/p>\n<p>Quando o utilizador visita e subscreve alguma das funcionalidades dispon\u00edveis no nosso site, podemos ter necessidade de recolher alguns dos seus dados pessoais para lhe podermos remeter a informa\u00e7\u00e3o ou esclarecimento que nos solicitou.<\/p>\n\n\t\t<\/div>\n\t<\/div>\n<div class=\"title-box mb-3 text-left\"><span class=\"title-design\">LINKS EXTERNOS<\/span><h2 class=\"title\"><\/h2><\/div>\n\t<div class=\"wpb_text_column wpb_content_element  mt-4\" >\n\t\t<div class=\"wpb_wrapper\">\n\t\t\t<p>Este site pode conter links para outros sites. \u00c9 importante notar que a Macro-Frio, SA. n\u00e3o \u00e9 respons\u00e1vel pelas pr\u00e1ticas de privacidade ou conte\u00fado de quaisquer outros sites. Recomendamos a leitura das pol\u00edticas de privacidade desses sites.<\/p>\n\n\t\t<\/div>\n\t<\/div>\n<\/div><\/div><\/div><\/div>","protected":false},"excerpt":{"rendered":"Avisos Legais Os conte\u00fados apresentados neste site poder\u00e3o eventualmente apresentar algum equ\u00edvoco ou desactualiza\u00e7\u00e3o. A\u00a0Macro-Frio, SA.\u00a0poder\u00e1 efectuar sem pr\u00e9-aviso modifica\u00e7\u00f5es ou correc\u00e7\u00f5es \u00e0 informa\u00e7\u00e3o publicada. RESOLU\u00c7\u00c3O ALTERNATIVA DE LIT\u00cdGIOS Em caso de lit\u00edgio, o consumidor pode recorrer a uma Entidade de Resolu\u00e7\u00e3o Alternativa de Lit\u00edgios de Consumo: CNIACC- CENTRO NACIONAL DE INFORMA\u00c7\u00c3O E ARBITRAGEM DE [...]","protected":false},"author":1,"featured_media":0,"parent":0,"menu_order":0,"comment_status":"closed","ping_status":"closed","template":"","meta":{"footnotes":""},"class_list":["post-4579","page","type-page","status-publish","hentry"],"_links":{"self":[{"href":"https:\/\/macro-frio.pt\/en\/wp-json\/wp\/v2\/pages\/4579","targetHints":{"allow":["GET"]}}],"collection":[{"href":"https:\/\/macro-frio.pt\/en\/wp-json\/wp\/v2\/pages"}],"about":[{"href":"https:\/\/macro-frio.pt\/en\/wp-json\/wp\/v2\/types\/page"}],"author":[{"embeddable":true,"href":"https:\/\/macro-frio.pt\/en\/wp-json\/wp\/v2\/users\/1"}],"replies":[{"embeddable":true,"href":"https:\/\/macro-frio.pt\/en\/wp-json\/wp\/v2\/comments?post=4579"}],"version-history":[{"count":4,"href":"https:\/\/macro-frio.pt\/en\/wp-json\/wp\/v2\/pages\/4579\/revisions"}],"predecessor-version":[{"id":4583,"href":"https:\/\/macro-frio.pt\/en\/wp-json\/wp\/v2\/pages\/4579\/revisions\/4583"}],"wp:attachment":[{"href":"https:\/\/macro-frio.pt\/en\/wp-json\/wp\/v2\/media?parent=4579"}],"curies":[{"name":"wp","href":"https:\/\/api.w.org\/{rel}","templated":true}]}}