{"id":4239,"date":"2020-08-03T13:53:47","date_gmt":"2020-08-03T13:53:47","guid":{"rendered":"https:\/\/macro-frio.pt\/?page_id=4239"},"modified":"2021-02-08T11:19:52","modified_gmt":"2021-02-08T11:19:52","slug":"haccp","status":"publish","type":"page","link":"https:\/\/macro-frio.pt\/en\/haccp\/","title":{"rendered":"HACCP"},"content":{"rendered":"<div class=\"vc_row wpb_row vc_row-fluid vc_custom_1564573773033\"><div class=\"wpb_column vc_column_container vc_col-sm-6\"><div class=\"vc_column-inner vc_custom_1605012486716\"><div class=\"wpb_wrapper\"><div class=\"title-box mb-3 text-left\"><span class=\"title-design\">Macro-Frio<\/span><h2 class=\"title\">HACCP<\/h2><\/div><h3 style=\"text-align: left\" class=\"vc_custom_heading mb-2\" >HACCP<\/h3>\n\t<div class=\"wpb_text_column wpb_content_element  no-margin\" >\n\t\t<div class=\"wpb_wrapper\">\n\t\t\t<p align=\"justify\">The Hazard Analysis and Critical Control Points - HACCP system - is a preventive system that seeks the production of safe food. This principle is based in the application of technical and scientific principles in the production and handling of food from production to the consumer's table.<\/p>\n<p align=\"justify\">The implementation of the HACCP System, facilitates the fulfillment of the legal requirements set out in 852\/2004 Regulation and allows a more efficient use of the resources in the immediate response to issues related to food safety.<\/p>\n<p align=\"justify\">The people involved in the production and distribution process as well as the consumer must have all the necessary information about the product and the procedures related to it. In resume, it will be possible to identify the place where a hypothetical contamination may have occurred, allowing us to determine the way it could have been avoided.<\/p>\n<p align=\"justify\">Always concerned about the maximum quality of every product it sells, Macro-Frio, SA constantly implements the HACCP, having defined all the inherent prerequisites, the principles, and the application of the HACCP plans.<\/p>\n\n\t\t<\/div>\n\t<\/div>\n<\/div><\/div><\/div><div class=\"wpb_column vc_column_container vc_col-sm-6\"><div class=\"vc_column-inner vc_custom_1596462405055\"><div class=\"wpb_wrapper\"><div class=\"vc_empty_space\"   style=\"height: 60px\"><span class=\"vc_empty_space_inner\"><\/span><\/div>\n\t<div  class=\"wpb_single_image wpb_content_element vc_align_left   services-finance-img mt-5 mt-lg-0 mt-md-5\">\n\t\t\n\t\t<figure class=\"wpb_wrapper vc_figure\">\n\t\t\t<div class=\"vc_single_image-wrapper   vc_box_border_grey\"><img loading=\"lazy\" decoding=\"async\" width=\"1600\" height=\"1211\" src=\"https:\/\/macro-frio.pt\/wp-content\/uploads\/2021\/02\/haccp3.jpg\" class=\"vc_single_image-img attachment-full\" alt=\"\" srcset=\"https:\/\/macro-frio.pt\/wp-content\/uploads\/2021\/02\/haccp3.jpg 1600w, https:\/\/macro-frio.pt\/wp-content\/uploads\/2021\/02\/haccp3-300x227.jpg 300w, https:\/\/macro-frio.pt\/wp-content\/uploads\/2021\/02\/haccp3-1024x775.jpg 1024w, https:\/\/macro-frio.pt\/wp-content\/uploads\/2021\/02\/haccp3-768x581.jpg 768w, https:\/\/macro-frio.pt\/wp-content\/uploads\/2021\/02\/haccp3-1536x1163.jpg 1536w, https:\/\/macro-frio.pt\/wp-content\/uploads\/2021\/02\/haccp3-16x12.jpg 16w\" sizes=\"auto, 100vw\" \/><\/div>\n\t\t<\/figure>\n\t<\/div>\n<\/div><\/div><\/div><div class=\"wpb_column vc_column_container vc_col-sm-12\"><div class=\"vc_column-inner\"><div class=\"wpb_wrapper\">\n\t<div class=\"wpb_text_column wpb_content_element\" >\n\t\t<div class=\"wpb_wrapper\">\n\t\t\t<p><small><strong><span class=\"gctitulo\">What is HACCP?<\/span><\/strong><\/small><br \/>\n<small>HACCP is an internationally recognized acronym for Hazard Analysis and Critical Control Point or\u00a0<strong>Hazard Analysis and Critical Point Control<\/strong>.<br \/>\n<\/small><small>HA = Hazard analysis<\/small><br \/>\n<small>CCP = Critical Control Points<\/small><br \/>\n<small>HAZARD = Danger<\/small><br \/>\n<small>The system <strong>HACCP<\/strong> it is based on the application of technical and scientific principles in the production and handling of foodstuffs from \u201cthe meadow to the plate\u201d.<\/small><\/p>\n\n\t\t<\/div>\n\t<\/div>\n<\/div><\/div><\/div><\/div>","protected":false},"excerpt":{"rendered":"Macro-FrioHACCPHACCP O sistema de An\u00e1lise de Perigos e Pontos Cr\u00edticos de Controlo \u2013 HACCP (da L\u00edngua inglesa \u2013 Hazard Analysis Critical Control Points) \u2013 \u00e9 um sistema preventivo que busca a produ\u00e7\u00e3o de alimentos in\u00f3cuos. Este princ\u00edpio est\u00e1 sustentado na aplica\u00e7\u00e3o de princ\u00edpios t\u00e9cnicos e cient\u00edficos na produ\u00e7\u00e3o e manuseamento dos alimentos, desde a produ\u00e7\u00e3o [...]","protected":false},"author":1,"featured_media":0,"parent":0,"menu_order":0,"comment_status":"closed","ping_status":"closed","template":"full-page.php","meta":{"footnotes":""},"class_list":["post-4239","page","type-page","status-publish","hentry"],"_links":{"self":[{"href":"https:\/\/macro-frio.pt\/en\/wp-json\/wp\/v2\/pages\/4239","targetHints":{"allow":["GET"]}}],"collection":[{"href":"https:\/\/macro-frio.pt\/en\/wp-json\/wp\/v2\/pages"}],"about":[{"href":"https:\/\/macro-frio.pt\/en\/wp-json\/wp\/v2\/types\/page"}],"author":[{"embeddable":true,"href":"https:\/\/macro-frio.pt\/en\/wp-json\/wp\/v2\/users\/1"}],"replies":[{"embeddable":true,"href":"https:\/\/macro-frio.pt\/en\/wp-json\/wp\/v2\/comments?post=4239"}],"version-history":[{"count":20,"href":"https:\/\/macro-frio.pt\/en\/wp-json\/wp\/v2\/pages\/4239\/revisions"}],"predecessor-version":[{"id":5092,"href":"https:\/\/macro-frio.pt\/en\/wp-json\/wp\/v2\/pages\/4239\/revisions\/5092"}],"wp:attachment":[{"href":"https:\/\/macro-frio.pt\/en\/wp-json\/wp\/v2\/media?parent=4239"}],"curies":[{"name":"wp","href":"https:\/\/api.w.org\/{rel}","templated":true}]}}