{"id":4235,"date":"2020-08-03T13:52:41","date_gmt":"2020-08-03T13:52:41","guid":{"rendered":"https:\/\/macro-frio.pt\/?page_id=4235"},"modified":"2020-11-27T15:26:20","modified_gmt":"2020-11-27T15:26:20","slug":"ambiente","status":"publish","type":"page","link":"https:\/\/macro-frio.pt\/en\/ambiente\/","title":{"rendered":"Environment"},"content":{"rendered":"<div class=\"vc_row wpb_row vc_row-fluid vc_custom_1564573773033\"><div class=\"wpb_column vc_column_container vc_col-sm-6\"><div class=\"vc_column-inner\"><div class=\"wpb_wrapper\"><div class=\"title-box mb-3 text-left\"><span class=\"title-design\">Macro-Frio<\/span><h2 class=\"title\">Environment<\/h2><\/div><h3 style=\"text-align: left\" class=\"vc_custom_heading mb-2\" >Environment<\/h3>\n\t<div class=\"wpb_text_column wpb_content_element  no-margin\" >\n\t\t<div class=\"wpb_wrapper\">\n\t\t\t<p align=\"justify\">In terms of environmental management, the main challenge is to ensure that the natural resources needed to our activities are well used and that their regeneration capacity is not compromised. We must be demanding regarding pollution control and environmental risks, ensuring separate collection of waste, the recovery of by-products, wastewater treatment, reduction of noise levels, accident prevention and training and awareness of all employees.<\/p>\n<p align=\"justify\">On the other hand, it is necessary to detect and fight waste, which result in unnecessary water and energy expenses; avoid loss of raw or auxiliary materials or products, preventing them from becoming pollution in the form of gas emissions, effluents or waste. It promotes eco-efficiency of production processes, but also of their own products and distribution circuit, thus creating more value with less environmental impact.<\/p>\n<h4>Macro-Frio\u2019s environmental goals are:<\/h4>\n<ul class=\"tick\">\n<li>\n<p align=\"justify\">Comply with the established legislation;<\/p>\n<\/li>\n<li>\n<p align=\"justify\">Improvement of the global environment;<\/p>\n<\/li>\n<li>\n<p align=\"justify\">Promote the sustainable use of water;<\/p>\n<\/li>\n<li>\n<p align=\"justify\">Promote the rational use of energy;<\/p>\n<\/li>\n<li>\n<p align=\"justify\">Improve waste management;<\/p>\n<\/li>\n<li>\n<p align=\"justify\">Promote eco-efficiency of packaging;<\/p>\n<\/li>\n<li>\n<p align=\"justify\">Improve the safety level of the use of hazardous substances;<\/p>\n<\/li>\n<li>\n<p align=\"justify\">Promote environmental awareness.<\/p>\n<\/li>\n<\/ul>\n\n\t\t<\/div>\n\t<\/div>\n<\/div><\/div><\/div><div class=\"wpb_column vc_column_container vc_col-sm-6\"><div class=\"vc_column-inner vc_custom_1596462239509\"><div class=\"wpb_wrapper\"><div class=\"vc_empty_space\"   style=\"height: 60px\"><span class=\"vc_empty_space_inner\"><\/span><\/div>\n\t<div  class=\"wpb_single_image wpb_content_element vc_align_left   services-finance-img mt-5 mt-lg-0 mt-md-5\">\n\t\t\n\t\t<figure class=\"wpb_wrapper vc_figure\">\n\t\t\t<div class=\"vc_single_image-wrapper   vc_box_border_grey\"><img loading=\"lazy\" decoding=\"async\" width=\"1600\" height=\"1211\" src=\"https:\/\/macro-frio.pt\/wp-content\/uploads\/2020\/11\/ambiente.jpg\" class=\"vc_single_image-img attachment-full\" alt=\"\" srcset=\"https:\/\/macro-frio.pt\/wp-content\/uploads\/2020\/11\/ambiente.jpg 1600w, https:\/\/macro-frio.pt\/wp-content\/uploads\/2020\/11\/ambiente-300x227.jpg 300w, https:\/\/macro-frio.pt\/wp-content\/uploads\/2020\/11\/ambiente-1024x775.jpg 1024w, https:\/\/macro-frio.pt\/wp-content\/uploads\/2020\/11\/ambiente-768x581.jpg 768w, https:\/\/macro-frio.pt\/wp-content\/uploads\/2020\/11\/ambiente-1536x1163.jpg 1536w, https:\/\/macro-frio.pt\/wp-content\/uploads\/2020\/11\/ambiente-16x12.jpg 16w\" sizes=\"auto, 100vw\" \/><\/div>\n\t\t<\/figure>\n\t<\/div>\n<\/div><\/div><\/div><\/div>","protected":false},"excerpt":{"rendered":"Macro-FrioAmbienteAmbiente Ao n\u00edvel da gest\u00e3o ambiental, o principal desafio \u00e9 assegurar que os recursos naturais necess\u00e1rios \u00e0s nossas atividades s\u00e3o bem utilizados e que a sua capacidade de regenera\u00e7\u00e3o n\u00e3o \u00e9 comprometida. Existe um exigente controlo da polui\u00e7\u00e3o e dos riscos ambientais, assegurando a recolha seletiva de res\u00edduos, a recupera\u00e7\u00e3o de subprodutos, o tratamento de [...]","protected":false},"author":1,"featured_media":0,"parent":0,"menu_order":0,"comment_status":"closed","ping_status":"closed","template":"full-page.php","meta":{"footnotes":""},"class_list":["post-4235","page","type-page","status-publish","hentry"],"_links":{"self":[{"href":"https:\/\/macro-frio.pt\/en\/wp-json\/wp\/v2\/pages\/4235","targetHints":{"allow":["GET"]}}],"collection":[{"href":"https:\/\/macro-frio.pt\/en\/wp-json\/wp\/v2\/pages"}],"about":[{"href":"https:\/\/macro-frio.pt\/en\/wp-json\/wp\/v2\/types\/page"}],"author":[{"embeddable":true,"href":"https:\/\/macro-frio.pt\/en\/wp-json\/wp\/v2\/users\/1"}],"replies":[{"embeddable":true,"href":"https:\/\/macro-frio.pt\/en\/wp-json\/wp\/v2\/comments?post=4235"}],"version-history":[{"count":10,"href":"https:\/\/macro-frio.pt\/en\/wp-json\/wp\/v2\/pages\/4235\/revisions"}],"predecessor-version":[{"id":4911,"href":"https:\/\/macro-frio.pt\/en\/wp-json\/wp\/v2\/pages\/4235\/revisions\/4911"}],"wp:attachment":[{"href":"https:\/\/macro-frio.pt\/en\/wp-json\/wp\/v2\/media?parent=4235"}],"curies":[{"name":"wp","href":"https:\/\/api.w.org\/{rel}","templated":true}]}}