{"id":5594,"date":"2021-05-24T15:10:38","date_gmt":"2021-05-24T15:10:38","guid":{"rendered":"https:\/\/macro-frio.pt\/?page_id=5594"},"modified":"2021-05-24T15:10:38","modified_gmt":"2021-05-24T15:10:38","slug":"feijoada-a-transmontana","status":"publish","type":"page","link":"https:\/\/macro-frio.pt\/de\/feijoada-a-transmontana\/","title":{"rendered":"Feijoada \u00e0 Transmontana"},"content":{"rendered":"<div class=\"vc_row wpb_row vc_row-fluid vc_custom_1596446499649\"><div class=\"our-services-tab side-tab mt-5 mt-lg-0 mt-xl-0 wpb_column vc_column_container vc_col-sm-12 vc_col-lg-12 vc_col-md-12\"><div class=\"vc_column-inner\"><div class=\"wpb_wrapper\"><div class=\"title-box  text-left\"><span class=\"title-design\">Macro-Frio<\/span><h2 class=\"title\">Feijoada \u00e0 Transmontana<\/h2><\/div>\n\t<div class=\"wpb_text_column wpb_content_element\" >\n\t\t<div class=\"wpb_wrapper\">\n\t\t\t<table>\n<tbody>\n<tr>\n<td>Sem descongelar, retirar a pel\u00edcula pl\u00e1stica e colocar a embalagem no micro-ondas durante 5 minutos \u00e0 pot\u00eancia de 700 W.<br \/>\nPronto a servir.<\/p>\n<p><img loading=\"lazy\" decoding=\"async\" class=\"alignnone size-thumbnail wp-image-5050\" src=\"https:\/\/macro-frio.pt\/wp-content\/uploads\/2020\/11\/microondas-150x150.png\" alt=\"\" width=\"30\" height=\"30\" srcset=\"https:\/\/macro-frio.pt\/wp-content\/uploads\/2020\/11\/microondas-150x150.png 150w, https:\/\/macro-frio.pt\/wp-content\/uploads\/2020\/11\/microondas-12x12.png 12w, https:\/\/macro-frio.pt\/wp-content\/uploads\/2020\/11\/microondas-100x100.png 100w, https:\/\/macro-frio.pt\/wp-content\/uploads\/2020\/11\/microondas.png 200w\" sizes=\"auto, (max-width: 30px) 100vw, 30px\" \/> Micro-ondas | <img loading=\"lazy\" decoding=\"async\" class=\"alignnone size-thumbnail wp-image-5052\" src=\"https:\/\/macro-frio.pt\/wp-content\/uploads\/2020\/11\/tempo-150x150.png\" alt=\"\" width=\"25\" height=\"25\" srcset=\"https:\/\/macro-frio.pt\/wp-content\/uploads\/2020\/11\/tempo-150x150.png 150w, https:\/\/macro-frio.pt\/wp-content\/uploads\/2020\/11\/tempo-12x12.png 12w, https:\/\/macro-frio.pt\/wp-content\/uploads\/2020\/11\/tempo-100x100.png 100w, https:\/\/macro-frio.pt\/wp-content\/uploads\/2020\/11\/tempo.png 200w\" sizes=\"auto, (max-width: 25px) 100vw, 25px\" \/> 5 minutos | <img loading=\"lazy\" decoding=\"async\" class=\"alignnone size-thumbnail wp-image-5051\" src=\"https:\/\/macro-frio.pt\/wp-content\/uploads\/2020\/11\/pessoa-150x150.png\" alt=\"\" width=\"25\" height=\"25\" srcset=\"https:\/\/macro-frio.pt\/wp-content\/uploads\/2020\/11\/pessoa-150x150.png 150w, https:\/\/macro-frio.pt\/wp-content\/uploads\/2020\/11\/pessoa-12x12.png 12w, https:\/\/macro-frio.pt\/wp-content\/uploads\/2020\/11\/pessoa-100x100.png 100w, https:\/\/macro-frio.pt\/wp-content\/uploads\/2020\/11\/pessoa.png 200w\" sizes=\"auto, (max-width: 25px) 100vw, 25px\" \/> Pessoa<\/td>\n<td><img loading=\"lazy\" decoding=\"async\" class=\"alignnone size-thumbnail wp-image-5135\" src=\"https:\/\/macro-frio.pt\/wp-content\/uploads\/2021\/03\/feijoada.jpg\" alt=\"\" width=\"200\" height=\"200\" \/><\/td>\n<\/tr>\n<\/tbody>\n<\/table>\n\n\t\t<\/div>\n\t<\/div>\n<\/div><\/div><\/div><\/div>","protected":false},"excerpt":{"rendered":"Macro-FrioFeijoada \u00e0 Transmontana Sem descongelar, retirar a pel\u00edcula pl\u00e1stica e colocar a embalagem no micro-ondas durante 5 minutos \u00e0 pot\u00eancia de 700 W. Pronto a servir. Micro-ondas | 5 minutos | Pessoa","protected":false},"author":1,"featured_media":0,"parent":0,"menu_order":0,"comment_status":"closed","ping_status":"closed","template":"full-page.php","meta":{"footnotes":""},"class_list":["post-5594","page","type-page","status-publish","hentry"],"_links":{"self":[{"href":"https:\/\/macro-frio.pt\/de\/wp-json\/wp\/v2\/pages\/5594","targetHints":{"allow":["GET"]}}],"collection":[{"href":"https:\/\/macro-frio.pt\/de\/wp-json\/wp\/v2\/pages"}],"about":[{"href":"https:\/\/macro-frio.pt\/de\/wp-json\/wp\/v2\/types\/page"}],"author":[{"embeddable":true,"href":"https:\/\/macro-frio.pt\/de\/wp-json\/wp\/v2\/users\/1"}],"replies":[{"embeddable":true,"href":"https:\/\/macro-frio.pt\/de\/wp-json\/wp\/v2\/comments?post=5594"}],"version-history":[{"count":1,"href":"https:\/\/macro-frio.pt\/de\/wp-json\/wp\/v2\/pages\/5594\/revisions"}],"predecessor-version":[{"id":5595,"href":"https:\/\/macro-frio.pt\/de\/wp-json\/wp\/v2\/pages\/5594\/revisions\/5595"}],"wp:attachment":[{"href":"https:\/\/macro-frio.pt\/de\/wp-json\/wp\/v2\/media?parent=5594"}],"curies":[{"name":"wp","href":"https:\/\/api.w.org\/{rel}","templated":true}]}}