{"id":4460,"date":"2020-10-06T11:19:55","date_gmt":"2020-10-06T11:19:55","guid":{"rendered":"https:\/\/macro-frio.pt\/?page_id=4460"},"modified":"2024-11-25T12:28:35","modified_gmt":"2024-11-25T12:28:35","slug":"politica-de-qualidade","status":"publish","type":"page","link":"https:\/\/macro-frio.pt\/de\/politica-de-qualidade\/","title":{"rendered":"Politica de Qualidade"},"content":{"rendered":"<div class=\"vc_row wpb_row vc_row-fluid vc_custom_1564573773033\"><div class=\"wpb_column vc_column_container vc_col-sm-6\"><div class=\"vc_column-inner\"><div class=\"wpb_wrapper\"><div class=\"title-box mb-3 text-left\"><span class=\"title-design\">Macro-Frio<\/span><h2 class=\"title\">Pol\u00edtica De Qualidade<\/h2><\/div><h3 style=\"text-align: left\" class=\"vc_custom_heading mb-2\" >Pol\u00edtica de Qualidade<\/h3>\n\t<div class=\"wpb_text_column wpb_content_element  wpb_animate_when_almost_visible wpb_fadeIn fadeIn no-margin\" >\n\t\t<div class=\"wpb_wrapper\">\n\t\t\t<p align=\"justify\">A Macro-Frio, S.A. empenha-se na melhoria cont\u00ednua do seus servi\u00e7os, na organiza\u00e7\u00e3o e controlo de toda a sua cadeia de atividades, com a finalidade de preservar a qualidade e a seguran\u00e7a alimentar dos produtos transformados e comercializados.<\/p>\n<p>Os objetivos propostos s\u00e3o:<\/p>\n<ul class=\"ul1\">\n<li class=\"li2\">\n<p align=\"justify\">Melhorar continuamente a efic\u00e1cia do Sistema de Gest\u00e3o;<\/p>\n<\/li>\n<li class=\"li2\">\n<p align=\"justify\">Promover a confian\u00e7a do cliente e demais partes interessadas pela implementa\u00e7\u00e3o de Pr\u00e1ticas de Qualidade, Higiene e Seguran\u00e7a Alimentar;<\/p>\n<\/li>\n<li class=\"li2\">\n<p align=\"justify\">Fornecer produtos com total Seguran\u00e7a, garantindo o cumprimento da legisla\u00e7\u00e3o aplic\u00e1vel \u00e0 Seguran\u00e7a Alimentar;<\/p>\n<\/li>\n<li class=\"li2\">\n<p align=\"justify\">Assegurar a comunica\u00e7\u00e3o, interna e externa, de informa\u00e7\u00e3o respeitante \u00e0 Seguran\u00e7a Alimentar com todas as partes interessadas;<\/p>\n<\/li>\n<li class=\"li2\">\n<p align=\"justify\">Envolver todos os colaboradores na procura do \u00eaxito da empresa;<\/p>\n<\/li>\n<li class=\"li2\">\n<p align=\"justify\">Qualificar de forma adequada os fornecedores para garantir uma superior qualidade e seguran\u00e7a dos produtos alimentares;<\/p>\n<\/li>\n<li class=\"li3\">\n<p align=\"justify\">Fabricar e desenvolver produtos alimentares de acordo com as necessidades do mercado, procurando responder de forma eficaz e adequada aos requisitos impostos pelos clientes, corresponder aos requisitos das partes interessadas relevantes, garantindo igualmente, durante todo o processo produtivo, a higiene e seguran\u00e7a dos produtos alimentares transformados.<\/p>\n<\/li>\n<\/ul>\n\n\t\t<\/div>\n\t<\/div>\n<\/div><\/div><\/div><div class=\"wpb_column vc_column_container vc_col-sm-6\"><div class=\"vc_column-inner\"><div class=\"wpb_wrapper\"><div class=\"vc_empty_space\"   style=\"height: 110px\"><span class=\"vc_empty_space_inner\"><\/span><\/div>\n\t<div  class=\"wpb_single_image wpb_content_element vc_align_left   services-finance-img mt-5 mt-lg-0 mt-md-5\">\n\t\t\n\t\t<figure class=\"wpb_wrapper vc_figure\">\n\t\t\t<div class=\"vc_single_image-wrapper   vc_box_border_grey\"><img loading=\"lazy\" decoding=\"async\" width=\"1600\" height=\"1211\" src=\"https:\/\/macro-frio.pt\/wp-content\/uploads\/2021\/01\/qualidade_page.jpg\" class=\"vc_single_image-img attachment-full\" alt=\"\" srcset=\"https:\/\/macro-frio.pt\/wp-content\/uploads\/2021\/01\/qualidade_page.jpg 1600w, https:\/\/macro-frio.pt\/wp-content\/uploads\/2021\/01\/qualidade_page-300x227.jpg 300w, https:\/\/macro-frio.pt\/wp-content\/uploads\/2021\/01\/qualidade_page-1024x775.jpg 1024w, https:\/\/macro-frio.pt\/wp-content\/uploads\/2021\/01\/qualidade_page-768x581.jpg 768w, https:\/\/macro-frio.pt\/wp-content\/uploads\/2021\/01\/qualidade_page-1536x1163.jpg 1536w, https:\/\/macro-frio.pt\/wp-content\/uploads\/2021\/01\/qualidade_page-16x12.jpg 16w\" sizes=\"auto, 100vw\" \/><\/div>\n\t\t<\/figure>\n\t<\/div>\n<\/div><\/div><\/div><div class=\"wpb_column vc_column_container vc_col-sm-12\"><div class=\"vc_column-inner\"><div class=\"wpb_wrapper\"><\/div><\/div><\/div><\/div>","protected":false},"excerpt":{"rendered":"Macro-FrioPol\u00edtica De QualidadePol\u00edtica de Qualidade A Macro-Frio, S.A. empenha-se na melhoria cont\u00ednua do seus servi\u00e7os, na organiza\u00e7\u00e3o e controlo de toda a sua cadeia de atividades, com a finalidade de preservar a qualidade e a seguran\u00e7a alimentar dos produtos transformados e comercializados. Os objetivos propostos s\u00e3o: Melhorar continuamente a efic\u00e1cia do Sistema de Gest\u00e3o; Promover [...]","protected":false},"author":1,"featured_media":0,"parent":0,"menu_order":0,"comment_status":"closed","ping_status":"closed","template":"full-page.php","meta":{"footnotes":""},"class_list":["post-4460","page","type-page","status-publish","hentry"],"_links":{"self":[{"href":"https:\/\/macro-frio.pt\/de\/wp-json\/wp\/v2\/pages\/4460","targetHints":{"allow":["GET"]}}],"collection":[{"href":"https:\/\/macro-frio.pt\/de\/wp-json\/wp\/v2\/pages"}],"about":[{"href":"https:\/\/macro-frio.pt\/de\/wp-json\/wp\/v2\/types\/page"}],"author":[{"embeddable":true,"href":"https:\/\/macro-frio.pt\/de\/wp-json\/wp\/v2\/users\/1"}],"replies":[{"embeddable":true,"href":"https:\/\/macro-frio.pt\/de\/wp-json\/wp\/v2\/comments?post=4460"}],"version-history":[{"count":26,"href":"https:\/\/macro-frio.pt\/de\/wp-json\/wp\/v2\/pages\/4460\/revisions"}],"predecessor-version":[{"id":5937,"href":"https:\/\/macro-frio.pt\/de\/wp-json\/wp\/v2\/pages\/4460\/revisions\/5937"}],"wp:attachment":[{"href":"https:\/\/macro-frio.pt\/de\/wp-json\/wp\/v2\/media?parent=4460"}],"curies":[{"name":"wp","href":"https:\/\/api.w.org\/{rel}","templated":true}]}}