{"id":4460,"date":"2020-10-06T11:19:55","date_gmt":"2020-10-06T11:19:55","guid":{"rendered":"https:\/\/macro-frio.pt\/?page_id=4460"},"modified":"2024-11-25T12:28:35","modified_gmt":"2024-11-25T12:28:35","slug":"politica-de-qualidade","status":"publish","type":"page","link":"http:\/\/macro-frio.pt\/fr\/politica-de-qualidade\/","title":{"rendered":"Politique de qualit\u00e9"},"content":{"rendered":"<div class=\"vc_row wpb_row vc_row-fluid vc_custom_1564573773033\"><div class=\"wpb_column vc_column_container vc_col-sm-6\"><div class=\"vc_column-inner\"><div class=\"wpb_wrapper\"><div class=\"title-box mb-3 text-left\"><span class=\"title-design\">Macro-Frio<\/span><h2 class=\"title\">Politique Qualit\u00e9<\/h2><\/div><h3 style=\"text-align: left\" class=\"vc_custom_heading mb-2\" >Pol\u00edtica de Qualidade<\/h3>\n\t<div class=\"wpb_text_column wpb_content_element  wpb_animate_when_almost_visible wpb_fadeIn fadeIn no-margin\" >\n\t\t<div class=\"wpb_wrapper\">\n\t\t\t<p align=\"justify\">Macro-Frio est pleinement engag\u00e9e dans la recherche de l'am\u00e9lioration continue de son service, l'organisation et le contr\u00f4le de l'ensemble de sa cha\u00eene d'activit\u00e9s, afin de pr\u00e9server la qualit\u00e9 et la s\u00e9curit\u00e9 des produits alimentaires transform\u00e9s et commercialis\u00e9s.<\/p>\n<p>Nos objectifs propos\u00e9s sont:<\/p>\n<ul class=\"ul1\">\n<li class=\"li2\">\n<p align=\"justify\">Am\u00e9liorer continuellement l'efficacit\u00e9 du syst\u00e8me de gestion;<\/p>\n<\/li>\n<li class=\"li2\">\n<p align=\"justify\">Promouvoir la confiance des clients en mettant en \u0153uvre des pratiques de qualit\u00e9, de hygi\u00e8ne et s\u00e9curit\u00e9 des aliments<\/p>\n<\/li>\n<li class=\"li2\">\n<p align=\"justify\">Fournir des produits complets de s\u00e9curit\u00e9 et assurer la conformit\u00e9 avec la l\u00e9gislation applicable de la s\u00e9curit\u00e9 alimentaire;<\/p>\n<\/li>\n<li class=\"li2\">\n<p align=\"justify\">Assurer la communication, interne et externe, des informations relatives \u00e0 la s\u00e9curit\u00e9 alimentaire;<\/p>\n<\/li>\n<li class=\"li2\">\n<p align=\"justify\">Impliquer tous les employ\u00e9s dans la poursuite de la r\u00e9ussite de l'entreprise;<\/p>\n<\/li>\n<li class=\"li2\">\n<p align=\"justify\">Avoir une qualification appropri\u00e9e des fournisseurs pour assurer la qualit\u00e9 sup\u00e9rieure et la s\u00e9curit\u00e9 alimentaire;<\/p>\n<\/li>\n<li class=\"li3\">\n<p align=\"justify\">Fabriquer produits alimentaires selon les besoins du march\u00e9, en cherchant \u00e0 r\u00e9pondre efficacement et de mani\u00e8re appropri\u00e9e aux exigences impos\u00e9es par les clients.<\/p>\n<\/li>\n<\/ul>\n\n\t\t<\/div>\n\t<\/div>\n<\/div><\/div><\/div><div class=\"wpb_column vc_column_container vc_col-sm-6\"><div class=\"vc_column-inner\"><div class=\"wpb_wrapper\"><div class=\"vc_empty_space\"   style=\"height: 110px\"><span class=\"vc_empty_space_inner\"><\/span><\/div>\n\t<div  class=\"wpb_single_image wpb_content_element vc_align_left   services-finance-img mt-5 mt-lg-0 mt-md-5\">\n\t\t\n\t\t<figure class=\"wpb_wrapper vc_figure\">\n\t\t\t<div class=\"vc_single_image-wrapper   vc_box_border_grey\"><img loading=\"lazy\" decoding=\"async\" width=\"1600\" height=\"1211\" src=\"https:\/\/macro-frio.pt\/wp-content\/uploads\/2021\/01\/qualidade_page.jpg\" class=\"vc_single_image-img attachment-full\" alt=\"\" srcset=\"https:\/\/macro-frio.pt\/wp-content\/uploads\/2021\/01\/qualidade_page.jpg 1600w, https:\/\/macro-frio.pt\/wp-content\/uploads\/2021\/01\/qualidade_page-300x227.jpg 300w, https:\/\/macro-frio.pt\/wp-content\/uploads\/2021\/01\/qualidade_page-1024x775.jpg 1024w, https:\/\/macro-frio.pt\/wp-content\/uploads\/2021\/01\/qualidade_page-768x581.jpg 768w, https:\/\/macro-frio.pt\/wp-content\/uploads\/2021\/01\/qualidade_page-1536x1163.jpg 1536w, https:\/\/macro-frio.pt\/wp-content\/uploads\/2021\/01\/qualidade_page-16x12.jpg 16w\" sizes=\"auto, 100vw\" \/><\/div>\n\t\t<\/figure>\n\t<\/div>\n<\/div><\/div><\/div><div class=\"wpb_column vc_column_container vc_col-sm-12\"><div class=\"vc_column-inner\"><div class=\"wpb_wrapper\"><\/div><\/div><\/div><\/div>","protected":false},"excerpt":{"rendered":"Macro-FrioPol\u00edtica De QualidadePol\u00edtica de Qualidade A Macro-Frio, S.A. empenha-se na melhoria cont\u00ednua do seus servi\u00e7os, na organiza\u00e7\u00e3o e controlo de toda a sua cadeia de atividades, com a finalidade de preservar a qualidade e a seguran\u00e7a alimentar dos produtos transformados e comercializados. Os objetivos propostos s\u00e3o: Melhorar continuamente a efic\u00e1cia do Sistema de Gest\u00e3o; Promover [...]","protected":false},"author":1,"featured_media":0,"parent":0,"menu_order":0,"comment_status":"closed","ping_status":"closed","template":"full-page.php","meta":{"footnotes":""},"class_list":["post-4460","page","type-page","status-publish","hentry"],"_links":{"self":[{"href":"http:\/\/macro-frio.pt\/fr\/wp-json\/wp\/v2\/pages\/4460","targetHints":{"allow":["GET"]}}],"collection":[{"href":"http:\/\/macro-frio.pt\/fr\/wp-json\/wp\/v2\/pages"}],"about":[{"href":"http:\/\/macro-frio.pt\/fr\/wp-json\/wp\/v2\/types\/page"}],"author":[{"embeddable":true,"href":"http:\/\/macro-frio.pt\/fr\/wp-json\/wp\/v2\/users\/1"}],"replies":[{"embeddable":true,"href":"http:\/\/macro-frio.pt\/fr\/wp-json\/wp\/v2\/comments?post=4460"}],"version-history":[{"count":26,"href":"http:\/\/macro-frio.pt\/fr\/wp-json\/wp\/v2\/pages\/4460\/revisions"}],"predecessor-version":[{"id":5937,"href":"http:\/\/macro-frio.pt\/fr\/wp-json\/wp\/v2\/pages\/4460\/revisions\/5937"}],"wp:attachment":[{"href":"http:\/\/macro-frio.pt\/fr\/wp-json\/wp\/v2\/media?parent=4460"}],"curies":[{"name":"wp","href":"https:\/\/api.w.org\/{rel}","templated":true}]}}