{"id":4453,"date":"2020-10-06T11:14:42","date_gmt":"2020-10-06T11:14:42","guid":{"rendered":"https:\/\/macro-frio.pt\/?page_id=4453"},"modified":"2026-03-11T16:22:48","modified_gmt":"2026-03-11T16:22:48","slug":"recursos-humanos","status":"publish","type":"page","link":"http:\/\/macro-frio.pt\/fr\/recursos-humanos\/","title":{"rendered":"Ressources humaines"},"content":{"rendered":"<div class=\"vc_row wpb_row vc_row-fluid vc_custom_1574230787558\"><div class=\"wpb_column vc_column_container vc_col-sm-12\"><div class=\"vc_column-inner\"><div class=\"wpb_wrapper\"><div class=\"title-box  text-left\"><span class=\"title-design\">Macro-Frio<\/span><h2 class=\"title\">Ressources humaines<\/h2><\/div>\n\t<div class=\"wpb_text_column wpb_content_element\" >\n\t\t<div class=\"wpb_wrapper\">\n\t\t\t<p align=\"justify\">La promotion et la r\u00e9alisation de nos employ\u00e9s est fondamentale dans le contexte de la strat\u00e9gie de notre entreprise o\u00f9 seulement par une grande motivation et la qualification professionnelle qui garantissent employ\u00e9s avec une haute performance.<br \/>\nNous croyons que le succ\u00e8s est seulement possible avec une \u00e9quipe gagnante, compos\u00e9e de personnes engag\u00e9es, dynamique, \u00e9nergique, innovante, rigoureux, perspicace, solidaires et responsables.<\/p>\n<p align=\"justify\">Si vous vous identifiez \u00e0 nos valeurs, venez travailler avec nous.<br \/>\nRenseignez-vous sur nos possibilit\u00e9s actuelles et postuler pour le r\u00f4le qui convient le mieux \u00e0 votre profil.<\/p>\n\n\t\t<\/div>\n\t<\/div>\n<\/div><\/div><\/div><\/div><div data-vc-full-width=\"true\" data-vc-full-width-init=\"false\" class=\"vc_row wpb_row vc_row-fluid vc_custom_1565693125304 vc_row-has-fill vc_row-o-equal-height vc_row-flex\"><div class=\"wpb_column vc_column_container vc_col-sm-12\"><div class=\"vc_column-inner\"><div class=\"wpb_wrapper\">\n\t<div class=\"wpb_text_column wpb_content_element\" >\n\t\t<div class=\"wpb_wrapper\">\n\t\t\t<h4>OFFRES D'EMPLOI<\/h4>\n\n\t\t<\/div>\n\t<\/div>\n\n\t<div class=\"wpb_text_column wpb_content_element\" >\n\t\t<div class=\"wpb_wrapper\">\n\t\t\t<h5>- COMMERCIAL AVEC CONNAISSANCE \/ EXP\u00c9RIENCE DE VENTE ET PROMOTION DE PRODUITS ALIMENTAIRES SURGEL\u00c9S, VENTE EN GROS ET GRANDES SURFACES \/ DISTRIBUTION<\/h5>\n\n\t\t<\/div>\n\t<\/div>\n\n\t<div class=\"wpb_text_column wpb_content_element\" >\n\t\t<div class=\"wpb_wrapper\">\n\t\t\t<h5>- COMMERCIAL POUR ZONE D'EXPORTATION (CONNAISSANCES SUR LE MARCH\u00c9 DES PRODUITS ALIMENTAIRES, DE PR\u00c9F\u00c9RENCE AVEC LE PORTEFEUILLE CLIENT)<\/h5>\n\n\t\t<\/div>\n\t<\/div>\n\n\t<div class=\"wpb_text_column wpb_content_element\" >\n\t\t<div class=\"wpb_wrapper\">\n\t\t\t<h5>&#8211; <strong>ENGENIERIE INDUSTRIELLE \/ PRODUCTION - STAGE PROFESSIONNELLE<\/strong><\/h5>\n\n\t\t<\/div>\n\t<\/div>\n\n\t<div class=\"wpb_text_column wpb_content_element\" >\n\t\t<div class=\"wpb_wrapper\">\n\t\t\t<h5><strong>&#8211; OPERADOR DE ARMAZ\u00c9M \/ LOG\u00cdSTICA<br \/>\n<\/strong><\/h5>\n\n\t\t<\/div>\n\t<\/div>\n\n\t<div class=\"wpb_text_column wpb_content_element\" >\n\t\t<div class=\"wpb_wrapper\">\n\t\t\t<h5><strong>&#8211;\u00a0<\/strong><strong><b>MEC\u00c2NICO AUTO COM CARTA DE PESADOS<\/b><\/strong><\/h5>\n\n\t\t<\/div>\n\t<\/div>\n\n\t<div class=\"wpb_text_column wpb_content_element\" >\n\t\t<div class=\"wpb_wrapper\">\n\t\t\t<h5><strong>&#8211; <\/strong><strong><b>ELETRICISTA INDUSTRIAL<\/b><\/strong><\/h5>\n\n\t\t<\/div>\n\t<\/div>\n\n\t<div class=\"wpb_text_column wpb_content_element\" >\n\t\t<div class=\"wpb_wrapper\">\n\t\t\t<h5><strong>&#8211;<\/strong><strong><b>MOTORISTA DE PESADOS<\/b><\/strong><\/h5>\n\n\t\t<\/div>\n\t<\/div>\n\n\t<div class=\"wpb_text_column wpb_content_element\" >\n\t\t<div class=\"wpb_wrapper\">\n\t\t\t<h5><strong>&#8211; <\/strong>TRABALHADOR DE FABRICO (M\/F)<\/h5>\n\n\t\t<\/div>\n\t<\/div>\n\n\t<div class=\"wpb_text_column wpb_content_element\" >\n\t\t<div class=\"wpb_wrapper\">\n\t\t\t<h5><strong>&#8211; <\/strong>COZINHEIRO (M\/F)<\/h5>\n\n\t\t<\/div>\n\t<\/div>\n\n\t<div class=\"wpb_text_column wpb_content_element\" >\n\t\t<div class=\"wpb_wrapper\">\n\t\t\t<h5><strong>&#8211; <\/strong>COMERCIAL DE VENDA DIRETA<\/h5>\n\n\t\t<\/div>\n\t<\/div>\n\n\t<div class=\"wpb_text_column wpb_content_element\" >\n\t\t<div class=\"wpb_wrapper\">\n\t\t\t<h5><strong>-T\u00c9CNICO DE MARKETING (M\/F)<\/strong><\/h5>\n\n\t\t<\/div>\n\t<\/div>\n\n\t<div class=\"wpb_text_column wpb_content_element\" >\n\t\t<div class=\"wpb_wrapper\">\n\t\t\t<h5><strong>-ENGENHEIRO ALIMENTAR (M\/F)<\/strong><\/h5>\n<p>&nbsp;<\/p>\n\n\t\t<\/div>\n\t<\/div>\n<div class=\"vc_separator wpb_content_element vc_separator_align_center vc_sep_width_100 vc_sep_pos_align_center vc_separator_no_text vc_sep_color_grey\" ><span class=\"vc_sep_holder vc_sep_holder_l\"><span  class=\"vc_sep_line\"><\/span><\/span><span class=\"vc_sep_holder vc_sep_holder_r\"><span  class=\"vc_sep_line\"><\/span><\/span>\n<\/div><div class=\"d-block text-left\"><a class=\"button button-icon\" href=\"https:\/\/macro-frio.pt\/fr\/candidatura\/\"><span class=\"btn-effect\"> Appliquer<\/span><\/a><\/div><\/div><\/div><\/div><\/div><div class=\"vc_row-full-width vc_clearfix\"><\/div><div class=\"vc_row wpb_row vc_row-fluid\"><div class=\"wpb_column vc_column_container vc_col-sm-12\"><div class=\"vc_column-inner\"><div class=\"wpb_wrapper\">\n\t<div class=\"wpb_text_column wpb_content_element\" >\n\t\t<div class=\"wpb_wrapper\">\n\t\t\t<h4>CANDIDATURE SPONTAN\u00c9E<\/h4>\n<p>Si vous souhaitez travailler avec nous et vous identifier avec notre entreprise, envoyez-nous votre CV.<\/p>\n\n\t\t<\/div>\n\t<\/div>\n<div class=\"d-block text-left\"><a class=\"button button-icon\" href=\"https:\/\/macro-frio.pt\/fr\/candidatura\/\"><span class=\"btn-effect\"> Appliquer<\/span><\/a><\/div><\/div><\/div><\/div><\/div>","protected":false},"excerpt":{"rendered":"Macro-FrioRecursos Humanos A promo\u00e7\u00e3o e realiza\u00e7\u00e3o dos nossos colaboradores, \u00e9 algo fundamental no \u00e2mbito da estrat\u00e9gia da Macro-Frio, onde s\u00f3 atrav\u00e9s de elevada motiva\u00e7\u00e3o e qualifica\u00e7\u00e3o profissional \u00e9 que garantimos colaboradores com elevado desempenho. Acreditamos que o sucesso apenas \u00e9 poss\u00edvel com uma equipa vencedora, composta por pessoas empenhadas, din\u00e2micas, en\u00e9rgicas, inovadoras, rigorosas, perspicazes, atentas [...]","protected":false},"author":1,"featured_media":0,"parent":0,"menu_order":0,"comment_status":"closed","ping_status":"closed","template":"full-page.php","meta":{"footnotes":""},"class_list":["post-4453","page","type-page","status-publish","hentry"],"_links":{"self":[{"href":"http:\/\/macro-frio.pt\/fr\/wp-json\/wp\/v2\/pages\/4453","targetHints":{"allow":["GET"]}}],"collection":[{"href":"http:\/\/macro-frio.pt\/fr\/wp-json\/wp\/v2\/pages"}],"about":[{"href":"http:\/\/macro-frio.pt\/fr\/wp-json\/wp\/v2\/types\/page"}],"author":[{"embeddable":true,"href":"http:\/\/macro-frio.pt\/fr\/wp-json\/wp\/v2\/users\/1"}],"replies":[{"embeddable":true,"href":"http:\/\/macro-frio.pt\/fr\/wp-json\/wp\/v2\/comments?post=4453"}],"version-history":[{"count":104,"href":"http:\/\/macro-frio.pt\/fr\/wp-json\/wp\/v2\/pages\/4453\/revisions"}],"predecessor-version":[{"id":6146,"href":"http:\/\/macro-frio.pt\/fr\/wp-json\/wp\/v2\/pages\/4453\/revisions\/6146"}],"wp:attachment":[{"href":"http:\/\/macro-frio.pt\/fr\/wp-json\/wp\/v2\/media?parent=4453"}],"curies":[{"name":"wp","href":"https:\/\/api.w.org\/{rel}","templated":true}]}}