{"id":5493,"date":"2021-05-07T10:41:56","date_gmt":"2021-05-07T10:41:56","guid":{"rendered":"https:\/\/macro-frio.pt\/?page_id=5493"},"modified":"2021-05-25T10:15:40","modified_gmt":"2021-05-25T10:15:40","slug":"eventos","status":"publish","type":"page","link":"http:\/\/macro-frio.pt\/de\/eventos\/","title":{"rendered":"Eventos"},"content":{"rendered":"<div class=\"vc_row wpb_row vc_row-fluid vc_custom_1596446499649\"><div class=\"our-services-tab side-tab mt-5 mt-lg-0 mt-xl-0 wpb_column vc_column_container vc_col-sm-12 vc_col-lg-12 vc_col-md-7\"><div class=\"vc_column-inner\"><div class=\"wpb_wrapper\"><div class=\"title-box  text-center\"><span class=\"title-design\">Macro-Frio<\/span><h2 class=\"title\">Eventos<\/h2><\/div>\n\t<div class=\"wpb_text_column wpb_content_element\" >\n\t\t<div class=\"wpb_wrapper\">\n\t\t\t<p style=\"text-align: center;\" align=\"justify\">A Macro-Frio marca presen\u00e7a em diversos eventos ligados ao setor alimentar, de forma a poder mostrar ao p\u00fablico os seus produtos, mostrar a evolu\u00e7\u00e3o da marca e dar a provar os verdadeiros sabores tradicionais. Marcamos tamb\u00e9m presen\u00e7a em eventos regionais e de cariz social, pois o apoio social \u00e9 fundamental para a estabilidade e reconhecimento da Macro-Frio.<\/p>\n\n\t\t<\/div>\n\t<\/div>\n<\/div><\/div><\/div><div class=\"wpb_column vc_column_container vc_col-sm-12\"><div class=\"vc_column-inner\"><div class=\"wpb_wrapper\"><div class=\"vc_separator wpb_content_element vc_separator_align_center vc_sep_width_100 vc_sep_pos_align_center vc_separator_no_text vc_sep_color_white\" ><span class=\"vc_sep_holder vc_sep_holder_l\"><span  class=\"vc_sep_line\"><\/span><\/span><span class=\"vc_sep_holder vc_sep_holder_r\"><span  class=\"vc_sep_line\"><\/span><\/span>\n<\/div><\/div><\/div><\/div><div class=\"wpb_column vc_column_container vc_col-sm-4\"><div class=\"vc_column-inner\"><div class=\"wpb_wrapper\"><div class=\"title-box title-shadow  text-center\"><span class=\"title-design sub-title\"><\/span><h4 class=\"title\">SISAB 2020<\/h4><\/div><div class=\"wpb_gallery wpb_content_element vc_clearfix\" ><div class=\"wpb_wrapper\"><div class=\"wpb_gallery_slides wpb_flexslider flexslider_slide flexslider\" data-interval=\"0\" data-flex_fx=\"slide\"><ul class=\"slides\"><li><a class=\"prettyphoto\" href=\"https:\/\/macro-frio.pt\/wp-content\/uploads\/2021\/05\/1-2-1024x575.jpg\" data-rel=\"prettyPhoto[rel-5493-728053829]\"><img loading=\"lazy\" decoding=\"async\" width=\"1481\" height=\"832\" src=\"https:\/\/macro-frio.pt\/wp-content\/uploads\/2021\/05\/1-2.jpg\" class=\"attachment-full\" alt=\"\" srcset=\"https:\/\/macro-frio.pt\/wp-content\/uploads\/2021\/05\/1-2.jpg 1481w, https:\/\/macro-frio.pt\/wp-content\/uploads\/2021\/05\/1-2-300x169.jpg 300w, https:\/\/macro-frio.pt\/wp-content\/uploads\/2021\/05\/1-2-1024x575.jpg 1024w, https:\/\/macro-frio.pt\/wp-content\/uploads\/2021\/05\/1-2-768x431.jpg 768w, https:\/\/macro-frio.pt\/wp-content\/uploads\/2021\/05\/1-2-16x9.jpg 16w\" sizes=\"auto, 100vw\" \/><\/a><\/li><li><a class=\"prettyphoto\" href=\"https:\/\/macro-frio.pt\/wp-content\/uploads\/2021\/05\/2-3-1024x575.jpg\" data-rel=\"prettyPhoto[rel-5493-728053829]\"><img loading=\"lazy\" decoding=\"async\" width=\"1481\" height=\"832\" src=\"https:\/\/macro-frio.pt\/wp-content\/uploads\/2021\/05\/2-3.jpg\" class=\"attachment-full\" alt=\"\" srcset=\"https:\/\/macro-frio.pt\/wp-content\/uploads\/2021\/05\/2-3.jpg 1481w, https:\/\/macro-frio.pt\/wp-content\/uploads\/2021\/05\/2-3-300x169.jpg 300w, https:\/\/macro-frio.pt\/wp-content\/uploads\/2021\/05\/2-3-1024x575.jpg 1024w, https:\/\/macro-frio.pt\/wp-content\/uploads\/2021\/05\/2-3-768x431.jpg 768w, https:\/\/macro-frio.pt\/wp-content\/uploads\/2021\/05\/2-3-16x9.jpg 16w\" sizes=\"auto, 100vw\" \/><\/a><\/li><li><a class=\"prettyphoto\" href=\"https:\/\/macro-frio.pt\/wp-content\/uploads\/2021\/05\/3-2-1024x575.jpg\" data-rel=\"prettyPhoto[rel-5493-728053829]\"><img loading=\"lazy\" decoding=\"async\" width=\"1481\" height=\"832\" src=\"https:\/\/macro-frio.pt\/wp-content\/uploads\/2021\/05\/3-2.jpg\" class=\"attachment-full\" alt=\"\" srcset=\"https:\/\/macro-frio.pt\/wp-content\/uploads\/2021\/05\/3-2.jpg 1481w, https:\/\/macro-frio.pt\/wp-content\/uploads\/2021\/05\/3-2-300x169.jpg 300w, https:\/\/macro-frio.pt\/wp-content\/uploads\/2021\/05\/3-2-1024x575.jpg 1024w, https:\/\/macro-frio.pt\/wp-content\/uploads\/2021\/05\/3-2-768x431.jpg 768w, https:\/\/macro-frio.pt\/wp-content\/uploads\/2021\/05\/3-2-16x9.jpg 16w\" sizes=\"auto, 100vw\" \/><\/a><\/li><li><a class=\"prettyphoto\" href=\"https:\/\/macro-frio.pt\/wp-content\/uploads\/2021\/05\/4-1-1024x575.jpg\" data-rel=\"prettyPhoto[rel-5493-728053829]\"><img loading=\"lazy\" decoding=\"async\" width=\"1481\" height=\"832\" src=\"https:\/\/macro-frio.pt\/wp-content\/uploads\/2021\/05\/4-1.jpg\" class=\"attachment-full\" alt=\"\" srcset=\"https:\/\/macro-frio.pt\/wp-content\/uploads\/2021\/05\/4-1.jpg 1481w, https:\/\/macro-frio.pt\/wp-content\/uploads\/2021\/05\/4-1-300x169.jpg 300w, https:\/\/macro-frio.pt\/wp-content\/uploads\/2021\/05\/4-1-1024x575.jpg 1024w, https:\/\/macro-frio.pt\/wp-content\/uploads\/2021\/05\/4-1-768x431.jpg 768w, https:\/\/macro-frio.pt\/wp-content\/uploads\/2021\/05\/4-1-16x9.jpg 16w\" sizes=\"auto, 100vw\" \/><\/a><\/li><li><a class=\"prettyphoto\" href=\"https:\/\/macro-frio.pt\/wp-content\/uploads\/2021\/05\/5-1-1024x575.jpg\" data-rel=\"prettyPhoto[rel-5493-728053829]\"><img loading=\"lazy\" decoding=\"async\" width=\"1481\" height=\"832\" src=\"https:\/\/macro-frio.pt\/wp-content\/uploads\/2021\/05\/5-1.jpg\" class=\"attachment-full\" alt=\"\" srcset=\"https:\/\/macro-frio.pt\/wp-content\/uploads\/2021\/05\/5-1.jpg 1481w, https:\/\/macro-frio.pt\/wp-content\/uploads\/2021\/05\/5-1-300x169.jpg 300w, https:\/\/macro-frio.pt\/wp-content\/uploads\/2021\/05\/5-1-1024x575.jpg 1024w, https:\/\/macro-frio.pt\/wp-content\/uploads\/2021\/05\/5-1-768x431.jpg 768w, https:\/\/macro-frio.pt\/wp-content\/uploads\/2021\/05\/5-1-16x9.jpg 16w\" sizes=\"auto, 100vw\" \/><\/a><\/li><li><a class=\"prettyphoto\" href=\"https:\/\/macro-frio.pt\/wp-content\/uploads\/2021\/05\/6-1-1024x575.jpg\" data-rel=\"prettyPhoto[rel-5493-728053829]\"><img loading=\"lazy\" decoding=\"async\" width=\"1481\" height=\"832\" src=\"https:\/\/macro-frio.pt\/wp-content\/uploads\/2021\/05\/6-1.jpg\" class=\"attachment-full\" alt=\"\" srcset=\"https:\/\/macro-frio.pt\/wp-content\/uploads\/2021\/05\/6-1.jpg 1481w, https:\/\/macro-frio.pt\/wp-content\/uploads\/2021\/05\/6-1-300x169.jpg 300w, https:\/\/macro-frio.pt\/wp-content\/uploads\/2021\/05\/6-1-1024x575.jpg 1024w, https:\/\/macro-frio.pt\/wp-content\/uploads\/2021\/05\/6-1-768x431.jpg 768w, https:\/\/macro-frio.pt\/wp-content\/uploads\/2021\/05\/6-1-16x9.jpg 16w\" sizes=\"auto, 100vw\" \/><\/a><\/li><li><a class=\"prettyphoto\" href=\"https:\/\/macro-frio.pt\/wp-content\/uploads\/2021\/05\/7-1-1024x575.jpg\" data-rel=\"prettyPhoto[rel-5493-728053829]\"><img loading=\"lazy\" decoding=\"async\" width=\"1481\" height=\"832\" src=\"https:\/\/macro-frio.pt\/wp-content\/uploads\/2021\/05\/7-1.jpg\" class=\"attachment-full\" alt=\"\" srcset=\"https:\/\/macro-frio.pt\/wp-content\/uploads\/2021\/05\/7-1.jpg 1481w, https:\/\/macro-frio.pt\/wp-content\/uploads\/2021\/05\/7-1-300x169.jpg 300w, https:\/\/macro-frio.pt\/wp-content\/uploads\/2021\/05\/7-1-1024x575.jpg 1024w, https:\/\/macro-frio.pt\/wp-content\/uploads\/2021\/05\/7-1-768x431.jpg 768w, https:\/\/macro-frio.pt\/wp-content\/uploads\/2021\/05\/7-1-16x9.jpg 16w\" sizes=\"auto, 100vw\" \/><\/a><\/li><li><a class=\"prettyphoto\" href=\"https:\/\/macro-frio.pt\/wp-content\/uploads\/2021\/05\/8-1-1024x575.jpg\" data-rel=\"prettyPhoto[rel-5493-728053829]\"><img loading=\"lazy\" decoding=\"async\" width=\"1481\" height=\"832\" src=\"https:\/\/macro-frio.pt\/wp-content\/uploads\/2021\/05\/8-1.jpg\" class=\"attachment-full\" alt=\"\" srcset=\"https:\/\/macro-frio.pt\/wp-content\/uploads\/2021\/05\/8-1.jpg 1481w, https:\/\/macro-frio.pt\/wp-content\/uploads\/2021\/05\/8-1-300x169.jpg 300w, https:\/\/macro-frio.pt\/wp-content\/uploads\/2021\/05\/8-1-1024x575.jpg 1024w, https:\/\/macro-frio.pt\/wp-content\/uploads\/2021\/05\/8-1-768x431.jpg 768w, https:\/\/macro-frio.pt\/wp-content\/uploads\/2021\/05\/8-1-16x9.jpg 16w\" sizes=\"auto, 100vw\" \/><\/a><\/li><li><a class=\"prettyphoto\" href=\"https:\/\/macro-frio.pt\/wp-content\/uploads\/2021\/05\/9-1-1024x575.jpg\" data-rel=\"prettyPhoto[rel-5493-728053829]\"><img loading=\"lazy\" decoding=\"async\" width=\"1481\" height=\"832\" src=\"https:\/\/macro-frio.pt\/wp-content\/uploads\/2021\/05\/9-1.jpg\" class=\"attachment-full\" alt=\"\" srcset=\"https:\/\/macro-frio.pt\/wp-content\/uploads\/2021\/05\/9-1.jpg 1481w, https:\/\/macro-frio.pt\/wp-content\/uploads\/2021\/05\/9-1-300x169.jpg 300w, https:\/\/macro-frio.pt\/wp-content\/uploads\/2021\/05\/9-1-1024x575.jpg 1024w, https:\/\/macro-frio.pt\/wp-content\/uploads\/2021\/05\/9-1-768x431.jpg 768w, https:\/\/macro-frio.pt\/wp-content\/uploads\/2021\/05\/9-1-16x9.jpg 16w\" sizes=\"auto, 100vw\" \/><\/a><\/li><li><a class=\"prettyphoto\" href=\"https:\/\/macro-frio.pt\/wp-content\/uploads\/2021\/05\/10-1-1024x575.jpg\" data-rel=\"prettyPhoto[rel-5493-728053829]\"><img loading=\"lazy\" decoding=\"async\" width=\"1481\" height=\"832\" src=\"https:\/\/macro-frio.pt\/wp-content\/uploads\/2021\/05\/10-1.jpg\" class=\"attachment-full\" alt=\"\" srcset=\"https:\/\/macro-frio.pt\/wp-content\/uploads\/2021\/05\/10-1.jpg 1481w, https:\/\/macro-frio.pt\/wp-content\/uploads\/2021\/05\/10-1-300x169.jpg 300w, https:\/\/macro-frio.pt\/wp-content\/uploads\/2021\/05\/10-1-1024x575.jpg 1024w, https:\/\/macro-frio.pt\/wp-content\/uploads\/2021\/05\/10-1-768x431.jpg 768w, https:\/\/macro-frio.pt\/wp-content\/uploads\/2021\/05\/10-1-16x9.jpg 16w\" sizes=\"auto, 100vw\" \/><\/a><\/li><li><a class=\"prettyphoto\" href=\"https:\/\/macro-frio.pt\/wp-content\/uploads\/2021\/05\/11-1-1024x575.jpg\" data-rel=\"prettyPhoto[rel-5493-728053829]\"><img loading=\"lazy\" decoding=\"async\" width=\"1481\" height=\"832\" src=\"https:\/\/macro-frio.pt\/wp-content\/uploads\/2021\/05\/11-1.jpg\" class=\"attachment-full\" alt=\"\" srcset=\"https:\/\/macro-frio.pt\/wp-content\/uploads\/2021\/05\/11-1.jpg 1481w, https:\/\/macro-frio.pt\/wp-content\/uploads\/2021\/05\/11-1-300x169.jpg 300w, https:\/\/macro-frio.pt\/wp-content\/uploads\/2021\/05\/11-1-1024x575.jpg 1024w, https:\/\/macro-frio.pt\/wp-content\/uploads\/2021\/05\/11-1-768x431.jpg 768w, https:\/\/macro-frio.pt\/wp-content\/uploads\/2021\/05\/11-1-16x9.jpg 16w\" sizes=\"auto, 100vw\" \/><\/a><\/li><li><a class=\"prettyphoto\" href=\"https:\/\/macro-frio.pt\/wp-content\/uploads\/2021\/05\/12-1-1024x575.jpg\" data-rel=\"prettyPhoto[rel-5493-728053829]\"><img loading=\"lazy\" decoding=\"async\" width=\"1481\" height=\"832\" src=\"https:\/\/macro-frio.pt\/wp-content\/uploads\/2021\/05\/12-1.jpg\" class=\"attachment-full\" alt=\"\" srcset=\"https:\/\/macro-frio.pt\/wp-content\/uploads\/2021\/05\/12-1.jpg 1481w, https:\/\/macro-frio.pt\/wp-content\/uploads\/2021\/05\/12-1-300x169.jpg 300w, https:\/\/macro-frio.pt\/wp-content\/uploads\/2021\/05\/12-1-1024x575.jpg 1024w, https:\/\/macro-frio.pt\/wp-content\/uploads\/2021\/05\/12-1-768x431.jpg 768w, https:\/\/macro-frio.pt\/wp-content\/uploads\/2021\/05\/12-1-16x9.jpg 16w\" sizes=\"auto, 100vw\" \/><\/a><\/li><li><a class=\"prettyphoto\" href=\"https:\/\/macro-frio.pt\/wp-content\/uploads\/2021\/05\/13-1-1024x575.jpg\" data-rel=\"prettyPhoto[rel-5493-728053829]\"><img loading=\"lazy\" decoding=\"async\" width=\"1481\" height=\"832\" src=\"https:\/\/macro-frio.pt\/wp-content\/uploads\/2021\/05\/13-1.jpg\" class=\"attachment-full\" alt=\"\" srcset=\"https:\/\/macro-frio.pt\/wp-content\/uploads\/2021\/05\/13-1.jpg 1481w, https:\/\/macro-frio.pt\/wp-content\/uploads\/2021\/05\/13-1-300x169.jpg 300w, https:\/\/macro-frio.pt\/wp-content\/uploads\/2021\/05\/13-1-1024x575.jpg 1024w, https:\/\/macro-frio.pt\/wp-content\/uploads\/2021\/05\/13-1-768x431.jpg 768w, https:\/\/macro-frio.pt\/wp-content\/uploads\/2021\/05\/13-1-16x9.jpg 16w\" sizes=\"auto, 100vw\" \/><\/a><\/li><li><a class=\"prettyphoto\" href=\"https:\/\/macro-frio.pt\/wp-content\/uploads\/2021\/05\/14-1-1024x575.jpg\" data-rel=\"prettyPhoto[rel-5493-728053829]\"><img loading=\"lazy\" decoding=\"async\" width=\"1481\" height=\"832\" src=\"https:\/\/macro-frio.pt\/wp-content\/uploads\/2021\/05\/14-1.jpg\" class=\"attachment-full\" alt=\"\" srcset=\"https:\/\/macro-frio.pt\/wp-content\/uploads\/2021\/05\/14-1.jpg 1481w, https:\/\/macro-frio.pt\/wp-content\/uploads\/2021\/05\/14-1-300x169.jpg 300w, https:\/\/macro-frio.pt\/wp-content\/uploads\/2021\/05\/14-1-1024x575.jpg 1024w, https:\/\/macro-frio.pt\/wp-content\/uploads\/2021\/05\/14-1-768x431.jpg 768w, https:\/\/macro-frio.pt\/wp-content\/uploads\/2021\/05\/14-1-16x9.jpg 16w\" sizes=\"auto, 100vw\" \/><\/a><\/li><li><a class=\"prettyphoto\" href=\"https:\/\/macro-frio.pt\/wp-content\/uploads\/2021\/05\/15-1-1024x575.jpg\" data-rel=\"prettyPhoto[rel-5493-728053829]\"><img loading=\"lazy\" decoding=\"async\" width=\"1481\" height=\"832\" src=\"https:\/\/macro-frio.pt\/wp-content\/uploads\/2021\/05\/15-1.jpg\" class=\"attachment-full\" alt=\"\" srcset=\"https:\/\/macro-frio.pt\/wp-content\/uploads\/2021\/05\/15-1.jpg 1481w, https:\/\/macro-frio.pt\/wp-content\/uploads\/2021\/05\/15-1-300x169.jpg 300w, https:\/\/macro-frio.pt\/wp-content\/uploads\/2021\/05\/15-1-1024x575.jpg 1024w, https:\/\/macro-frio.pt\/wp-content\/uploads\/2021\/05\/15-1-768x431.jpg 768w, https:\/\/macro-frio.pt\/wp-content\/uploads\/2021\/05\/15-1-16x9.jpg 16w\" sizes=\"auto, 100vw\" \/><\/a><\/li><\/ul><\/div><\/div><\/div><\/div><\/div><\/div><div class=\"wpb_column vc_column_container vc_col-sm-4\"><div class=\"vc_column-inner\"><div class=\"wpb_wrapper\"><div class=\"title-box title-shadow  text-center\"><span class=\"title-design sub-title\"><\/span><h4 class=\"title\">Alimentaria &amp; Horexpo Lisboa 2019<\/h4><\/div><div class=\"wpb_gallery wpb_content_element vc_clearfix\" ><div class=\"wpb_wrapper\"><div class=\"wpb_gallery_slides wpb_flexslider flexslider_slide flexslider\" data-interval=\"0\" data-flex_fx=\"slide\"><ul class=\"slides\"><li><a class=\"prettyphoto\" href=\"https:\/\/macro-frio.pt\/wp-content\/uploads\/2021\/05\/1-1-1024x576.jpg\" data-rel=\"prettyPhoto[rel-5493-3814075734]\"><img loading=\"lazy\" decoding=\"async\" width=\"1152\" height=\"648\" src=\"https:\/\/macro-frio.pt\/wp-content\/uploads\/2021\/05\/1-1.jpg\" class=\"attachment-full\" alt=\"\" srcset=\"https:\/\/macro-frio.pt\/wp-content\/uploads\/2021\/05\/1-1.jpg 1152w, https:\/\/macro-frio.pt\/wp-content\/uploads\/2021\/05\/1-1-300x169.jpg 300w, https:\/\/macro-frio.pt\/wp-content\/uploads\/2021\/05\/1-1-1024x576.jpg 1024w, https:\/\/macro-frio.pt\/wp-content\/uploads\/2021\/05\/1-1-768x432.jpg 768w, https:\/\/macro-frio.pt\/wp-content\/uploads\/2021\/05\/1-1-16x9.jpg 16w\" sizes=\"auto, 100vw\" \/><\/a><\/li><li><a class=\"prettyphoto\" href=\"https:\/\/macro-frio.pt\/wp-content\/uploads\/2021\/05\/2-1-1024x576.jpg\" data-rel=\"prettyPhoto[rel-5493-3814075734]\"><img loading=\"lazy\" decoding=\"async\" width=\"1152\" height=\"648\" src=\"https:\/\/macro-frio.pt\/wp-content\/uploads\/2021\/05\/2-1.jpg\" class=\"attachment-full\" alt=\"\" srcset=\"https:\/\/macro-frio.pt\/wp-content\/uploads\/2021\/05\/2-1.jpg 1152w, https:\/\/macro-frio.pt\/wp-content\/uploads\/2021\/05\/2-1-300x169.jpg 300w, https:\/\/macro-frio.pt\/wp-content\/uploads\/2021\/05\/2-1-1024x576.jpg 1024w, https:\/\/macro-frio.pt\/wp-content\/uploads\/2021\/05\/2-1-768x432.jpg 768w, https:\/\/macro-frio.pt\/wp-content\/uploads\/2021\/05\/2-1-16x9.jpg 16w\" sizes=\"auto, 100vw\" \/><\/a><\/li><li><a class=\"prettyphoto\" href=\"https:\/\/macro-frio.pt\/wp-content\/uploads\/2021\/05\/3-1-1024x576.jpg\" data-rel=\"prettyPhoto[rel-5493-3814075734]\"><img loading=\"lazy\" decoding=\"async\" width=\"1152\" height=\"648\" src=\"https:\/\/macro-frio.pt\/wp-content\/uploads\/2021\/05\/3-1.jpg\" class=\"attachment-full\" alt=\"\" srcset=\"https:\/\/macro-frio.pt\/wp-content\/uploads\/2021\/05\/3-1.jpg 1152w, https:\/\/macro-frio.pt\/wp-content\/uploads\/2021\/05\/3-1-300x169.jpg 300w, https:\/\/macro-frio.pt\/wp-content\/uploads\/2021\/05\/3-1-1024x576.jpg 1024w, https:\/\/macro-frio.pt\/wp-content\/uploads\/2021\/05\/3-1-768x432.jpg 768w, https:\/\/macro-frio.pt\/wp-content\/uploads\/2021\/05\/3-1-16x9.jpg 16w\" sizes=\"auto, 100vw\" \/><\/a><\/li><\/ul><\/div><\/div><\/div><\/div><\/div><\/div><div class=\"wpb_column vc_column_container vc_col-sm-4\"><div class=\"vc_column-inner\"><div class=\"wpb_wrapper\"><div class=\"title-box title-shadow  text-center\"><span class=\"title-design sub-title\"><\/span><h4 class=\"title\">SISAB 2019<\/h4><\/div><div class=\"wpb_gallery wpb_content_element vc_clearfix\" ><div class=\"wpb_wrapper\"><div class=\"wpb_gallery_slides wpb_flexslider flexslider_slide flexslider\" data-interval=\"0\" data-flex_fx=\"slide\"><ul class=\"slides\"><li><a class=\"prettyphoto\" href=\"https:\/\/macro-frio.pt\/wp-content\/uploads\/2021\/05\/0-1024x575.jpg\" data-rel=\"prettyPhoto[rel-5493-264184255]\"><img loading=\"lazy\" decoding=\"async\" width=\"1481\" height=\"832\" src=\"https:\/\/macro-frio.pt\/wp-content\/uploads\/2021\/05\/0.jpg\" class=\"attachment-full\" alt=\"\" srcset=\"https:\/\/macro-frio.pt\/wp-content\/uploads\/2021\/05\/0.jpg 1481w, https:\/\/macro-frio.pt\/wp-content\/uploads\/2021\/05\/0-300x169.jpg 300w, https:\/\/macro-frio.pt\/wp-content\/uploads\/2021\/05\/0-1024x575.jpg 1024w, https:\/\/macro-frio.pt\/wp-content\/uploads\/2021\/05\/0-768x431.jpg 768w, https:\/\/macro-frio.pt\/wp-content\/uploads\/2021\/05\/0-16x9.jpg 16w\" sizes=\"auto, 100vw\" \/><\/a><\/li><li><a class=\"prettyphoto\" href=\"https:\/\/macro-frio.pt\/wp-content\/uploads\/2021\/05\/1-1-1024x575.png\" data-rel=\"prettyPhoto[rel-5493-264184255]\"><img loading=\"lazy\" decoding=\"async\" width=\"1481\" height=\"832\" src=\"https:\/\/macro-frio.pt\/wp-content\/uploads\/2021\/05\/1-1.png\" class=\"attachment-full\" alt=\"\" srcset=\"https:\/\/macro-frio.pt\/wp-content\/uploads\/2021\/05\/1-1.png 1481w, https:\/\/macro-frio.pt\/wp-content\/uploads\/2021\/05\/1-1-300x169.png 300w, https:\/\/macro-frio.pt\/wp-content\/uploads\/2021\/05\/1-1-1024x575.png 1024w, https:\/\/macro-frio.pt\/wp-content\/uploads\/2021\/05\/1-1-768x431.png 768w, https:\/\/macro-frio.pt\/wp-content\/uploads\/2021\/05\/1-1-16x9.png 16w\" sizes=\"auto, 100vw\" \/><\/a><\/li><li><a class=\"prettyphoto\" href=\"https:\/\/macro-frio.pt\/wp-content\/uploads\/2021\/05\/2-1024x575.png\" data-rel=\"prettyPhoto[rel-5493-264184255]\"><img loading=\"lazy\" decoding=\"async\" width=\"1481\" height=\"832\" src=\"https:\/\/macro-frio.pt\/wp-content\/uploads\/2021\/05\/2.png\" class=\"attachment-full\" alt=\"\" srcset=\"https:\/\/macro-frio.pt\/wp-content\/uploads\/2021\/05\/2.png 1481w, https:\/\/macro-frio.pt\/wp-content\/uploads\/2021\/05\/2-300x169.png 300w, https:\/\/macro-frio.pt\/wp-content\/uploads\/2021\/05\/2-1024x575.png 1024w, https:\/\/macro-frio.pt\/wp-content\/uploads\/2021\/05\/2-768x431.png 768w, https:\/\/macro-frio.pt\/wp-content\/uploads\/2021\/05\/2-16x9.png 16w\" sizes=\"auto, 100vw\" \/><\/a><\/li><li><a class=\"prettyphoto\" href=\"https:\/\/macro-frio.pt\/wp-content\/uploads\/2021\/05\/3-1-1024x575.png\" data-rel=\"prettyPhoto[rel-5493-264184255]\"><img loading=\"lazy\" decoding=\"async\" width=\"1481\" height=\"832\" src=\"https:\/\/macro-frio.pt\/wp-content\/uploads\/2021\/05\/3-1.png\" class=\"attachment-full\" alt=\"\" srcset=\"https:\/\/macro-frio.pt\/wp-content\/uploads\/2021\/05\/3-1.png 1481w, https:\/\/macro-frio.pt\/wp-content\/uploads\/2021\/05\/3-1-300x169.png 300w, https:\/\/macro-frio.pt\/wp-content\/uploads\/2021\/05\/3-1-1024x575.png 1024w, https:\/\/macro-frio.pt\/wp-content\/uploads\/2021\/05\/3-1-768x431.png 768w, https:\/\/macro-frio.pt\/wp-content\/uploads\/2021\/05\/3-1-16x9.png 16w\" sizes=\"auto, 100vw\" \/><\/a><\/li><li><a class=\"prettyphoto\" href=\"https:\/\/macro-frio.pt\/wp-content\/uploads\/2021\/05\/4-1-1024x575.png\" data-rel=\"prettyPhoto[rel-5493-264184255]\"><img loading=\"lazy\" decoding=\"async\" width=\"1481\" height=\"832\" src=\"https:\/\/macro-frio.pt\/wp-content\/uploads\/2021\/05\/4-1.png\" class=\"attachment-full\" alt=\"\" srcset=\"https:\/\/macro-frio.pt\/wp-content\/uploads\/2021\/05\/4-1.png 1481w, https:\/\/macro-frio.pt\/wp-content\/uploads\/2021\/05\/4-1-300x169.png 300w, https:\/\/macro-frio.pt\/wp-content\/uploads\/2021\/05\/4-1-1024x575.png 1024w, https:\/\/macro-frio.pt\/wp-content\/uploads\/2021\/05\/4-1-768x431.png 768w, https:\/\/macro-frio.pt\/wp-content\/uploads\/2021\/05\/4-1-16x9.png 16w\" sizes=\"auto, 100vw\" \/><\/a><\/li><li><a class=\"prettyphoto\" href=\"https:\/\/macro-frio.pt\/wp-content\/uploads\/2021\/05\/5-1-1024x575.png\" data-rel=\"prettyPhoto[rel-5493-264184255]\"><img loading=\"lazy\" decoding=\"async\" width=\"1481\" height=\"832\" src=\"https:\/\/macro-frio.pt\/wp-content\/uploads\/2021\/05\/5-1.png\" class=\"attachment-full\" alt=\"\" srcset=\"https:\/\/macro-frio.pt\/wp-content\/uploads\/2021\/05\/5-1.png 1481w, https:\/\/macro-frio.pt\/wp-content\/uploads\/2021\/05\/5-1-300x169.png 300w, https:\/\/macro-frio.pt\/wp-content\/uploads\/2021\/05\/5-1-1024x575.png 1024w, https:\/\/macro-frio.pt\/wp-content\/uploads\/2021\/05\/5-1-768x431.png 768w, https:\/\/macro-frio.pt\/wp-content\/uploads\/2021\/05\/5-1-16x9.png 16w\" sizes=\"auto, 100vw\" \/><\/a><\/li><li><a class=\"prettyphoto\" href=\"https:\/\/macro-frio.pt\/wp-content\/uploads\/2021\/05\/6-1-1024x575.png\" data-rel=\"prettyPhoto[rel-5493-264184255]\"><img loading=\"lazy\" decoding=\"async\" width=\"1481\" height=\"832\" src=\"https:\/\/macro-frio.pt\/wp-content\/uploads\/2021\/05\/6-1.png\" class=\"attachment-full\" alt=\"\" srcset=\"https:\/\/macro-frio.pt\/wp-content\/uploads\/2021\/05\/6-1.png 1481w, https:\/\/macro-frio.pt\/wp-content\/uploads\/2021\/05\/6-1-300x169.png 300w, https:\/\/macro-frio.pt\/wp-content\/uploads\/2021\/05\/6-1-1024x575.png 1024w, https:\/\/macro-frio.pt\/wp-content\/uploads\/2021\/05\/6-1-768x431.png 768w, https:\/\/macro-frio.pt\/wp-content\/uploads\/2021\/05\/6-1-16x9.png 16w\" sizes=\"auto, 100vw\" \/><\/a><\/li><li><a class=\"prettyphoto\" href=\"https:\/\/macro-frio.pt\/wp-content\/uploads\/2021\/05\/7-1-1024x575.png\" data-rel=\"prettyPhoto[rel-5493-264184255]\"><img loading=\"lazy\" decoding=\"async\" width=\"1481\" height=\"832\" src=\"https:\/\/macro-frio.pt\/wp-content\/uploads\/2021\/05\/7-1.png\" class=\"attachment-full\" alt=\"\" srcset=\"https:\/\/macro-frio.pt\/wp-content\/uploads\/2021\/05\/7-1.png 1481w, https:\/\/macro-frio.pt\/wp-content\/uploads\/2021\/05\/7-1-300x169.png 300w, https:\/\/macro-frio.pt\/wp-content\/uploads\/2021\/05\/7-1-1024x575.png 1024w, https:\/\/macro-frio.pt\/wp-content\/uploads\/2021\/05\/7-1-768x431.png 768w, https:\/\/macro-frio.pt\/wp-content\/uploads\/2021\/05\/7-1-16x9.png 16w\" sizes=\"auto, 100vw\" \/><\/a><\/li><\/ul><\/div><\/div><\/div><\/div><\/div><\/div><\/div>","protected":false},"excerpt":{"rendered":"Macro-FrioEventos A Macro-Frio marca presen\u00e7a em diversos eventos ligados ao setor alimentar, de forma a poder mostrar ao p\u00fablico os seus produtos, mostrar a evolu\u00e7\u00e3o da marca e dar a provar os verdadeiros sabores tradicionais. Marcamos tamb\u00e9m presen\u00e7a em eventos regionais e de cariz social, pois o apoio social \u00e9 fundamental para a estabilidade e [...]","protected":false},"author":1,"featured_media":0,"parent":0,"menu_order":0,"comment_status":"closed","ping_status":"closed","template":"full-page.php","meta":{"footnotes":""},"class_list":["post-5493","page","type-page","status-publish","hentry"],"_links":{"self":[{"href":"http:\/\/macro-frio.pt\/de\/wp-json\/wp\/v2\/pages\/5493","targetHints":{"allow":["GET"]}}],"collection":[{"href":"http:\/\/macro-frio.pt\/de\/wp-json\/wp\/v2\/pages"}],"about":[{"href":"http:\/\/macro-frio.pt\/de\/wp-json\/wp\/v2\/types\/page"}],"author":[{"embeddable":true,"href":"http:\/\/macro-frio.pt\/de\/wp-json\/wp\/v2\/users\/1"}],"replies":[{"embeddable":true,"href":"http:\/\/macro-frio.pt\/de\/wp-json\/wp\/v2\/comments?post=5493"}],"version-history":[{"count":32,"href":"http:\/\/macro-frio.pt\/de\/wp-json\/wp\/v2\/pages\/5493\/revisions"}],"predecessor-version":[{"id":5717,"href":"http:\/\/macro-frio.pt\/de\/wp-json\/wp\/v2\/pages\/5493\/revisions\/5717"}],"wp:attachment":[{"href":"http:\/\/macro-frio.pt\/de\/wp-json\/wp\/v2\/media?parent=5493"}],"curies":[{"name":"wp","href":"https:\/\/api.w.org\/{rel}","templated":true}]}}