{"id":4457,"date":"2020-10-06T11:17:50","date_gmt":"2020-10-06T11:17:50","guid":{"rendered":"https:\/\/macro-frio.pt\/?page_id=4457"},"modified":"2021-01-22T16:25:09","modified_gmt":"2021-01-22T16:25:09","slug":"historia","status":"publish","type":"page","link":"http:\/\/macro-frio.pt\/de\/historia\/","title":{"rendered":"Hist\u00f3ria"},"content":{"rendered":"<div class=\"vc_row wpb_row vc_row-fluid vc_custom_1567587290004\"><div class=\"wpb_column vc_column_container vc_col-sm-12\"><div class=\"vc_column-inner\"><div class=\"wpb_wrapper\"><div class=\"title-box  text-left\"><span class=\"title-design\">Macro-Frio<\/span><h2 class=\"title\">Hist\u00f3ria<\/h2><\/div><div class=\"vc_row wpb_row vc_inner vc_row-fluid consultab-history vc_row-o-equal-height vc_row-o-content-middle vc_row-flex\"><div class=\"text-lg-center text-md-left text-left mb-2 mb-lg-0 mb-md-0 wpb_column vc_column_container vc_col-sm-12 vc_col-lg-2 vc_col-md-3\"><div class=\"vc_column-inner\"><div class=\"wpb_wrapper\">\n\t<div class=\"wpb_text_column wpb_content_element  no-margin\" >\n\t\t<div class=\"wpb_wrapper\">\n\t\t\t<h4 class=\"year\">1992<\/h4>\n\n\t\t<\/div>\n\t<\/div>\n<\/div><\/div><\/div><div class=\"wpb_column vc_column_container vc_col-sm-12 vc_col-lg-8 vc_col-md-7\"><div class=\"vc_column-inner\"><div class=\"wpb_wrapper\">\n\t<div class=\"wpb_text_column wpb_content_element  no-margin history-details\" >\n\t\t<div class=\"wpb_wrapper\">\n\t\t\t<p>In\u00edcio da actividade da MACRO-FRIO, como sociedade por quotas.<\/p>\n\n\t\t<\/div>\n\t<\/div>\n<\/div><\/div><\/div><\/div><div class=\"vc_row wpb_row vc_inner vc_row-fluid consultab-history vc_row-o-equal-height vc_row-o-content-middle vc_row-flex\"><div class=\"text-lg-center text-md-left text-left mb-2 mb-lg-0 mb-md-0 wpb_column vc_column_container vc_col-sm-12 vc_col-lg-2 vc_col-md-3\"><div class=\"vc_column-inner\"><div class=\"wpb_wrapper\">\n\t<div class=\"wpb_text_column wpb_content_element  no-margin\" >\n\t\t<div class=\"wpb_wrapper\">\n\t\t\t<h4 class=\"year\">2004<\/h4>\n\n\t\t<\/div>\n\t<\/div>\n<\/div><\/div><\/div><div class=\"wpb_column vc_column_container vc_col-sm-12 vc_col-lg-8 vc_col-md-7\"><div class=\"vc_column-inner\"><div class=\"wpb_wrapper\">\n\t<div class=\"wpb_text_column wpb_content_element  no-margin history-details\" >\n\t\t<div class=\"wpb_wrapper\">\n\t\t\t<p>Renova\u00e7\u00e3o e Aumento das Instala\u00e7\u00f5es.<\/p>\n\n\t\t<\/div>\n\t<\/div>\n<\/div><\/div><\/div><\/div><div class=\"vc_row wpb_row vc_inner vc_row-fluid consultab-history vc_row-o-equal-height vc_row-o-content-middle vc_row-flex\"><div class=\"text-lg-center text-md-left text-left mb-2 mb-lg-0 mb-md-0 wpb_column vc_column_container vc_col-sm-12 vc_col-lg-2 vc_col-md-3\"><div class=\"vc_column-inner\"><div class=\"wpb_wrapper\">\n\t<div class=\"wpb_text_column wpb_content_element  no-margin\" >\n\t\t<div class=\"wpb_wrapper\">\n\t\t\t<h4 class=\"year\">2009<\/h4>\n\n\t\t<\/div>\n\t<\/div>\n<\/div><\/div><\/div><div class=\"wpb_column vc_column_container vc_col-sm-12 vc_col-lg-8 vc_col-md-7\"><div class=\"vc_column-inner\"><div class=\"wpb_wrapper\">\n\t<div class=\"wpb_text_column wpb_content_element  no-margin history-details\" >\n\t\t<div class=\"wpb_wrapper\">\n\t\t\t<p>Atribui\u00e7\u00e3o da classifica\u00e7\u00e3o de PME L\u00edder pelo IAPMEI.<\/p>\n\n\t\t<\/div>\n\t<\/div>\n<\/div><\/div><\/div><\/div><div class=\"vc_row wpb_row vc_inner vc_row-fluid consultab-history vc_row-o-equal-height vc_row-o-content-middle vc_row-flex\"><div class=\"text-lg-center text-md-left text-left mb-2 mb-lg-0 mb-md-0 wpb_column vc_column_container vc_col-sm-12 vc_col-lg-2 vc_col-md-3\"><div class=\"vc_column-inner\"><div class=\"wpb_wrapper\">\n\t<div class=\"wpb_text_column wpb_content_element  no-margin\" >\n\t\t<div class=\"wpb_wrapper\">\n\t\t\t<h4 class=\"year\">2010<\/h4>\n\n\t\t<\/div>\n\t<\/div>\n<\/div><\/div><\/div><div class=\"wpb_column vc_column_container vc_col-sm-12 vc_col-lg-8 vc_col-md-7\"><div class=\"vc_column-inner\"><div class=\"wpb_wrapper\">\n\t<div class=\"wpb_text_column wpb_content_element  no-margin history-details\" >\n\t\t<div class=\"wpb_wrapper\">\n\t\t\t<p>Constru\u00e7\u00e3o de uma unidade fabril de transforma\u00e7\u00e3o de carne e peixe. Esta unidade foi equipada de ra\u00edz, com os melhores equipamentos, da mais elevada tecnologia na \u00e1rea da transforma\u00e7\u00e3o e produ\u00e7\u00e3o de produtos alimentares. Possu\u00edmos um sistema de tratamento de \u00e1guas residuais (ETAR) e implementa\u00e7\u00e3o do sistema HACCP de forma a dar cumprimento \u00e0s normas de higiene e seguran\u00e7a alimentar.<\/p>\n\n\t\t<\/div>\n\t<\/div>\n<\/div><\/div><\/div><\/div><div class=\"vc_row wpb_row vc_inner vc_row-fluid consultab-history vc_row-o-equal-height vc_row-o-content-middle vc_row-flex\"><div class=\"text-lg-center text-md-left text-left mb-2 mb-lg-0 mb-md-0 wpb_column vc_column_container vc_col-sm-12 vc_col-lg-2 vc_col-md-3\"><div class=\"vc_column-inner\"><div class=\"wpb_wrapper\">\n\t<div class=\"wpb_text_column wpb_content_element  no-margin\" >\n\t\t<div class=\"wpb_wrapper\">\n\t\t\t<h4 class=\"year\">2012<\/h4>\n\n\t\t<\/div>\n\t<\/div>\n<\/div><\/div><\/div><div class=\"wpb_column vc_column_container vc_col-sm-12 vc_col-lg-8 vc_col-md-7\"><div class=\"vc_column-inner\"><div class=\"wpb_wrapper\">\n\t<div class=\"wpb_text_column wpb_content_element  no-margin history-details\" >\n\t\t<div class=\"wpb_wrapper\">\n\t\t\t<p>Obten\u00e7\u00e3o da Certifica\u00e7\u00e3o NP EN ISO 9001:2008 pela SGS com o \u00e2mbito:<\/p>\n<div>\n<ul class=\"tick\">\n<li>\u00a0\u00a0\u00a0 Transforma\u00e7\u00e3o e Embalamento de Pescado e Carne Congelados.<\/li>\n<li>\u00a0\u00a0\u00a0 Prepara\u00e7\u00e3o, Demolha e Congela\u00e7\u00e3o de Bacalhau Salgado Verde<\/li>\n<li>\u00a0\u00a0\u00a0 Embalamento de Bacalhau Salgado Seco<\/li>\n<li>\u00a0\u00a0\u00a0 Desmancha, Fabrico de Preparados e Congela\u00e7\u00e3o de Carnes Frescas<\/li>\n<li>\u00a0\u00a0\u00a0 Armazenamento, Comercializa\u00e7\u00e3o e Distribui\u00e7\u00e3o de Produtos Alimentares Secos, Refrigerados e Congelados<\/li>\n<\/ul>\n<\/div>\n\n\t\t<\/div>\n\t<\/div>\n<\/div><\/div><\/div><\/div><div class=\"vc_row wpb_row vc_inner vc_row-fluid consultab-history vc_row-o-equal-height vc_row-o-content-middle vc_row-flex\"><div class=\"text-lg-center text-md-left text-left mb-2 mb-lg-0 mb-md-0 wpb_column vc_column_container vc_col-sm-12 vc_col-lg-2 vc_col-md-3\"><div class=\"vc_column-inner\"><div class=\"wpb_wrapper\">\n\t<div class=\"wpb_text_column wpb_content_element  no-margin\" >\n\t\t<div class=\"wpb_wrapper\">\n\t\t\t<h4 class=\"year\">2014<\/h4>\n\n\t\t<\/div>\n\t<\/div>\n<\/div><\/div><\/div><div class=\"wpb_column vc_column_container vc_col-sm-12 vc_col-lg-8 vc_col-md-7\"><div class=\"vc_column-inner\"><div class=\"wpb_wrapper\">\n\t<div class=\"wpb_text_column wpb_content_element  no-margin history-details\" >\n\t\t<div class=\"wpb_wrapper\">\n\t\t\t<p>In\u00edcio do aumento da unidade fabril no setor do pescado e desenvolvimento de nova \u00e1rea para pr\u00e9-cozinhados.<\/p>\n\n\t\t<\/div>\n\t<\/div>\n<\/div><\/div><\/div><\/div><div class=\"vc_row wpb_row vc_inner vc_row-fluid consultab-history vc_row-o-equal-height vc_row-o-content-middle vc_row-flex\"><div class=\"text-lg-center text-md-left text-left mb-2 mb-lg-0 mb-md-0 wpb_column vc_column_container vc_col-sm-12 vc_col-lg-2 vc_col-md-3\"><div class=\"vc_column-inner\"><div class=\"wpb_wrapper\">\n\t<div class=\"wpb_text_column wpb_content_element  no-margin\" >\n\t\t<div class=\"wpb_wrapper\">\n\t\t\t<h4 class=\"year\">2015<\/h4>\n\n\t\t<\/div>\n\t<\/div>\n<\/div><\/div><\/div><div class=\"wpb_column vc_column_container vc_col-sm-12 vc_col-lg-8 vc_col-md-7\"><div class=\"vc_column-inner\"><div class=\"wpb_wrapper\">\n\t<div class=\"wpb_text_column wpb_content_element  no-margin history-details\" >\n\t\t<div class=\"wpb_wrapper\">\n\t\t\t<p>Renova\u00e7\u00e3o da certifica\u00e7\u00e3o NP EN ISO 9001:2008 e concess\u00e3o da NP ISO 22000:2005 pela SGS com o \u00e2mbito:<\/p>\n<div>\n<ul class=\"tick\">\n<li>\u00a0\u00a0\u00a0 Transforma\u00e7\u00e3o e Embalamento de Pescado e Carne Congelados.<\/li>\n<li>\u00a0\u00a0\u00a0 Prepara\u00e7\u00e3o, Demolha e Congela\u00e7\u00e3o de Bacalhau Salgado Verde<\/li>\n<li>\u00a0\u00a0\u00a0 Embalamento de Bacalhau Salgado Seco<\/li>\n<li>\u00a0\u00a0\u00a0 Desmancha, Fabrico de Preparados e Congela\u00e7\u00e3o de Carnes Frescas<\/li>\n<li>\u00a0\u00a0\u00a0 Armazenamento, Comercializa\u00e7\u00e3o e Distribui\u00e7\u00e3o de Produtos Alimentares Secos, Refrigerados e Congelados<\/li>\n<\/ul>\n<\/div>\n\n\t\t<\/div>\n\t<\/div>\n<\/div><\/div><\/div><\/div><div class=\"vc_row wpb_row vc_inner vc_row-fluid consultab-history vc_row-o-equal-height vc_row-o-content-middle vc_row-flex\"><div class=\"text-lg-center text-md-left text-left mb-2 mb-lg-0 mb-md-0 wpb_column vc_column_container vc_col-sm-12 vc_col-lg-2 vc_col-md-3\"><div class=\"vc_column-inner\"><div class=\"wpb_wrapper\">\n\t<div class=\"wpb_text_column wpb_content_element  no-margin\" >\n\t\t<div class=\"wpb_wrapper\">\n\t\t\t<h4 class=\"year\">2015<\/h4>\n\n\t\t<\/div>\n\t<\/div>\n<\/div><\/div><\/div><div class=\"wpb_column vc_column_container vc_col-sm-12 vc_col-lg-8 vc_col-md-7\"><div class=\"vc_column-inner\"><div class=\"wpb_wrapper\">\n\t<div class=\"wpb_text_column wpb_content_element  no-margin history-details\" >\n\t\t<div class=\"wpb_wrapper\">\n\t\t\t<p>Atribui\u00e7\u00e3o da classifica\u00e7\u00e3o de PME EXCEL\u00caNCIA 2014 pelo IAPMEI.<\/p>\n\n\t\t<\/div>\n\t<\/div>\n<\/div><\/div><\/div><\/div><div class=\"vc_row wpb_row vc_inner vc_row-fluid consultab-history vc_row-o-equal-height vc_row-o-content-middle vc_row-flex\"><div class=\"text-lg-center text-md-left text-left mb-2 mb-lg-0 mb-md-0 wpb_column vc_column_container vc_col-sm-12 vc_col-lg-2 vc_col-md-3\"><div class=\"vc_column-inner\"><div class=\"wpb_wrapper\">\n\t<div class=\"wpb_text_column wpb_content_element  no-margin\" >\n\t\t<div class=\"wpb_wrapper\">\n\t\t\t<h4 class=\"year\">2016<\/h4>\n\n\t\t<\/div>\n\t<\/div>\n<\/div><\/div><\/div><div class=\"wpb_column vc_column_container vc_col-sm-12 vc_col-lg-8 vc_col-md-7\"><div class=\"vc_column-inner\"><div class=\"wpb_wrapper\">\n\t<div class=\"wpb_text_column wpb_content_element  no-margin history-details\" >\n\t\t<div class=\"wpb_wrapper\">\n\t\t\t<p>Conclus\u00e3o da interven\u00e7\u00e3o do aumento da unidade fabril e in\u00edcio das novas atividades de produ\u00e7\u00e3o.<\/p>\n\n\t\t<\/div>\n\t<\/div>\n<\/div><\/div><\/div><\/div><div class=\"vc_row wpb_row vc_inner vc_row-fluid consultab-history vc_row-o-equal-height vc_row-o-content-middle vc_row-flex\"><div class=\"text-lg-center text-md-left text-left mb-2 mb-lg-0 mb-md-0 wpb_column vc_column_container vc_col-sm-12 vc_col-lg-2 vc_col-md-3\"><div class=\"vc_column-inner\"><div class=\"wpb_wrapper\">\n\t<div class=\"wpb_text_column wpb_content_element  no-margin\" >\n\t\t<div class=\"wpb_wrapper\">\n\t\t\t<h4 class=\"year\">2020<\/h4>\n\n\t\t<\/div>\n\t<\/div>\n<\/div><\/div><\/div><div class=\"wpb_column vc_column_container vc_col-sm-12 vc_col-lg-8 vc_col-md-7\"><div class=\"vc_column-inner\"><div class=\"wpb_wrapper\">\n\t<div class=\"wpb_text_column wpb_content_element  no-margin history-details\" >\n\t\t<div class=\"wpb_wrapper\">\n\t\t\t<p>Implementa\u00e7\u00e3o de pain\u00e9is solares para uma maior efici\u00eancia energ\u00e9tica e sustentabilidade da empresa.<\/p>\n\n\t\t<\/div>\n\t<\/div>\n<\/div><\/div><\/div><\/div><\/div><\/div><\/div><\/div>","protected":false},"excerpt":{"rendered":"Macro-FrioHist\u00f3ria 1992 In\u00edcio da actividade da MACRO-FRIO, como sociedade por quotas. 2004 Renova\u00e7\u00e3o e Aumento das Instala\u00e7\u00f5es. 2009 Atribui\u00e7\u00e3o da classifica\u00e7\u00e3o de PME L\u00edder pelo IAPMEI. 2010 Constru\u00e7\u00e3o de uma unidade fabril de transforma\u00e7\u00e3o de carne e peixe. Esta unidade foi equipada de ra\u00edz, com os melhores equipamentos, da mais elevada tecnologia na \u00e1rea da [...]","protected":false},"author":1,"featured_media":0,"parent":0,"menu_order":0,"comment_status":"closed","ping_status":"closed","template":"full-page.php","meta":{"footnotes":""},"class_list":["post-4457","page","type-page","status-publish","hentry"],"_links":{"self":[{"href":"http:\/\/macro-frio.pt\/de\/wp-json\/wp\/v2\/pages\/4457","targetHints":{"allow":["GET"]}}],"collection":[{"href":"http:\/\/macro-frio.pt\/de\/wp-json\/wp\/v2\/pages"}],"about":[{"href":"http:\/\/macro-frio.pt\/de\/wp-json\/wp\/v2\/types\/page"}],"author":[{"embeddable":true,"href":"http:\/\/macro-frio.pt\/de\/wp-json\/wp\/v2\/users\/1"}],"replies":[{"embeddable":true,"href":"http:\/\/macro-frio.pt\/de\/wp-json\/wp\/v2\/comments?post=4457"}],"version-history":[{"count":6,"href":"http:\/\/macro-frio.pt\/de\/wp-json\/wp\/v2\/pages\/4457\/revisions"}],"predecessor-version":[{"id":5063,"href":"http:\/\/macro-frio.pt\/de\/wp-json\/wp\/v2\/pages\/4457\/revisions\/5063"}],"wp:attachment":[{"href":"http:\/\/macro-frio.pt\/de\/wp-json\/wp\/v2\/media?parent=4457"}],"curies":[{"name":"wp","href":"https:\/\/api.w.org\/{rel}","templated":true}]}}