{"id":4445,"date":"2020-10-06T11:05:51","date_gmt":"2020-10-06T11:05:51","guid":{"rendered":"https:\/\/macro-frio.pt\/?page_id=4445"},"modified":"2021-11-26T11:56:37","modified_gmt":"2021-11-26T11:56:37","slug":"sobre-nos","status":"publish","type":"page","link":"http:\/\/macro-frio.pt\/de\/sobre-nos\/","title":{"rendered":"Sobre N\u00f3s"},"content":{"rendered":"<div class=\"vc_row wpb_row vc_row-fluid about-us-images vc_custom_1574052395545\"><div class=\"wpb_column vc_column_container vc_col-sm-12 vc_col-lg-6 vc_col-md-6\"><div class=\"vc_column-inner\"><div class=\"wpb_wrapper\"><div class=\"title-box mb-3 text-left\"><span class=\"title-design\">Macro-Frio<\/span><h2 class=\"title\">Sobre N\u00f3s<\/h2><\/div>\n\t<div class=\"wpb_text_column wpb_content_element  mt-4\" >\n\t\t<div class=\"wpb_wrapper\">\n\t\t\t<p align=\"justify\">Fundada em 1992, com sede em Tarouca \u2013 Portugal, a Macro-Frio, S.A. dedica-se \u00e0 produ\u00e7\u00e3o, comercializa\u00e7\u00e3o e distribui\u00e7\u00e3o de Produtos Alimentares. Com o foco numa evolu\u00e7\u00e3o constante, t\u00eam sido efetuados investimentos na moderniza\u00e7\u00e3o da empresa, dotando-a com a melhor tecnologia, equipamentos de produ\u00e7\u00e3o e de log\u00edstica. Desta forma, tornou-se uma empresa refer\u00eancia do Setor Alimentar no mercado Portugu\u00eas.<\/p>\n<p align=\"justify\">Os produtos Macro-Frio S.A. est\u00e3o hoje presentes em v\u00e1rios segmentos de clientes da \u00e1rea alimentar no mercado nacional, tendo tamb\u00e9m j\u00e1 conquistado forte express\u00e3o nos mercados internacionais.<\/p>\n\n\t\t<\/div>\n\t<\/div>\n<\/div><\/div><\/div><div class=\"text-lg-right text-center mt-5 mt-lg-0 mt-xl-0 wpb_column vc_column_container vc_col-sm-12 vc_col-lg-6 vc_col-md-6\"><div class=\"vc_column-inner\"><div class=\"wpb_wrapper\"><div class=\"vc_empty_space\"   style=\"height: 110px\"><span class=\"vc_empty_space_inner\"><\/span><\/div>\n\t<div  class=\"wpb_single_image wpb_content_element vc_align_center\">\n\t\t\n\t\t<figure class=\"wpb_wrapper vc_figure\">\n\t\t\t<div class=\"vc_single_image-wrapper   vc_box_border_grey\"><img loading=\"lazy\" decoding=\"async\" class=\"vc_single_image-img\" src=\"https:\/\/macro-frio.pt\/wp-content\/uploads\/2021\/03\/Sobre_nos45sd.png\" width=\"800\" height=\"322\" alt=\"Sobre_nos45sd\" title=\"Sobre_nos45sd\" \/><\/div>\n\t\t<\/figure>\n\t<\/div>\n<\/div><\/div><\/div><div class=\"wpb_column vc_column_container vc_col-sm-12\"><div class=\"vc_column-inner\"><div class=\"wpb_wrapper\">\n\t<div class=\"wpb_text_column wpb_content_element  mt-4\" >\n\t\t<div class=\"wpb_wrapper\">\n\t\t\t<p align=\"justify\">A estrat\u00e9gia da Macro-Frio est\u00e1 direcionada para a melhoria cont\u00ednua e acompanhamento das necessidades do mercado e dos seus clientes, exemplo de tal, \u00e9 o in\u00edcio da sua atividade na transforma\u00e7\u00e3o de produtos alimentares \u00e0 base de carnes e peixe em 2011, tendo em 2016 iniciado a produ\u00e7\u00e3o de produtos pr\u00e9-cozinhados.<\/p>\n<p align=\"justify\">A Macro-Frio S.A. tamb\u00e9m tem investido continuamente em recursos humanos capazes, no refor\u00e7o dos sistemas de qualidade e seguran\u00e7a alimentar, de forma a cumprir devidamente com a legisla\u00e7\u00e3o em vigor, garantindo qualidade e seguran\u00e7a alimentar nos produtos dispon\u00edveis.<\/p>\n\n\t\t<\/div>\n\t<\/div>\n<\/div><\/div><\/div><div class=\"wpb_column vc_column_container vc_col-sm-12\"><div class=\"vc_column-inner\"><div class=\"wpb_wrapper\">\n\t<div class=\"wpb_text_column wpb_content_element  mt-4\" >\n\t\t<div class=\"wpb_wrapper\">\n\t\t\t<h4 class=\"p1\"><b>Miss\u00e3o <\/b><\/h4>\n<ul class=\"ul1\">\n<li class=\"li2\">Garantir a total satisfa\u00e7\u00e3o dos clientes, tendo em conta a melhoria cont\u00ednua de todos os processos.<\/li>\n<li class=\"li2\">Responder \u00e0s exig\u00eancias dos clientes, de forma a fornecer produtos alimentares com total Seguran\u00e7a e de acordo com os requisitos exigidos pelos clientes.<\/li>\n<li class=\"li1\">Garantir que os produtos alimentares manipulados, armazenados e transformados, cumpram os Requisitos de Higiene e de Seguran\u00e7a Alimentar para o Consumidor Final.<\/li>\n<\/ul>\n<h4 class=\"p1\"><b>Vis\u00e3o <\/b><\/h4>\n<ul class=\"ul1\">\n<li class=\"li4\">Melhorar de forma cont\u00ednua todos os processos da empresa.<\/li>\n<li class=\"li4\">Alargar e melhorar as instala\u00e7\u00f5es para responder mais rapidamente e de forma eficaz \u00e0s exig\u00eancias propostas pelos nossos clientes e produ\u00e7\u00e3o de novos produtos.<\/li>\n<li class=\"li1\">Realizar uma sele\u00e7\u00e3o mais rigorosa dos fornecedores, de forma a garantir a m\u00e1xima qualidade dos produtos alimentares recebidos.<\/li>\n<\/ul>\n\n\t\t<\/div>\n\t<\/div>\n<\/div><\/div><\/div><\/div>","protected":false},"excerpt":{"rendered":"Macro-FrioSobre N\u00f3s Fundada em 1992, com sede em Tarouca \u2013 Portugal, a Macro-Frio, S.A. dedica-se \u00e0 produ\u00e7\u00e3o, comercializa\u00e7\u00e3o e distribui\u00e7\u00e3o de Produtos Alimentares. Com o foco numa evolu\u00e7\u00e3o constante, t\u00eam sido efetuados investimentos na moderniza\u00e7\u00e3o da empresa, dotando-a com a melhor tecnologia, equipamentos de produ\u00e7\u00e3o e de log\u00edstica. Desta forma, tornou-se uma empresa refer\u00eancia do [...]","protected":false},"author":1,"featured_media":0,"parent":0,"menu_order":0,"comment_status":"closed","ping_status":"closed","template":"full-page.php","meta":{"footnotes":""},"class_list":["post-4445","page","type-page","status-publish","hentry"],"_links":{"self":[{"href":"http:\/\/macro-frio.pt\/de\/wp-json\/wp\/v2\/pages\/4445","targetHints":{"allow":["GET"]}}],"collection":[{"href":"http:\/\/macro-frio.pt\/de\/wp-json\/wp\/v2\/pages"}],"about":[{"href":"http:\/\/macro-frio.pt\/de\/wp-json\/wp\/v2\/types\/page"}],"author":[{"embeddable":true,"href":"http:\/\/macro-frio.pt\/de\/wp-json\/wp\/v2\/users\/1"}],"replies":[{"embeddable":true,"href":"http:\/\/macro-frio.pt\/de\/wp-json\/wp\/v2\/comments?post=4445"}],"version-history":[{"count":41,"href":"http:\/\/macro-frio.pt\/de\/wp-json\/wp\/v2\/pages\/4445\/revisions"}],"predecessor-version":[{"id":5939,"href":"http:\/\/macro-frio.pt\/de\/wp-json\/wp\/v2\/pages\/4445\/revisions\/5939"}],"wp:attachment":[{"href":"http:\/\/macro-frio.pt\/de\/wp-json\/wp\/v2\/media?parent=4445"}],"curies":[{"name":"wp","href":"https:\/\/api.w.org\/{rel}","templated":true}]}}