{"id":4211,"date":"2020-08-03T12:16:51","date_gmt":"2020-08-03T12:16:51","guid":{"rendered":"https:\/\/macro-frio.pt\/?page_id=4211"},"modified":"2022-04-13T16:36:09","modified_gmt":"2022-04-13T16:36:09","slug":"diversos","status":"publish","type":"page","link":"http:\/\/macro-frio.pt\/de\/diversos\/","title":{"rendered":"Diversos"},"content":{"rendered":"<div class=\"vc_row wpb_row vc_row-fluid vc_custom_1596446499649\"><div class=\"images-effect wpb_column vc_column_container vc_col-sm-12 vc_col-lg-6 vc_col-md-5\"><div class=\"vc_column-inner\"><div class=\"wpb_wrapper\">\n\t<div  class=\"wpb_single_image wpb_content_element vc_align_left   mb-0\">\n\t\t\n\t\t<figure class=\"wpb_wrapper vc_figure\">\n\t\t\t<div class=\"vc_single_image-wrapper   vc_box_border_grey\"><img loading=\"lazy\" decoding=\"async\" class=\"vc_single_image-img\" src=\"https:\/\/macro-frio.pt\/wp-content\/uploads\/2021\/03\/diversos-800x450.jpg\" width=\"800\" height=\"450\" alt=\"diversos\" title=\"diversos\" \/><\/div>\n\t\t<\/figure>\n\t<\/div>\n<\/div><\/div><\/div><div class=\"our-services-tab side-tab mt-5 mt-lg-0 mt-xl-0 wpb_column vc_column_container vc_col-sm-12 vc_col-lg-6 vc_col-md-7\"><div class=\"vc_column-inner\"><div class=\"wpb_wrapper\"><div class=\"title-box  text-left\"><span class=\"title-design\">Macro-Frio<\/span><h2 class=\"title\">Diversos<\/h2><\/div>\n\t<div class=\"wpb_text_column wpb_content_element\" >\n\t\t<div class=\"wpb_wrapper\">\n\t\t\t<p align=\"justify\">Na Macro-Frio, S.A. h\u00e1 um conjunto de princ\u00edpios que constituem a base do posicionamento e desempenho.<\/p>\n<p align=\"justify\">A considera\u00e7\u00e3o constante de todos os fatores que determinam a qualidade dos produtos que s\u00e3o comercializados. Uma vasta gama de produtos (Legumes, Enlatados, Ovos, Padaria e Pastelaria), que complementam uma oferta diversificada, caracterizada pela alta qualidade e uniformidade do seu posicionamento.<\/p>\n<p align=\"justify\">Contemos uma basta gama de produtos, conseguindo sempre agradar a todos aqueles que nos procuram. A pensar em si selecionamos alguns dos muitos produtos que pode encontrar na nossa marca.<\/p>\n\n\t\t<\/div>\n\t<\/div>\n<\/div><\/div><\/div><\/div><div class=\"vc_row wpb_row vc_row-fluid\"><div class=\"mt-4 mt-lg-0 wpb_column vc_column_container vc_col-sm-6 vc_col-lg-4 vc_col-md-4\"><div class=\"vc_column-inner\"><div class=\"wpb_wrapper\"><div class=\"title-box  text-left\"><span class=\"title-design sub-title\"><\/span><h5 class=\"title\">PASTELARIA<\/h5><\/div>\r\n\t<div class=\"text-left\">\r\n\t\t<ul class=\"iq-list\">\r\n\t        <li>\r\n\t            <i class=\"fa fa-check-square-o\"><\/i>\r\n\t\t            <span style=\"color: #000000\">Bolo de bolacha<\/span>        \r\n\t        <\/li>\r\n\t        <li>\r\n\t            <i class=\"fa fa-check-square-o\"><\/i>\r\n\t\t            <span style=\"color: #000000\">Bola de Berlim<\/span>        \r\n\t        <\/li>\r\n\t        <li>\r\n\t            <i class=\"fa fa-check-square-o\"><\/i>\r\n\t\t            <span style=\"color: #000000\">Natas do c\u00e9u<\/span>        \r\n\t        <\/li>\r\n\t        <li>\r\n\t            <i class=\"fa fa-check-square-o\"><\/i>\r\n\t\t            <span style=\"color: #000000\">Pastel de nata<\/span>        \r\n\t        <\/li>\r\n\t        <li>\r\n\t            <i class=\"fa fa-check-square-o\"><\/i>\r\n\t\t            <span style=\"color: #000000\">Eclair de chocolate<\/span>        \r\n\t        <\/li>\r\n\t        <li>\r\n\t            <i class=\"fa fa-check-square-o\"><\/i>\r\n\t\t            <span style=\"color: #000000\">Profiteroles<\/span>        \r\n\t        <\/li>\r\n\t        <li>\r\n\t            <i class=\"fa fa-check-square-o\"><\/i>\r\n\t\t            <span style=\"color: #000000\">Baba de camelo<\/span>        \r\n\t        <\/li>\r\n\t        <li>\r\n\t            <i class=\"fa fa-check-square-o\"><\/i>\r\n\t\t            <span style=\"color: #000000\">Bolo rei<\/span>        \r\n\t        <\/li>\r\n\t        <li>\r\n\t            <i class=\"fa fa-check-square-o\"><\/i>\r\n\t\t            <span style=\"color: #000000\">Tarte de ma\u00e7\u00e3<\/span>        \r\n\t        <\/li>\r\n\t        <li>\r\n\t            <i class=\"fa fa-check-square-o\"><\/i>\r\n\t\t            <span style=\"color: #000000\">Mil-Folhas<\/span>        \r\n\t        <\/li>\r\n\t        <li>\r\n\t            <i class=\"fa fa-check-square-o\"><\/i>\r\n\t\t            <span style=\"color: #000000\">Del\u00edcia de Caf\u00e9<\/span>        \r\n\t        <\/li>\r\n\t        <li>\r\n\t            <i class=\"fa fa-check-square-o\"><\/i>\r\n\t\t            <span style=\"color: #000000\">Bolo Rainha<\/span>        \r\n\t        <\/li>\r\n\t        <li>\r\n\t            <i class=\"fa fa-check-square-o\"><\/i>\r\n\t\t            <span style=\"color: #000000\">Bola de Carne<\/span>        \r\n\t        <\/li>\r\n\t        <li>\r\n\t            <i class=\"fa fa-check-square-o\"><\/i>\r\n\t\t            <span style=\"color: #000000\">Molotoff (Ovo\/Caramelo)<\/span>        \r\n\t        <\/li>\r\n\t        <li>\r\n\t            <i class=\"fa fa-check-square-o\"><\/i>\r\n\t\t            <span style=\"color: #000000\">Broa Castelar<\/span>        \r\n\t        <\/li>\r\n\t\t<\/ul>\r\n\t<\/div><\/div><\/div><\/div><div class=\"wpb_column vc_column_container vc_col-sm-6 vc_col-lg-4 vc_col-md-4\"><div class=\"vc_column-inner\"><div class=\"wpb_wrapper\"><div class=\"title-box  text-left\"><span class=\"title-design sub-title\"><\/span><h5 class=\"title\">LEGUMES<\/h5><\/div>\r\n\t<div class=\"text-left\">\r\n\t\t<ul class=\"iq-list\">\r\n\t        <li>\r\n\t            <i class=\"fa fa-check-square-o\"><\/i>\r\n\t\t            <span style=\"color: #000000\">Maced\u00f3nia<\/span>        \r\n\t        <\/li>\r\n\t        <li>\r\n\t            <i class=\"fa fa-check-square-o\"><\/i>\r\n\t\t            <span style=\"color: #000000\">Ervilhas<\/span>        \r\n\t        <\/li>\r\n\t        <li>\r\n\t            <i class=\"fa fa-check-square-o\"><\/i>\r\n\t\t            <span style=\"color: #000000\">Feij\u00e3o verde<\/span>        \r\n\t        <\/li>\r\n\t        <li>\r\n\t            <i class=\"fa fa-check-square-o\"><\/i>\r\n\t\t            <span style=\"color: #000000\">Favas<\/span>        \r\n\t        <\/li>\r\n\t        <li>\r\n\t            <i class=\"fa fa-check-square-o\"><\/i>\r\n\t\t            <span style=\"color: #000000\">Br\u00f3culos<\/span>        \r\n\t        <\/li>\r\n\t        <li>\r\n\t            <i class=\"fa fa-check-square-o\"><\/i>\r\n\t\t            <span style=\"color: #000000\">Couve-de-Bruxelas<\/span>        \r\n\t        <\/li>\r\n\t        <li>\r\n\t            <i class=\"fa fa-check-square-o\"><\/i>\r\n\t\t            <span style=\"color: #000000\">Pimentos<\/span>        \r\n\t        <\/li>\r\n\t        <li>\r\n\t            <i class=\"fa fa-check-square-o\"><\/i>\r\n\t\t            <span style=\"color: #000000\">Batata pr\u00e9-frita<\/span>        \r\n\t        <\/li>\r\n\t        <li>\r\n\t            <i class=\"fa fa-check-square-o\"><\/i>\r\n\t\t            <span style=\"color: #000000\">Castanha crua<\/span>        \r\n\t        <\/li>\r\n\t        <li>\r\n\t            <i class=\"fa fa-check-square-o\"><\/i>\r\n\t\t            <span style=\"color: #000000\">Caldo Verde<\/span>        \r\n\t        <\/li>\r\n\t\t<\/ul>\r\n\t<\/div><div class=\"vc_separator wpb_content_element vc_separator_align_center vc_sep_width_100 vc_sep_pos_align_center vc_separator_no_text vc_sep_color_grey\" ><span class=\"vc_sep_holder vc_sep_holder_l\"><span  class=\"vc_sep_line\"><\/span><\/span><span class=\"vc_sep_holder vc_sep_holder_r\"><span  class=\"vc_sep_line\"><\/span><\/span>\n<\/div><div class=\"title-box  text-left\"><span class=\"title-design sub-title\"><\/span><h5 class=\"title\">OVOS<\/h5><\/div>\r\n\t<div class=\"text-left\">\r\n\t\t<ul class=\"iq-list\">\r\n\t        <li>\r\n\t            <i class=\"fa fa-check-square-o\"><\/i>\r\n\t\t            <span style=\"color: #000000\">Ovos<\/span>        \r\n\t        <\/li>\r\n\t\t<\/ul>\r\n\t<\/div><\/div><\/div><\/div><div class=\"mt-4 mt-lg-0 mt-md-0 wpb_column vc_column_container vc_col-sm-6 vc_col-lg-4 vc_col-md-4\"><div class=\"vc_column-inner\"><div class=\"wpb_wrapper\"><div class=\"title-box  text-left\"><span class=\"title-design sub-title\"><\/span><h5 class=\"title\">PADARIA<\/h5><\/div>\r\n\t<div class=\"text-left\">\r\n\t\t<ul class=\"iq-list\">\r\n\t        <li>\r\n\t            <i class=\"fa fa-check-square-o\"><\/i>\r\n\t\t            <span style=\"color: #000000\">Baguete r\u00fastica<\/span>        \r\n\t        <\/li>\r\n\t        <li>\r\n\t            <i class=\"fa fa-check-square-o\"><\/i>\r\n\t\t            <span style=\"color: #000000\">P\u00e3o da Beira com chouri\u00e7o<\/span>        \r\n\t        <\/li>\r\n\t        <li>\r\n\t            <i class=\"fa fa-check-square-o\"><\/i>\r\n\t\t            <span style=\"color: #000000\">Broa de milho amarela<\/span>        \r\n\t        <\/li>\r\n\t\t<\/ul>\r\n\t<\/div><div class=\"vc_separator wpb_content_element vc_separator_align_center vc_sep_width_100 vc_sep_pos_align_center vc_separator_no_text vc_sep_color_grey\" ><span class=\"vc_sep_holder vc_sep_holder_l\"><span  class=\"vc_sep_line\"><\/span><\/span><span class=\"vc_sep_holder vc_sep_holder_r\"><span  class=\"vc_sep_line\"><\/span><\/span>\n<\/div><div class=\"title-box  text-left\"><span class=\"title-design sub-title\"><\/span><h5 class=\"title\">ENLATADOS<\/h5><\/div>\r\n\t<div class=\"text-left\">\r\n\t\t<ul class=\"iq-list\">\r\n\t        <li>\r\n\t            <i class=\"fa fa-check-square-o\"><\/i>\r\n\t\t            <span style=\"color: #000000\">Salsichas<\/span>        \r\n\t        <\/li>\r\n\t        <li>\r\n\t            <i class=\"fa fa-check-square-o\"><\/i>\r\n\t\t            <span style=\"color: #000000\">Atum<\/span>        \r\n\t        <\/li>\r\n\t        <li>\r\n\t            <i class=\"fa fa-check-square-o\"><\/i>\r\n\t\t            <span style=\"color: #000000\">Azeitonas<\/span>        \r\n\t        <\/li>\r\n\t        <li>\r\n\t            <i class=\"fa fa-check-square-o\"><\/i>\r\n\t\t            <span style=\"color: #000000\">Tremo\u00e7os<\/span>        \r\n\t        <\/li>\r\n\t        <li>\r\n\t            <i class=\"fa fa-check-square-o\"><\/i>\r\n\t\t            <span style=\"color: #000000\">Picles<\/span>        \r\n\t        <\/li>\r\n\t\t<\/ul>\r\n\t<\/div><\/div><\/div><\/div><div class=\"wpb_column vc_column_container vc_col-sm-12\"><div class=\"vc_column-inner\"><div class=\"wpb_wrapper\"><div class=\"vc_separator wpb_content_element vc_separator_align_center vc_sep_width_100 vc_sep_pos_align_center vc_separator_no_text vc_sep_color_white\" ><span class=\"vc_sep_holder vc_sep_holder_l\"><span  class=\"vc_sep_line\"><\/span><\/span><span class=\"vc_sep_holder vc_sep_holder_r\"><span  class=\"vc_sep_line\"><\/span><\/span>\n<\/div><\/div><\/div><\/div><div class=\"wpb_column vc_column_container vc_col-sm-12\"><div class=\"vc_column-inner\"><div class=\"wpb_wrapper\">\n\t<div class=\"wpb_text_column wpb_content_element\" >\n\t\t<div class=\"wpb_wrapper\">\n\t\t\t<p><a href=\"https:\/\/macro-frio.pt\/de\/localizacao-e-informacao\/\" target=\"_blank\" rel=\"noopener noreferrer\">Para saber mais sobre todos os nossos produtos contacte-nos!<\/a><\/p>\n\n\t\t<\/div>\n\t<\/div>\n<\/div><\/div><\/div><\/div><div data-vc-full-width=\"true\" data-vc-full-width-init=\"false\" class=\"vc_row wpb_row vc_row-fluid effect-banner vc_custom_1571218039705 vc_row-has-fill\"><div class=\"wpb_column vc_column_container vc_col-sm-12\"><div class=\"vc_column-inner\"><div class=\"wpb_wrapper\"><div class=\"vc_row wpb_row vc_inner vc_row-fluid vc_row-o-equal-height vc_row-o-content-middle vc_row-flex\"><div class=\"wpb_column vc_column_container vc_col-sm-4 vc_col-lg-4 vc_col-md-4\"><div class=\"vc_column-inner\"><div class=\"wpb_wrapper\"><div class=\"title-box text-white  text-left\"><span class=\"title-design\">Macro-Frio<\/span><h2 class=\"title\">Cat\u00e1logos<\/h2><\/div><\/div><\/div><\/div><div class=\"wpb_column vc_column_container vc_col-sm-12 vc_col-lg-5 vc_col-md-5\"><div class=\"vc_column-inner\"><div class=\"wpb_wrapper\">\n\t<div class=\"wpb_text_column wpb_content_element  mb-0 text-white\" >\n\t\t<div class=\"wpb_wrapper\">\n\t\t\t<p align=\" justify\">Consulte aqui os nossos cat\u00e1logos e descubra a variedade de produtos da Macro-Frio.<\/p>\n\n\t\t<\/div>\n\t<\/div>\n<\/div><\/div><\/div><div class=\"wpb_column vc_column_container vc_col-sm-2\"><div class=\"vc_column-inner\"><div class=\"wpb_wrapper\"><\/div><\/div><\/div><\/div><div class=\"vc_row wpb_row vc_inner vc_row-fluid flip-effect-owl vc_custom_1567657026307\"><div class=\"wpb_column vc_column_container vc_col-sm-2\"><div class=\"vc_column-inner\"><div class=\"wpb_wrapper\"><\/div><\/div><\/div><div class=\"wpb_column vc_column_container vc_col-sm-2\"><div class=\"vc_column-inner\"><div class=\"wpb_wrapper\"><\/div><\/div><\/div><div class=\"wpb_column vc_column_container vc_col-sm-2\"><div class=\"vc_column-inner\"><div class=\"wpb_wrapper\"><div class=\"vc_btn3-container  wpb_animate_when_almost_visible wpb_bounceIn bounceIn vc_btn3-center\" ><a onmouseleave=\"this.style.borderColor='#19beec'; this.style.backgroundColor='transparent'; this.style.color='#19beec'\" onmouseenter=\"this.style.borderColor='#ffffff'; this.style.backgroundColor='#ffffff'; this.style.color='#142c4b';\" style=\"border-color:#19beec; color:#19beec;\" class=\"vc_general vc_btn3 vc_btn3-size-md vc_btn3-shape-rounded vc_btn3-style-outline-custom\" href=\"https:\/\/macro-frio.pt\/wp-content\/uploads\/2022\/04\/Catalogo-Diversos-2022.pdf\" title=\"\" target=\"_blank\">Ver cat\u00e1logo de diversos<\/a><\/div><\/div><\/div><\/div><div class=\"wpb_column vc_column_container vc_col-sm-2\"><div class=\"vc_column-inner\"><div class=\"wpb_wrapper\"><div class=\"vc_btn3-container  wpb_animate_when_almost_visible wpb_bounceIn bounceIn vc_btn3-center\" ><a onmouseleave=\"this.style.borderColor='#19beec'; this.style.backgroundColor='transparent'; this.style.color='#19beec'\" onmouseenter=\"this.style.borderColor='#ffffff'; this.style.backgroundColor='#ffffff'; this.style.color='#142c4b';\" style=\"border-color:#19beec; color:#19beec;\" class=\"vc_general vc_btn3 vc_btn3-size-md vc_btn3-shape-rounded vc_btn3-style-outline-custom\" href=\"https:\/\/macro-frio.pt\/de\/catalogos\/\" title=\"\" target=\"_blank\">Ver todos os cat\u00e1logos<\/a><\/div><\/div><\/div><\/div><div class=\"wpb_column vc_column_container vc_col-sm-2\"><div class=\"vc_column-inner\"><div class=\"wpb_wrapper\"><\/div><\/div><\/div><div class=\"wpb_column vc_column_container vc_col-sm-2\"><div class=\"vc_column-inner\"><div class=\"wpb_wrapper\"><\/div><\/div><\/div><\/div><\/div><\/div><\/div><\/div><div class=\"vc_row-full-width vc_clearfix\"><\/div>","protected":false},"excerpt":{"rendered":"Macro-FrioDiversos Na Macro-Frio, S.A. h\u00e1 um conjunto de princ\u00edpios que constituem a base do posicionamento e desempenho. A considera\u00e7\u00e3o constante de todos os fatores que determinam a qualidade dos produtos que s\u00e3o comercializados. Uma vasta gama de produtos (Legumes, Enlatados, Ovos, Padaria e Pastelaria), que complementam uma oferta diversificada, caracterizada pela alta qualidade e uniformidade [...]","protected":false},"author":1,"featured_media":0,"parent":0,"menu_order":0,"comment_status":"closed","ping_status":"closed","template":"full-page.php","meta":{"footnotes":""},"class_list":["post-4211","page","type-page","status-publish","hentry"],"_links":{"self":[{"href":"http:\/\/macro-frio.pt\/de\/wp-json\/wp\/v2\/pages\/4211","targetHints":{"allow":["GET"]}}],"collection":[{"href":"http:\/\/macro-frio.pt\/de\/wp-json\/wp\/v2\/pages"}],"about":[{"href":"http:\/\/macro-frio.pt\/de\/wp-json\/wp\/v2\/types\/page"}],"author":[{"embeddable":true,"href":"http:\/\/macro-frio.pt\/de\/wp-json\/wp\/v2\/users\/1"}],"replies":[{"embeddable":true,"href":"http:\/\/macro-frio.pt\/de\/wp-json\/wp\/v2\/comments?post=4211"}],"version-history":[{"count":62,"href":"http:\/\/macro-frio.pt\/de\/wp-json\/wp\/v2\/pages\/4211\/revisions"}],"predecessor-version":[{"id":5977,"href":"http:\/\/macro-frio.pt\/de\/wp-json\/wp\/v2\/pages\/4211\/revisions\/5977"}],"wp:attachment":[{"href":"http:\/\/macro-frio.pt\/de\/wp-json\/wp\/v2\/media?parent=4211"}],"curies":[{"name":"wp","href":"https:\/\/api.w.org\/{rel}","templated":true}]}}