{"id":4199,"date":"2020-08-03T11:56:26","date_gmt":"2020-08-03T11:56:26","guid":{"rendered":"https:\/\/macro-frio.pt\/?page_id=4199"},"modified":"2020-10-27T23:51:17","modified_gmt":"2020-10-27T23:51:17","slug":"legumes-e-enlatados","status":"publish","type":"page","link":"http:\/\/macro-frio.pt\/de\/legumes-e-enlatados\/","title":{"rendered":"Legumes e Enlatados"},"content":{"rendered":"<div class=\"vc_row wpb_row vc_row-fluid vc_custom_1596446499649\"><div class=\"images-effect wpb_column vc_column_container vc_col-sm-12 vc_col-lg-6 vc_col-md-5\"><div class=\"vc_column-inner\"><div class=\"wpb_wrapper\">\n\t<div  class=\"wpb_single_image wpb_content_element vc_align_left   mb-0\">\n\t\t\n\t\t<figure class=\"wpb_wrapper vc_figure\">\n\t\t\t<div class=\"vc_single_image-wrapper   vc_box_border_grey\"><img loading=\"lazy\" decoding=\"async\" class=\"vc_single_image-img\" src=\"https:\/\/macro-frio.pt\/wp-content\/uploads\/2020\/10\/legumes.jpg\" width=\"800\" height=\"450\" alt=\"legumes\" title=\"legumes\" \/><\/div>\n\t\t<\/figure>\n\t<\/div>\n<\/div><\/div><\/div><div class=\"our-services-tab side-tab mt-5 mt-lg-0 mt-xl-0 wpb_column vc_column_container vc_col-sm-12 vc_col-lg-6 vc_col-md-7\"><div class=\"vc_column-inner\"><div class=\"wpb_wrapper\"><div class=\"title-box  text-left\"><span class=\"title-design\">Macro-Frio<\/span><h2 class=\"title\">Legumes e Enlatados<\/h2><\/div>\n\t<div class=\"wpb_text_column wpb_content_element\" >\n\t\t<div class=\"wpb_wrapper\">\n\t\t\t<p align=\"justify\">Na\u00a0<strong>Macro-Frio<\/strong>, h\u00e1 um conjunto de princ\u00edpios, que constituem a base do nosso posicionamento e desempenho.<br \/>\nA considera\u00e7\u00e3o constante de todos os factores que determinam a irrepreens\u00edvel qualidade dos produtos que comercializamos. Uma vasta gama de produtos, que se relacionam num tra\u00e7o comum &#8211; a qualidade das mat\u00e9rias primas, o cuidado da sua produ\u00e7\u00e3o, a irrepreensibilidade da sua apresenta\u00e7\u00e3o.<\/p>\n\n\t\t<\/div>\n\t<\/div>\n<\/div><\/div><\/div><\/div><div class=\"vc_row wpb_row vc_row-fluid\"><div class=\"wpb_column vc_column_container vc_col-sm-6 vc_col-lg-1\/5 vc_col-md-4\"><div class=\"vc_column-inner\"><div class=\"wpb_wrapper\">\r\n\t<div class=\"text-left\">\r\n\t\t<ul class=\"iq-list\">\r\n\t        <li>\r\n\t            <i class=\"fa fa-check-square-o\"><\/i>\r\n\t\t            <span style=\"color: #000000\">Maced\u00f3nia<\/span>        \r\n\t        <\/li>\r\n\t        <li>\r\n\t            <i class=\"fa fa-check-square-o\"><\/i>\r\n\t\t            <span style=\"color: #000000\">Ervilhas<\/span>        \r\n\t        <\/li>\r\n\t        <li>\r\n\t            <i class=\"fa fa-check-square-o\"><\/i>\r\n\t\t            <span style=\"color: #000000\">Feij\u00e3o verde<\/span>        \r\n\t        <\/li>\r\n\t        <li>\r\n\t            <i class=\"fa fa-check-square-o\"><\/i>\r\n\t\t            <span style=\"color: #000000\">Milho doce<\/span>        \r\n\t        <\/li>\r\n\t\t<\/ul>\r\n\t<\/div><\/div><\/div><\/div><div class=\"mt-4 mt-lg-0 mt-md-0 wpb_column vc_column_container vc_col-sm-6 vc_col-lg-1\/5 vc_col-md-4\"><div class=\"vc_column-inner\"><div class=\"wpb_wrapper\">\r\n\t<div class=\"text-left\">\r\n\t\t<ul class=\"iq-list\">\r\n\t        <li>\r\n\t            <i class=\"fa fa-check-square-o\"><\/i>\r\n\t\t            <span style=\"color: #000000\">Favas<\/span>        \r\n\t        <\/li>\r\n\t        <li>\r\n\t            <i class=\"fa fa-check-square-o\"><\/i>\r\n\t\t            <span style=\"color: #000000\">Br\u00f3culos<\/span>        \r\n\t        <\/li>\r\n\t        <li>\r\n\t            <i class=\"fa fa-check-square-o\"><\/i>\r\n\t\t            <span style=\"color: #000000\">Couve de Bruxelas<\/span>        \r\n\t        <\/li>\r\n\t        <li>\r\n\t            <i class=\"fa fa-check-square-o\"><\/i>\r\n\t\t            <span style=\"color: #000000\">Pimentos<\/span>        \r\n\t        <\/li>\r\n\t\t<\/ul>\r\n\t<\/div><\/div><\/div><\/div><div class=\"mt-4 mt-lg-0 wpb_column vc_column_container vc_col-sm-6 vc_col-lg-1\/5 vc_col-md-4\"><div class=\"vc_column-inner\"><div class=\"wpb_wrapper\">\r\n\t<div class=\"text-left\">\r\n\t\t<ul class=\"iq-list\">\r\n\t        <li>\r\n\t            <i class=\"fa fa-check-square-o\"><\/i>\r\n\t\t            <span style=\"color: #000000\">Batata pr\u00e9-frita<\/span>        \r\n\t        <\/li>\r\n\t        <li>\r\n\t            <i class=\"fa fa-check-square-o\"><\/i>\r\n\t\t            <span style=\"color: #000000\">Castanhas<\/span>        \r\n\t        <\/li>\r\n\t        <li>\r\n\t            <i class=\"fa fa-check-square-o\"><\/i>\r\n\t\t            <span style=\"color: #000000\">Caldo Verde<\/span>        \r\n\t        <\/li>\r\n\t        <li>\r\n\t            <i class=\"fa fa-check-square-o\"><\/i>\r\n\t\t            <span style=\"color: #000000\">Picles<\/span>        \r\n\t        <\/li>\r\n\t\t<\/ul>\r\n\t<\/div><\/div><\/div><\/div><div class=\"wpb_column vc_column_container vc_col-sm-12 vc_col-lg-1\/5 vc_col-md-1\/5\"><div class=\"vc_column-inner\"><div class=\"wpb_wrapper\">\r\n\t<div class=\"text-left\">\r\n\t\t<ul class=\"iq-list\">\r\n\t        <li>\r\n\t            <i class=\"fa fa-check-square-o\"><\/i>\r\n\t\t            <span style=\"color: #000000\">Tremo\u00e7os<\/span>        \r\n\t        <\/li>\r\n\t        <li>\r\n\t            <i class=\"fa fa-check-square-o\"><\/i>\r\n\t\t            <span style=\"color: #000000\">Atum<\/span>        \r\n\t        <\/li>\r\n\t        <li>\r\n\t            <i class=\"fa fa-check-square-o\"><\/i>\r\n\t\t            <span style=\"color: #000000\">Banha de Porco<\/span>        \r\n\t        <\/li>\r\n\t        <li>\r\n\t            <i class=\"fa fa-check-square-o\"><\/i>\r\n\t\t            <span style=\"color: #000000\">Malagueta<\/span>        \r\n\t        <\/li>\r\n\t\t<\/ul>\r\n\t<\/div><\/div><\/div><\/div><div class=\"wpb_column vc_column_container vc_col-sm-12 vc_col-lg-1\/5 vc_col-md-1\/5\"><div class=\"vc_column-inner\"><div class=\"wpb_wrapper\">\r\n\t<div class=\"text-left\">\r\n\t\t<ul class=\"iq-list\">\r\n\t        <li>\r\n\t            <i class=\"fa fa-check-square-o\"><\/i>\r\n\t\t            <span style=\"color: #000000\">Pepino em Vinagre<\/span>        \r\n\t        <\/li>\r\n\t        <li>\r\n\t            <i class=\"fa fa-check-square-o\"><\/i>\r\n\t\t            <span style=\"color: #000000\">Salsichas<\/span>        \r\n\t        <\/li>\r\n\t        <li>\r\n\t            <i class=\"fa fa-check-square-o\"><\/i>\r\n\t\t            <span style=\"color: #000000\">Carac\u00f3is<\/span>        \r\n\t        <\/li>\r\n\t        <li>\r\n\t            <i class=\"fa fa-check-square-o\"><\/i>\r\n\t\t            <span style=\"color: #000000\">Azeitonas<\/span>        \r\n\t        <\/li>\r\n\t\t<\/ul>\r\n\t<\/div><\/div><\/div><\/div><\/div><div data-vc-full-width=\"true\" data-vc-full-width-init=\"false\" class=\"vc_row wpb_row vc_row-fluid effect-banner vc_custom_1571218039705 vc_row-has-fill\"><div class=\"wpb_column vc_column_container vc_col-sm-12\"><div class=\"vc_column-inner\"><div class=\"wpb_wrapper\"><div class=\"vc_row wpb_row vc_inner vc_row-fluid vc_row-o-equal-height vc_row-o-content-middle vc_row-flex\"><div class=\"wpb_column vc_column_container vc_col-sm-6 vc_col-lg-5 vc_col-md-5\"><div class=\"vc_column-inner\"><div class=\"wpb_wrapper\"><div class=\"title-box text-white  text-left\"><span class=\"title-design\">Macro-Frio<\/span><h2 class=\"title\">Cat\u00e1logos<\/h2><\/div><\/div><\/div><\/div><div class=\"wpb_column vc_column_container vc_col-sm-12 vc_col-lg-5 vc_col-md-5\"><div class=\"vc_column-inner\"><div class=\"wpb_wrapper\">\n\t<div class=\"wpb_text_column wpb_content_element  mb-0 text-white\" >\n\t\t<div class=\"wpb_wrapper\">\n\t\t\t<p align=\" justify\">Consulte aqui os nossos cat\u00e1logos e descubra a variedade de produtos da Macro-Frio.<\/p>\n\n\t\t<\/div>\n\t<\/div>\n<\/div><\/div><\/div><div class=\"wpb_column vc_column_container vc_col-sm-2\"><div class=\"vc_column-inner\"><div class=\"wpb_wrapper\"><\/div><\/div><\/div><\/div><div class=\"vc_row wpb_row vc_inner vc_row-fluid flip-effect-owl vc_custom_1567657026307\"><div class=\"wpb_column vc_column_container vc_col-sm-12\"><div class=\"vc_column-inner\"><div class=\"wpb_wrapper\">\n        <div class=\"row\">\n            <div class=\"col-sm-12\"><div class=\"owl-carousel\" data-dots=\"false\" data-nav=\"true\" data-items=\"3\" data-items-laptop=\"3\" data-items-tab=\"2\" data-items-mobile=\"1\" data-items-mobile-sm=\"1\" data-autoplay=\"true\" data-loop=\"true\" data-margin=\"30\"><div class=\"flip-box\"><div class=\"flip-box-inner text-white\"><div class=\"flip-box-front\"><img decoding=\"async\" src=\"https:\/\/macro-frio.pt\/wp-content\/uploads\/2020\/10\/precozinhados.jpg\" class=\"img-fluid\" alt=\"service\"><div class=\"centered text-set text-\"><div class=\"badge\"><\/div><h4>Pr\u00e9-Cozinhados<\/h4><p>Descubra toda a nossa gama de pr\u00e9-cozinhados.<\/p><\/div><\/div><div class=\"flip-box-back\"><img decoding=\"async\" src=\"https:\/\/macro-frio.pt\/wp-content\/uploads\/2020\/10\/precozinhados.jpg\" class=\"img-fluid service\" alt=\"flip\"><a class=\"button-flip centered\" href=\"http:\/\/data.axmag.com\/data\/201705\/20170512\/U113938_F439870\/FLASH\/index.html\">Abrir<\/a><\/div><\/div><\/div><div class=\"flip-box\"><div class=\"flip-box-inner text-white\"><div class=\"flip-box-front\"><img decoding=\"async\" src=\"https:\/\/macro-frio.pt\/wp-content\/uploads\/2020\/10\/carne.jpg\" class=\"img-fluid\" alt=\"service\"><div class=\"centered text-set text-\"><div class=\"badge\"><\/div><h4>Carnes<\/h4><p>Descubra toda a nossa gama de carnes.<\/p><\/div><\/div><div class=\"flip-box-back\"><img decoding=\"async\" src=\"https:\/\/macro-frio.pt\/wp-content\/uploads\/2020\/10\/carne.jpg\" class=\"img-fluid service\" alt=\"flip\"><a class=\"button-flip centered\" href=\"https:\/\/www.flipbookpdf.net\/web\/site\/3646f8ce8a7b2ef3a0f1af86e530c64cb31ffa24202011.pdf.html\">Abrir<\/a><\/div><\/div><\/div><div class=\"flip-box\"><div class=\"flip-box-inner text-white\"><div class=\"flip-box-front\"><img decoding=\"async\" src=\"https:\/\/macro-frio.pt\/wp-content\/uploads\/2020\/10\/peixe.jpg\" class=\"img-fluid\" alt=\"service\"><div class=\"centered text-set text-\"><div class=\"badge\"><\/div><h4>Peixes<\/h4><p>Descubra toda a nossa gama de peixes.<\/p><\/div><\/div><div class=\"flip-box-back\"><img decoding=\"async\" src=\"https:\/\/macro-frio.pt\/wp-content\/uploads\/2020\/10\/peixe.jpg\" class=\"img-fluid service\" alt=\"flip\"><a class=\"button-flip centered\" href=\"http:\/\/data.axmag.com\/data\/201601\/20160112\/U142868_F366836\/FLASH\/index.html\">Abrir<\/a><\/div><\/div><\/div><div class=\"flip-box\"><div class=\"flip-box-inner text-white\"><div class=\"flip-box-front\"><img decoding=\"async\" src=\"https:\/\/macro-frio.pt\/wp-content\/uploads\/2020\/10\/charcutaria.jpg\" class=\"img-fluid\" alt=\"service\"><div class=\"centered text-set text-\"><div class=\"badge\"><\/div><h4>Charcutaria<\/h4><p>Descubra toda a nossa gama de charcutaria.<\/p><\/div><\/div><div class=\"flip-box-back\"><img decoding=\"async\" src=\"https:\/\/macro-frio.pt\/wp-content\/uploads\/2020\/10\/charcutaria.jpg\" class=\"img-fluid service\" alt=\"flip\"><a class=\"button-flip centered\" href=\"http:\/\/data.axmag.com\/data\/201601\/20160112\/U142868_F366837\/FLASH\/index.html\">Abrir<\/a><\/div><\/div><\/div><div class=\"flip-box\"><div class=\"flip-box-inner text-white\"><div class=\"flip-box-front\"><img decoding=\"async\" src=\"https:\/\/macro-frio.pt\/wp-content\/uploads\/2020\/10\/legumes.jpg\" class=\"img-fluid\" alt=\"service\"><div class=\"centered text-set text-\"><div class=\"badge\"><\/div><h4>Legumes e Enlatados<\/h4><p>Descubra toda a nossa gama de legumes.<\/p><\/div><\/div><div class=\"flip-box-back\"><img decoding=\"async\" src=\"https:\/\/macro-frio.pt\/wp-content\/uploads\/2020\/10\/legumes.jpg\" class=\"img-fluid service\" alt=\"flip\"><a class=\"button-flip centered\" href=\"http:\/\/data.axmag.com\/data\/201705\/20170512\/U113938_F439866\/FLASH\/index.html\">Abrir<\/a><\/div><\/div><\/div>\n                <\/div>\n            <\/div>\n        <\/div><\/div><\/div><\/div><\/div><\/div><\/div><\/div><\/div><div class=\"vc_row-full-width vc_clearfix\"><\/div>","protected":false},"excerpt":{"rendered":"Descubra toda a nossa gama de legumes.","protected":false},"author":1,"featured_media":0,"parent":0,"menu_order":0,"comment_status":"closed","ping_status":"closed","template":"full-page.php","meta":{"footnotes":""},"class_list":["post-4199","page","type-page","status-publish","hentry"],"_links":{"self":[{"href":"http:\/\/macro-frio.pt\/de\/wp-json\/wp\/v2\/pages\/4199","targetHints":{"allow":["GET"]}}],"collection":[{"href":"http:\/\/macro-frio.pt\/de\/wp-json\/wp\/v2\/pages"}],"about":[{"href":"http:\/\/macro-frio.pt\/de\/wp-json\/wp\/v2\/types\/page"}],"author":[{"embeddable":true,"href":"http:\/\/macro-frio.pt\/de\/wp-json\/wp\/v2\/users\/1"}],"replies":[{"embeddable":true,"href":"http:\/\/macro-frio.pt\/de\/wp-json\/wp\/v2\/comments?post=4199"}],"version-history":[{"count":7,"href":"http:\/\/macro-frio.pt\/de\/wp-json\/wp\/v2\/pages\/4199\/revisions"}],"predecessor-version":[{"id":4202,"href":"http:\/\/macro-frio.pt\/de\/wp-json\/wp\/v2\/pages\/4199\/revisions\/4202"}],"wp:attachment":[{"href":"http:\/\/macro-frio.pt\/de\/wp-json\/wp\/v2\/media?parent=4199"}],"curies":[{"name":"wp","href":"https:\/\/api.w.org\/{rel}","templated":true}]}}